{"id":921,"date":"2023-08-11T12:15:10","date_gmt":"2023-08-11T10:15:10","guid":{"rendered":"https:\/\/warszawa.sereni.pl\/?page_id=921"},"modified":"2024-04-04T14:50:41","modified_gmt":"2024-04-04T12:50:41","slug":"rodo","status":"publish","type":"page","link":"https:\/\/warszawa.sereni.pl\/pl\/rodo\/","title":{"rendered":"POLITYKA PRYWATNO\u015aCI SERENI"},"content":{"rendered":"\n<p class=\"normal\">Zgodnie z art. 13 oraz 14 rozporz\u0105dzenia Parlamentu Europejskiego i Rady (UE) 2016\/679 z dnia 27 kwietnia 2016 r. w sprawie ochrony os\u00f3b fizycznych w zwi\u0105zku z przetwarzaniem danych osobowych i w sprawie swobodnego przep\u0142ywu takich danych oraz uchylenia dyrektywy 95\/46\/WE (dalej: \u201e<strong>RODO<\/strong>\u201d), informujemy, \u017ce:<\/p>\n\n\n\n<ol class=\"wp-block-list\">\n<li><strong><\/strong><strong>Sereni: administrator danych osobowych<\/strong><\/li>\n<\/ol>\n\n\n\n<p class=\"normal\">Sereni Poland sp\u00f3\u0142ka z ograniczon\u0105 odpowiedzialno\u015bci\u0105 z siedzib\u0105 w Warszawie, ul. Rondo Ignacego Daszy\u0144skiego 2B, 00-843 Warszawa, (dokumentacja sp\u00f3\u0142ki jest przechowywana przez S\u0105d Rejonowy dla m st. Warszawy, XII Wydzia\u0142 Gospodarczy Krajowego Rejestru S\u0105dowego, wpisana jest do rejestru przedsi\u0119biorc\u00f3w KRS pod numerem KRS: 0000988725, REGON 52301505700000, NIP 7011104014, o kapitale zak\u0142adowym 5&nbsp;000,00 PLN), dalej: \u201e<strong>Sereni<\/strong>\u201d lub \u201e<strong>Administrator<\/strong>\u201d. jest administratorem Pani \/ Pana danych osobowych.<\/p>\n\n\n\n<ul class=\"wp-block-list\">\n<li><strong><\/strong><strong>Podmioty danych<\/strong><\/li>\n<\/ul>\n\n\n\n<p class=\"normal\">Sereni przetwarza dane osobowe nast\u0119puj\u0105cych podmiot\u00f3w: os\u00f3b korzystaj\u0105cych ze strony internetowej Administratora, kontrahent\u00f3w i reprezentant\u00f3w kontrahent\u00f3w Sereni, os\u00f3b kontaktuj\u0105cych si\u0119 z Sereni, pracownik\u00f3w, zleceniobiorc\u00f3w, wykonawc\u00f3w Administratora oraz kandydat\u00f3w do pracy.<\/p>\n\n\n\n<ul class=\"wp-block-list\">\n<li><strong><\/strong><strong>Kategorie danych<\/strong><\/li>\n<\/ul>\n\n\n\n<p class=\"normal\">Przetwarzane przez Administratora dane osobowe obejmuj\u0105:<\/p>\n\n\n\n<ol class=\"wp-block-list\" style=\"list-style-type:lower-alpha\">\n<li>dane osobowe kontrahent\u00f3w oraz os\u00f3b fizycznych reprezentuj\u0105cych kontrahent\u00f3w Administratora: imi\u0119, nazwisko, adres e-mail, numer telefonu, stanowisko lub funkcja, adresy s\u0142u\u017cbowej poczty elektronicznej, firma, NIP;<ol><li>dane osobowe os\u00f3b korzystaj\u0105cych ze <a href=\"https:\/\/sereni.pl\/\">strony internetowej Sereni<\/a> (\u201e<strong>Strona <\/strong><strong>Sereni<\/strong>\u201d), tj. dane zawarte w formularzu kontaktowym, je\u017celi osoba odwiedzaj\u0105ca Stron\u0119 Sereni z niego skorzysta: adres IP komputera, imi\u0119, nazwisko, firma, adres e-mail oraz jakiekolwiek dane, jakie podmiot kontaktuj\u0105cy si\u0119 z Administratorem zawrze w wiadomo\u015bci do Administratora;<\/li><\/ol><ol><li>dane osobowe os\u00f3b kontaktuj\u0105cych si\u0119 z Administratorem poprzez formularz kontaktowy na Stronie Sereni lub drog\u0105 mailow\u0105: imi\u0119 i nazwisko, firm\u0119, adres e-mail oraz jakiekolwiek dane, jakie podmiot kontaktuj\u0105cy si\u0119 z Administratorem zawrze w wiadomo\u015bci do Administratora;<\/li><\/ol><ol><li>dane osobowe kandydat\u00f3w do pracy: imi\u0119 i nazwisko, adres zamieszkania, numer telefonu, adres e-mail oraz jakiekolwiek dane zamieszczone przez kandydata w zg\u0142oszeniu rekrutacyjnym;<\/li><\/ol><ol><li>dane osobowe pracownik\u00f3w, zleceniobiorc\u00f3w i wykonawc\u00f3w Sereni;<\/li><\/ol>\n<ol class=\"wp-block-list\">\n<li>je\u017celi to niezb\u0119dne dla realizacji zapytania klienta: dane osobowe os\u00f3b kontaktuj\u0105cych si\u0119 telefonicznie z Administratorem: imi\u0119 i nazwisko, nazwa klienta\/NIP\/firma, nr telefonu, adres e-mail.<\/li>\n<\/ol>\n<\/li>\n<\/ol>\n\n\n\n<ul class=\"wp-block-list\">\n<li><strong><\/strong><strong>Cele i podstawy prawne przetwarzania danych osobowych<\/strong><strong><\/strong><\/li>\n<\/ul>\n\n\n\n<p class=\"normal\">Dane osobowe b\u0119d\u0105 przetwarzane w celach:<\/p>\n\n\n\n<ol class=\"wp-block-list\" style=\"list-style-type:lower-alpha\">\n<li>zawarcia i realizacji um\u00f3w z Administratorem;<\/li>\n\n\n\n<li>sk\u0142adania osobom zainteresowanym indywidualnych ofert;<\/li>\n\n\n\n<li>wystawiania i przechowywania dokument\u00f3w ksi\u0119gowych;<\/li>\n\n\n\n<li>marketingowych;<\/li>\n\n\n\n<li>realizacji promocji organizowanych przez Administratora;<\/li>\n\n\n\n<li>prowadzenia rekrutacji;<\/li>\n\n\n\n<li>kontaktu z osobami kieruj\u0105cymi zapytania lub wiadomo\u015bci do Administratora za pomoc\u0105 formularza kontaktowego lub drog\u0105 mailow\u0105 albo w formie telefonicznej;<\/li>\n\n\n\n<li>bie\u017c\u0105cej obs\u0142ugi klient\u00f3w.<\/li>\n<\/ol>\n\n\n\n<p class=\"normal\">Podstawy prawne przetwarzania danych osobowych stanowi\u0105:<\/p>\n\n\n\n<ol class=\"wp-block-list\" style=\"list-style-type:lower-alpha\">\n<li>zgoda na podstawie art. 6 ust. 1 lit. a) RODO \u2013 w przypadku wys\u0142ania formularza na&nbsp;https:\/\/sereni.pl\/kontakt\/ w celu wysy\u0142ania informacji handlowych za po\u015brednictwem kana\u0142\u00f3w wskazanych w formularzu kontaktowym, a tak\u017ce w celu odpowiedzi na zapytanie wys\u0142ane przy u\u017cyciu formularza;<\/li>\n\n\n\n<li>zgoda na podstawie art. 6 ust. 1 lit. a) RODO tj.\u2013 w celu przeprowadzenia procesu rekrutacji;<\/li>\n\n\n\n<li>niezb\u0119dno\u015b\u0107 przetwarzania danych osobowych do zawarcia i wykonania umowy, w tym umowy z kontrahentami i klientami Sereni, a tak\u017ce niezb\u0119dno\u015b\u0107 do podj\u0119cia dzia\u0142a\u0144 na \u017c\u0105danie osoby, kt\u00f3rej dane dotycz\u0105 przed zawarciem umowy na podstawie art. 6 ust. 1 lit. b) RODO \u2013 w przypadku negocjowania i zawierania um\u00f3w z klientami lub potencjalnymi klientami Sereni;<\/li>\n\n\n\n<li>obowi\u0105zek prawny na podstawie art. 6 ust. 1 lit. c) RODO \u2013 w przypadku wystawienia faktury lub innego dokumentu ksi\u0119gowego i przechowywania ich w dokumentacji ksi\u0119gowej;<\/li>\n\n\n\n<li>prawnie uzasadniony interes Administratora polegaj\u0105cy na mo\u017cliwo\u015bci ustalenia i dochodzenia przez Administratora roszcze\u0144 oraz obrony przed roszczeniami na podstawie art. 6 ust. 1 lit. f) RODO;<\/li>\n\n\n\n<li>prawnie uzasadniony interes Administratora polegaj\u0105cy na organizacji i przeprowadzeniu program\u00f3w promocyjnych organizowanych przez Administratora na podstawie art. 6 ust. 1 lit. f) RODO.<\/li>\n<\/ol>\n\n\n\n<ul class=\"wp-block-list\">\n<li><strong><\/strong><strong>Odbiorcy danych osobowych<\/strong><\/li>\n<\/ul>\n\n\n\n<p class=\"normal\">Dane osobowe mog\u0105 by\u0107 udost\u0119pnione podmiotom upowa\u017cnionym na podstawie przepis\u00f3w powszechnie obowi\u0105zuj\u0105cego prawa, w szczeg\u00f3lno\u015bci instytucjom uprawnionym do kontroli dzia\u0142alno\u015bci Sereni lub instytucjom uprawnionym do uzyskania danych osobowych na podstawie przepis\u00f3w prawa, a tak\u017ce podmiotom \u015bwiadcz\u0105cym na rzecz Sereni us\u0142ugi z zakresu outsourcingu proces\u00f3w ksi\u0119gowych, audytorom, doradcom prawnym lub podatkowym oraz dostawcom us\u0142ug IT.<\/p>\n\n\n\n<p class=\"normal\">Dost\u0119p do danych osobowych maj\u0105 tylko osoby, w przypadku kt\u00f3rych istnieje uzasadnienie takiego dost\u0119pu z uwagi na wykonywane zadania i \u015bwiadczone us\u0142ugi. Wszystkie osoby upowa\u017cnione do przetwarzania danych osobowych s\u0105 zobowi\u0105zane do zachowania poufno\u015bci danych i ich zabezpieczenia przed ujawnieniem osobom nieuprawnionym.<\/p>\n\n\n\n<ul class=\"wp-block-list\">\n<li><strong><\/strong><strong>Okres przechowywania danych<\/strong><\/li>\n<\/ul>\n\n\n\n<p class=\"normal\">Pa\u0144stwa dane osobowe b\u0119d\u0105 przechowywane przez:<\/p>\n\n\n\n<ol class=\"wp-block-list\" style=\"list-style-type:lower-alpha\">\n<li>okres realizacji umowy zawartej z klientem oraz po jej wyga\u015bni\u0119ciu do ko\u0144ca okresu przedawnienia ewentualnych roszcze\u0144; albo<\/li>\n\n\n\n<li>okres realizacji umowy zawartej z kontrahentem; albo<\/li>\n\n\n\n<li>okres wynikaj\u0105cy z w\u0142a\u015bciwych przepis\u00f3w prawa; albo<\/li>\n\n\n\n<li>okres obowi\u0105zywania program\u00f3w promocyjnych Administratora; albo<\/li>\n\n\n\n<li>w przypadku przetwarzania danych w celach marketingowych do momentu wycofania zgody; albo<\/li>\n\n\n\n<li>okres trwania rekrutacji &#8211; w przypadku wyra\u017cenia zgody na przetwarzanie danych osobowych w procesach rekrutacji prowadzonych w przysz\u0142o\u015bci dane b\u0119d\u0105 przetwarzane do czasu wycofania zgody, jednak nie d\u0142u\u017cej ni\u017c 12 miesi\u0119cy,<\/li>\n<\/ol>\n\n\n\n<p class=\"normal\">W przypadku zg\u0142oszenia roszczenia przez dan\u0105 osob\u0119 okres przechowywania i przetwarzania jej danych osobowych mo\u017ce ulec przed\u0142u\u017ceniu, je\u015bli b\u0119dzie to niezb\u0119dne dla rozpatrzenia roszczenia i ewentualnej obrony przed takim roszczeniem.<\/p>\n\n\n\n<ul class=\"wp-block-list\">\n<li><strong><\/strong><strong>Zabezpieczenia<\/strong><\/li>\n<\/ul>\n\n\n\n<p class=\"normal\">Administrator podejmuje odpowiednie dzia\u0142ania techniczne i organizacyjne w celu ochrony Pa\u0144stwa danych osobowych. Pa\u0144stwa dane osobowe s\u0105 dost\u0119pne tylko dla os\u00f3b, kt\u00f3re potrzebuj\u0105 ich do cel\u00f3w i zada\u0144 opisanych w niniejszej polityce prywatno\u015bci (np. pracownicy dzia\u0142u kadr, administratorzy system\u00f3w informatycznych). Wszystkie te osoby s\u0105 zobowi\u0105zane do traktowania danych osobowych w spos\u00f3b poufny i wy\u0142\u0105cznie zgodnie z obowi\u0105zuj\u0105cymi przepisami i regulacjami w zakresie ochrony danych osobowych. Dane s\u0105 nam przekazywane w formie niezaszyfrowanej, za pomoc\u0105 otwartej, transgranicznej sieci dost\u0119pnej dla ka\u017cdego. Jednak\u017ce Administrator wdro\u017cy\u0142 \u015brodki bezpiecze\u0144stwa w celu ochrony danych przed nieuprawnionym dost\u0119pem oraz zapewnienia autentyczno\u015bci strony internetowej, integralno\u015bci danych oraz poufno\u015bci danych przekazywanych za po\u015brednictwem sieci wewn\u0119trznej Administratora.<\/p>\n\n\n\n<ul class=\"wp-block-list\">\n<li><strong><\/strong><strong>Zasady gromadzenia danych osobowych<\/strong><\/li>\n<\/ul>\n\n\n\n<p class=\"normal\">Podanie danych osobowych jest dobrowolne, ale niezb\u0119dne do: zawarcia i realizacji umowy z Administratorem, komunikacji z administratorem przy u\u017cyciu formularza, udzia\u0142u w programach promocyjnych oraz udzia\u0142u w procesie rekrutacyjnym.<\/p>\n\n\n\n<ul class=\"wp-block-list\">\n<li><strong><\/strong><strong>\u0179r\u00f3d\u0142o pochodzenia danych osobowych<\/strong><\/li>\n<\/ul>\n\n\n\n<p class=\"normal\">\u0179r\u00f3d\u0142o pochodzenia danych osobowych os\u00f3b, kt\u00f3rych dane dotycz\u0105, lub kontrahent\u00f3w Administratora:<\/p>\n\n\n\n<ol class=\"wp-block-list\" style=\"list-style-type:lower-alpha\">\n<li>kontrahenci Administratora,<\/li>\n\n\n\n<li>klienci Administratora<\/li>\n\n\n\n<li>osoby korzystaj\u0105ce ze Strony Sereni,<\/li>\n\n\n\n<li>osoby kontaktuj\u0105ce si\u0119 z Administratorem,<\/li>\n\n\n\n<li>kandydaci do pracy,<\/li>\n\n\n\n<li>pracownicy, wsp\u00f3\u0142pracownicy, wykonawcy, zleceniobiorcy.<\/li>\n<\/ol>\n\n\n\n<p class=\"normal\">\u0179r\u00f3d\u0142em pochodzenia danych osobowych reprezentant\u00f3w kontrahent\u00f3w s\u0105 kontrahenci Administratora.<\/p>\n\n\n\n<ol class=\"wp-block-list\">\n<li><strong><\/strong><strong>Przekazywanie danych osobowych do pa\u0144stw trzecich i organizacji mi\u0119dzynarodowych<\/strong><\/li>\n<\/ol>\n\n\n\n<p class=\"normal\">Dane osobowe mog\u0105 by\u0107 przekazywane do pa\u0144stw trzecich spoza Europejskiego Obszaru Gospodarczego (\u201e<strong>EOG<\/strong>\u201d<strong>)<\/strong>, w tym w zwi\u0105zku z korzystaniem oprogramowania, kt\u00f3rego serwery znajduj\u0105 si\u0119 poza EOG. W takich przypadkach Administrator przekazuje dane osobowe zgodnie z wymogami RODO, zawartymi m.in. w art. 46 RODO, w szczeg\u00f3lno\u015bci na podstawie standardowych klauzul umownych.<\/p>\n\n\n\n<ol class=\"wp-block-list\">\n<li><strong><\/strong><strong>Prawa zwi\u0105zane z przetwarzaniem danych osobowych<\/strong><\/li>\n<\/ol>\n\n\n\n<p class=\"normal\">Osoba, kt\u00f3rej dane dotycz\u0105, mo\u017ce skorzysta\u0107 z nast\u0119puj\u0105cych praw:<\/p>\n\n\n\n<ol class=\"wp-block-list\" style=\"list-style-type:lower-alpha\">\n<li>prawa \u017c\u0105dania dost\u0119pu do swoich danych osobowych, a tak\u017ce otrzymania ich kopii,<\/li>\n\n\n\n<li>prawa do sprostowania swoich danych osobowych,<\/li>\n\n\n\n<li>prawa do usuni\u0119cia swoich danych osobowych,<\/li>\n\n\n\n<li>prawa do ograniczenia przetwarzania danych osobowych,<\/li>\n\n\n\n<li>prawa do wniesienia sprzeciwu wobec przetwarzania danych osobowych \u2013 konieczne jest wskazanie szczeg\u00f3lnej sytuacji, kt\u00f3ra w Pa\u0144stwa ocenie uzasadnia zaprzestanie przetwarzania,<\/li>\n\n\n\n<li>prawa do przenoszenia danych \u2013 je\u017celi Administrator uzyska\u0142 dane osobowe na podstawie Pa\u0144stwa zgody lub umowy,<\/li>\n\n\n\n<li>prawa do cofni\u0119cia zgody na przetwarzanie danych osobowych w okre\u015blonym celu \u2013 o ile podstaw\u0105 przetwarzania Pa\u0144stwa danych osobowych jest zgoda,<\/li>\n\n\n\n<li>prawa do wniesienia skargi do organu nadzorczego w zwi\u0105zku z przetwarzaniem danych osobowych przez Administratora \u2013 organem nadzorczym jest Prezes Urz\u0119du Ochrony Danych Osobowych, ul. Stawki 2, 00-193 Warszawa.<\/li>\n\n\n\n<li><strong><\/strong><strong>Zautomatyzowane podejmowanie decyzji, w tym profilowanie<\/strong><\/li>\n<\/ol>\n\n\n\n<p class=\"normal\">Administrator nie dokonuje zautomatyzowanego podejmowania decyzji, w tym decyzji b\u0119d\u0105cych wynikiem profilowania w oparciu o Pa\u0144stwa dane osobowe.<\/p>\n\n\n\n<ol class=\"wp-block-list\">\n<li><strong><\/strong><strong>Kontakt z Administratorem<\/strong><\/li>\n<\/ol>\n\n\n\n<p class=\"normal\">Kontakt z Administratorem mog\u0105 Pa\u0144stwo nawi\u0105za\u0107 poprzez:<\/p>\n\n\n\n<ol class=\"wp-block-list\" style=\"list-style-type:lower-alpha\">\n<li>wiadomo\u015b\u0107 e-mail na adres: rodo@sereni.pl<\/li>\n\n\n\n<li>wysy\u0142aj\u0105c list na adres siedziby Administratora.<\/li>\n<\/ol>\n\n\n\n<p class=\"normal\">Osoba, kt\u00f3ra z\u0142o\u017cy\u0142a wniosek lub \u017c\u0105danie dotycz\u0105ce przetwarzania jej danych osobowych, w ramach korzystania z przys\u0142uguj\u0105cych jej praw, mo\u017ce zosta\u0107 poproszona o odpowied\u017a na kilka pyta\u0144, kt\u00f3re umo\u017cliwi\u0105 weryfikacj\u0119 jej to\u017csamo\u015bci.<\/p>\n\n\n\n<ol class=\"wp-block-list\">\n<li><strong><\/strong><strong>Pliki cookie<\/strong><\/li>\n<\/ol>\n\n\n\n<p class=\"normal\">Strony internetowe Administratora u\u017cywaj\u0105 r\u00f3wnie\u017c plik\u00f3w cookies do \u015bledzenia sposobu korzystania ze strony. Pliki cookies to ma\u0142e pliki danych, kt\u00f3re portal internetowy pozostawia na komputerze, tablecie lub smartfonie podczas wizyty na danej stronie. Za pomoc\u0105 plik\u00f3w cookies witryna mo\u017ce \u201ezapami\u0119tywa\u0107\u201d niekt\u00f3re dane wej\u015bciowe i ustawienia (np. login, j\u0119zyk, wielko\u015b\u0107 czcionki i inne preferencje) na pewien okres, a u\u017cytkownik nie musi ponownie wprowadza\u0107 tych parametr\u00f3w podczas ponownej wizyty lub korzystania z portalu.<\/p>\n\n\n\n<p class=\"normal\"><strong>Cookies \u201eserwisowe\u201d<\/strong><\/p>\n\n\n\n<p class=\"normal\">Administrator wykorzystuje tzw. cookies serwisowe przede wszystkim w celu dostarczania u\u017cytkownikowi us\u0142ug \u015bwiadczonych drog\u0105 elektroniczn\u0105. Pliki cookies wykorzystywane w tym celu obejmuj\u0105 pliki cookies z danymi wprowadzanymi przez u\u017cytkownika (identyfikator sesji) na\u202fczas trwania sesji (ang. user input cookies).<\/p>\n\n\n\n<p class=\"normal\"><strong>Cookies \u201eanalityczne\u201d<\/strong><\/p>\n\n\n\n<p class=\"normal\">Administrator wykorzystuje tzw. cookies analityczne, w celu poprawy jako\u015bci us\u0142ug na stronach internetowych. W \u202fzwi\u0105zku z tym Administrator oraz inne podmioty, \u015bwiadcz\u0105ce na jego rzecz us\u0142ugi analityczne i statystyczne, korzystaj\u0105 z plik\u00f3w cookies, przechowuj\u0105c informacje lub uzyskuj\u0105c dost\u0119p do informacji ju\u017c przechowywanych w telekomunikacyjnym urz\u0105dzeniu ko\u0144cowym u\u017cytkownika (komputer, telefon, tablet itp.). Pliki cookies wykorzystywane w tym celu obejmuj\u0105 pliki cookies Google Analytics s\u0142u\u017c\u0105ce do analizy sposobu korzystania ze stron internetowych przez u\u017cytkownika, do \u202ftworzenia statystyk i \u202fraport\u00f3w dotycz\u0105cych funkcjonowania stron internetowych.<\/p>\n\n\n\n<p class=\"normal\"><strong>Cookies \u201emarketingowe\u201d<\/strong><\/p>\n\n\n\n<p class=\"normal\">Administrator oraz jego zaufani partnerzy, wykorzystuj\u0105 r\u00f3wnie\u017c pliki cookies do cel\u00f3w marketingowych, m.in. w zwi\u0105zku z kierowaniem do u\u017cytkownik\u00f3w reklamy behawioralnej. W tym celu Administrator oraz zaufani partnerzy przechowuj\u0105 informacje lub uzyskuj\u0105 dost\u0119p do informacji ju\u017c przechowywanych w telekomunikacyjnym urz\u0105dzeniu ko\u0144cowym u\u017cytkownika (komputer, telefon, tablet itp.).<\/p>\n\n\n\n<ol class=\"wp-block-list\">\n<li><strong><\/strong><strong>Zarz\u0105dzanie ustawieniami cookies<\/strong><\/li>\n<\/ol>\n\n\n\n<p class=\"normal\">Serwisowe pliki cookies, kt\u00f3re s\u0105 niezb\u0119dne do korzystania ze strony internetowej, s\u0105 automatycznie instalowane w urz\u0105dzeniu u\u017cytkownika. Ich stosowanie jest niezb\u0119dne do \u015bwiadczenia us\u0142ugi telekomunikacyjnej (transmisja danych w celu wy\u015bwietlenia tre\u015bci) \u2013 u\u017cytkownik nie ma mo\u017cliwo\u015bci zrezygnowania z tych plik\u00f3w cookies, je\u015bli chce korzysta\u0107 ze stron internetowych.<\/p>\n\n\n\n<p class=\"normal\">Analityczne oraz marketingowe pliki cookies nie s\u0105 automatycznie instalowane przez Administratora. U\u017cytkownik mo\u017ce udzieli\u0107 Administratorowi zezwolenia na instalacj\u0119 analitycznych plik\u00f3w cookies poprzez wyra\u017cenie zgody.<\/p>\n\n\n\n<p class=\"normal\">U\u017cytkownik mo\u017ce wyrazi\u0107 zgod\u0119 na instalacj\u0119 analitycznych oraz marketingowych plik\u00f3w cookies poprzez klikni\u0119cie przycisku \u201eZaakceptuj wszystkie\u201d na banerze pojawiaj\u0105cym si\u0119 po wej\u015bciu na stron\u0119 internetow\u0105. W\u00f3wczas Administrator b\u0119dzie uprawniony do instalacji analitycznych oraz marketingowych plik\u00f3w cookies zgodnie z ustawieniami przegl\u0105darki wykorzystywanej przez u\u017cytkownika (w przypadku ustawie\u0144 domy\u015blnych instalowane s\u0105 wszystkie pliki cookies).<\/p>\n\n\n\n<p class=\"normal\">U\u017cytkownik mo\u017ce wyrazi\u0107 zgod\u0119 na instalacj\u0119 tylko wybranych analitycznych lub marketingowych plik\u00f3w cookies. W tym celu wystarczy klikn\u0105\u0107 przycisk \u201eZarz\u0105dzaj ustawieniami cookie\u201d na banerze pojawiaj\u0105cym si\u0119 po wej\u015bciu na stron\u0119 internetow\u0105 i wybra\u0107 pliki cookies, na kt\u00f3rych instalacj\u0119 u\u017cytkownik chce wyrazi\u0107 zgod\u0119. U\u017cytkownik mo\u017ce wycofa\u0107 udzielon\u0105 zgod\u0119 w dowolnym momencie. W tym celu u\u017cytkownik powinien zmieni\u0107 ustawienia przegl\u0105darki.<\/p>\n\n\n\n<p class=\"normal\">W przypadku braku wyra\u017cenia zgody lub w razie wycofania zgody na dany rodzaj i danego dostawc\u0119 plik\u00f3w cookies (w przypadku braku akceptacji instalacji plik\u00f3w cookies zgodnie z ustawieniami przegl\u0105darki) Administrator nie instaluje tego rodzaju plik\u00f3w cookies na urz\u0105dzeniu ko\u0144cowym u\u017cytkownika lub zaprzestaje ich przetwarzania.<\/p>\n","protected":false},"excerpt":{"rendered":"<p>Zgodnie z art. 13 oraz 14 rozporz\u0105dzenia Parlamentu Europejskiego i Rady (UE) 2016\/679 z dnia 27 kwietnia 2016 r. w<\/p>\n","protected":false},"author":2,"featured_media":0,"parent":0,"menu_order":0,"comment_status":"closed","ping_status":"closed","template":"","meta":{"_acf_changed":false,"footnotes":""},"class_list":["post-921","page","type-page","status-publish","hentry"],"acf":[],"yoast_head":"<!-- This site is optimized with the Yoast SEO plugin v25.8 - https:\/\/yoast.com\/wordpress\/plugins\/seo\/ -->\n<title>POLITYKA PRYWATNO\u015aCI SERENI - \u015ar\u00f3dmie\u015bcie<\/title>\n<meta name=\"description\" content=\"Pogrzeby. Oferujemy szeroki zakres us\u0142ug pogrzebowych na terenie Pi\u0142y i okolic. RODO, ochrona danych osobowych.\" \/>\n<meta name=\"robots\" content=\"noindex, nofollow\" \/>\n<meta property=\"og:locale\" content=\"pl_PL\" \/>\n<meta property=\"og:type\" content=\"article\" \/>\n<meta property=\"og:title\" content=\"POLITYKA PRYWATNO\u015aCI SERENI - \u015ar\u00f3dmie\u015bcie\" \/>\n<meta property=\"og:description\" content=\"Pogrzeby. Oferujemy szeroki zakres us\u0142ug pogrzebowych na terenie Pi\u0142y i okolic. RODO, ochrona danych osobowych.\" \/>\n<meta property=\"og:url\" content=\"https:\/\/warszawa.sereni.pl\/pl\/rodo\/\" \/>\n<meta property=\"og:site_name\" content=\"\u015ar\u00f3dmie\u015bcie\" \/>\n<meta property=\"article:modified_time\" content=\"2024-04-04T12:50:41+00:00\" \/>\n<meta name=\"twitter:card\" content=\"summary_large_image\" \/>\n<meta name=\"twitter:label1\" content=\"Szacowany czas czytania\" \/>\n\t<meta name=\"twitter:data1\" content=\"11 minut\" \/>\n<script type=\"application\/ld+json\" class=\"yoast-schema-graph\">{\"@context\":\"https:\/\/schema.org\",\"@graph\":[{\"@type\":\"WebPage\",\"@id\":\"https:\/\/warszawa.sereni.pl\/pl\/rodo\/\",\"url\":\"https:\/\/warszawa.sereni.pl\/pl\/rodo\/\",\"name\":\"POLITYKA PRYWATNO\u015aCI SERENI - \u015ar\u00f3dmie\u015bcie\",\"isPartOf\":{\"@id\":\"https:\/\/amabilis.sereni.pl\/pl\/#website\"},\"datePublished\":\"2023-08-11T10:15:10+00:00\",\"dateModified\":\"2024-04-04T12:50:41+00:00\",\"description\":\"Pogrzeby. Oferujemy szeroki zakres us\u0142ug pogrzebowych na terenie Pi\u0142y i okolic. RODO, ochrona danych osobowych.\",\"inLanguage\":\"pl-PL\",\"potentialAction\":[{\"@type\":\"ReadAction\",\"target\":[\"https:\/\/warszawa.sereni.pl\/pl\/rodo\/\"]}]},{\"@type\":\"WebSite\",\"@id\":\"https:\/\/amabilis.sereni.pl\/pl\/#website\",\"url\":\"https:\/\/amabilis.sereni.pl\/pl\/\",\"name\":\"\u015ar\u00f3dmie\u015bcie\",\"description\":\"Us\u0142ugi pogrzebowe Warszawa \u015ar\u00f3dmie\u015bcie\",\"potentialAction\":[{\"@type\":\"SearchAction\",\"target\":{\"@type\":\"EntryPoint\",\"urlTemplate\":\"https:\/\/amabilis.sereni.pl\/pl\/?s={search_term_string}\"},\"query-input\":{\"@type\":\"PropertyValueSpecification\",\"valueRequired\":true,\"valueName\":\"search_term_string\"}}],\"inLanguage\":\"pl-PL\"}]}<\/script>\n<!-- \/ Yoast SEO plugin. -->","yoast_head_json":{"title":"POLITYKA PRYWATNO\u015aCI SERENI - \u015ar\u00f3dmie\u015bcie","description":"Pogrzeby. Oferujemy szeroki zakres us\u0142ug pogrzebowych na terenie Pi\u0142y i okolic. RODO, ochrona danych osobowych.","robots":{"index":"noindex","follow":"nofollow"},"og_locale":"pl_PL","og_type":"article","og_title":"POLITYKA PRYWATNO\u015aCI SERENI - \u015ar\u00f3dmie\u015bcie","og_description":"Pogrzeby. Oferujemy szeroki zakres us\u0142ug pogrzebowych na terenie Pi\u0142y i okolic. RODO, ochrona danych osobowych.","og_url":"https:\/\/warszawa.sereni.pl\/pl\/rodo\/","og_site_name":"\u015ar\u00f3dmie\u015bcie","article_modified_time":"2024-04-04T12:50:41+00:00","twitter_card":"summary_large_image","twitter_misc":{"Szacowany czas czytania":"11 minut"},"schema":{"@context":"https:\/\/schema.org","@graph":[{"@type":"WebPage","@id":"https:\/\/warszawa.sereni.pl\/pl\/rodo\/","url":"https:\/\/warszawa.sereni.pl\/pl\/rodo\/","name":"POLITYKA PRYWATNO\u015aCI SERENI - \u015ar\u00f3dmie\u015bcie","isPartOf":{"@id":"https:\/\/amabilis.sereni.pl\/pl\/#website"},"datePublished":"2023-08-11T10:15:10+00:00","dateModified":"2024-04-04T12:50:41+00:00","description":"Pogrzeby. Oferujemy szeroki zakres us\u0142ug pogrzebowych na terenie Pi\u0142y i okolic. RODO, ochrona danych osobowych.","inLanguage":"pl-PL","potentialAction":[{"@type":"ReadAction","target":["https:\/\/warszawa.sereni.pl\/pl\/rodo\/"]}]},{"@type":"WebSite","@id":"https:\/\/amabilis.sereni.pl\/pl\/#website","url":"https:\/\/amabilis.sereni.pl\/pl\/","name":"\u015ar\u00f3dmie\u015bcie","description":"Us\u0142ugi pogrzebowe Warszawa \u015ar\u00f3dmie\u015bcie","potentialAction":[{"@type":"SearchAction","target":{"@type":"EntryPoint","urlTemplate":"https:\/\/amabilis.sereni.pl\/pl\/?s={search_term_string}"},"query-input":{"@type":"PropertyValueSpecification","valueRequired":true,"valueName":"search_term_string"}}],"inLanguage":"pl-PL"}]}},"_links":{"self":[{"href":"https:\/\/warszawa.sereni.pl\/pl\/wp-json\/wp\/v2\/pages\/921","targetHints":{"allow":["GET"]}}],"collection":[{"href":"https:\/\/warszawa.sereni.pl\/pl\/wp-json\/wp\/v2\/pages"}],"about":[{"href":"https:\/\/warszawa.sereni.pl\/pl\/wp-json\/wp\/v2\/types\/page"}],"author":[{"embeddable":true,"href":"https:\/\/warszawa.sereni.pl\/pl\/wp-json\/wp\/v2\/users\/2"}],"replies":[{"embeddable":true,"href":"https:\/\/warszawa.sereni.pl\/pl\/wp-json\/wp\/v2\/comments?post=921"}],"version-history":[{"count":6,"href":"https:\/\/warszawa.sereni.pl\/pl\/wp-json\/wp\/v2\/pages\/921\/revisions"}],"predecessor-version":[{"id":1681,"href":"https:\/\/warszawa.sereni.pl\/pl\/wp-json\/wp\/v2\/pages\/921\/revisions\/1681"}],"wp:attachment":[{"href":"https:\/\/warszawa.sereni.pl\/pl\/wp-json\/wp\/v2\/media?parent=921"}],"curies":[{"name":"wp","href":"https:\/\/api.w.org\/{rel}","templated":true}]}}