{"id":873,"date":"2023-08-11T11:14:16","date_gmt":"2023-08-11T09:14:16","guid":{"rendered":"https:\/\/warszawa.sereni.pl\/?page_id=873"},"modified":"2023-09-05T14:28:08","modified_gmt":"2023-09-05T12:28:08","slug":"o-sereni","status":"publish","type":"page","link":"https:\/\/warszawa.sereni.pl\/pl\/o-sereni\/","title":{"rendered":"O Sereni"},"content":{"rendered":"\n<div id=\"block-main-banner-block_1b4e5e794097b0a6837d936dbf71be63\" class=\"block-main-banner\">\n    <div class=\"container\">\n        <div class=\"banner-wrap layout2 content_right content_top\">\n            <div class=\"banner-image\">\n                                                            <img loading=\"lazy\" decoding=\"async\" width=\"872\" height=\"654\" src=\"https:\/\/shop.sereni.pl\/app\/uploads\/sites\/4\/2023\/08\/Rectangle-14.jpg\" class=\"attachment-full-stretched size-full-stretched\" alt=\"O Sereni\" srcset=\"https:\/\/shop.sereni.pl\/app\/uploads\/sites\/4\/2023\/08\/Rectangle-14.jpg 872w, https:\/\/shop.sereni.pl\/app\/uploads\/sites\/4\/2023\/08\/Rectangle-14-300x225.jpg 300w, https:\/\/shop.sereni.pl\/app\/uploads\/sites\/4\/2023\/08\/Rectangle-14-768x576.jpg 768w, https:\/\/shop.sereni.pl\/app\/uploads\/sites\/4\/2023\/08\/Rectangle-14-400x300.jpg 400w\" sizes=\"auto, (max-width: 872px) 100vw, 872px\" title=\"O Sereni\" \/>                                                <\/div>\n\n                            <div class=\"banner-content\">\n                    <div class=\"inner\">\n                        <h3 class=\"elementor-heading-title elementor-size-default\">Nasza Wizja<\/h3>\n<p class=\"elementor-heading-title elementor-size-default\">Od lat pracujemy w celu realizacji misji tworzenia najwy\u017cszej jako\u015bci sieci zak\u0142ad\u00f3w pogrzebowych, kt\u00f3rym mo\u017cna zaufa\u0107<\/p>\n<p class=\"elementor-heading-title elementor-size-default\">Tworzymy sie\u0107 najlepszych dom\u00f3w pogrzebowych, wspieramy je we wszystkich procesach administracyjnych i wyznaczamy nowe standardy innowacyjno\u015bci i jako\u015bci w bran\u017cy pogrzebowej.<\/p>\n                    <\/div>\n                <\/div>\n                    <\/div>\n    <\/div>\n<\/div>\n\n\n\n<h2 class=\"wp-block-heading normal\">Nasze warto\u015bci<\/h2>\n\n\n<div id=\"block-masonry-block_04ff98cb4229ee1f49104a4d41178a1b\" class=\"block-masonry\">\n    <div class=\"container\">\n        <div class=\"widget-wrap\">\n                                                \n                    <div class=\"element light-font text-from-bottom\">\n                                                    <div class=\"image-wrap\">\n                                <img loading=\"lazy\" decoding=\"async\" width=\"830\" height=\"548\" src=\"https:\/\/shop.sereni.pl\/app\/uploads\/sites\/4\/2023\/08\/Rectangle-16-1.jpg\" class=\"attachment-large size-large\" alt=\"O Sereni\" srcset=\"https:\/\/shop.sereni.pl\/app\/uploads\/sites\/4\/2023\/08\/Rectangle-16-1.jpg 830w, https:\/\/shop.sereni.pl\/app\/uploads\/sites\/4\/2023\/08\/Rectangle-16-1-300x198.jpg 300w, https:\/\/shop.sereni.pl\/app\/uploads\/sites\/4\/2023\/08\/Rectangle-16-1-768x507.jpg 768w, https:\/\/shop.sereni.pl\/app\/uploads\/sites\/4\/2023\/08\/Rectangle-16-1-454x300.jpg 454w\" sizes=\"auto, (max-width: 830px) 100vw, 830px\" title=\"O Sereni\" \/>                            <\/div>\n                        \n                                            <\/div>\n                                    \n                    <div class=\"element\">\n                        \n                                                    <div class=\"content-wrap\">\n                                <div class=\"elementor-element elementor-element-d63f4bd elementor-widget elementor-widget-text-editor animated fadeIn\" data-id=\"d63f4bd\" data-element_type=\"widget\" data-settings=\"{&quot;_animation&quot;:&quot;fadeIn&quot;}\" data-widget_type=\"text-editor.default\">\n<div class=\"elementor-widget-container\">\n<div class=\"elementor-text-editor elementor-clearfix\">\n<h3>Pomaganie ludziom<\/h3>\n<\/div>\n<\/div>\n<\/div>\n<div class=\"elementor-element elementor-element-3d71771 elementor-widget elementor-widget-text-editor animated fadeIn\" data-id=\"3d71771\" data-element_type=\"widget\" data-settings=\"{&quot;_animation&quot;:&quot;fadeIn&quot;}\" data-widget_type=\"text-editor.default\">\n<div class=\"elementor-widget-container\">\n<div class=\"elementor-text-editor elementor-clearfix\">\n<p>Nasza dzia\u0142alno\u015b\u0107 polega na pomaganiu osobom pogr\u0105\u017conym w \u017ca\u0142obie w dokonaniu odpowiednich przygotowa\u0144 do ostatniej drogi ich bliskiej osoby oraz zapewnieniu trwa\u0142ych wspomnie\u0144 dla rodziny i przyjaci\u00f3\u0142. Robimy to z pozytywnym, troskliwym i pe\u0142nym zrozumienia podej\u015bciem.<\/p>\n<\/div>\n<\/div>\n<\/div>\n                            <\/div>\n                                            <\/div>\n                                    \n                    <div class=\"element text-from-bottom\">\n                                                    <div class=\"image-wrap\">\n                                <img loading=\"lazy\" decoding=\"async\" width=\"830\" height=\"548\" src=\"https:\/\/shop.sereni.pl\/app\/uploads\/sites\/4\/2023\/08\/Rectangle-17.jpg\" class=\"attachment-large size-large\" alt=\"O Sereni\" srcset=\"https:\/\/shop.sereni.pl\/app\/uploads\/sites\/4\/2023\/08\/Rectangle-17.jpg 830w, https:\/\/shop.sereni.pl\/app\/uploads\/sites\/4\/2023\/08\/Rectangle-17-300x198.jpg 300w, https:\/\/shop.sereni.pl\/app\/uploads\/sites\/4\/2023\/08\/Rectangle-17-768x507.jpg 768w, https:\/\/shop.sereni.pl\/app\/uploads\/sites\/4\/2023\/08\/Rectangle-17-454x300.jpg 454w\" sizes=\"auto, (max-width: 830px) 100vw, 830px\" title=\"O Sereni\" \/>                            <\/div>\n                        \n                                            <\/div>\n                                    \n                    <div class=\"element theme-bg light-font\">\n                        \n                                                    <div class=\"content-wrap\">\n                                <div class=\"elementor-element elementor-element-9fcb5ed elementor-widget elementor-widget-text-editor animated fadeIn\" data-id=\"9fcb5ed\" data-element_type=\"widget\" data-settings=\"{&quot;_animation&quot;:&quot;fadeIn&quot;}\" data-widget_type=\"text-editor.default\">\n<div class=\"elementor-widget-container\">\n<div class=\"elementor-text-editor elementor-clearfix\">\n<h3>Wzajemny szacunek<\/h3>\n<\/div>\n<\/div>\n<\/div>\n<div class=\"elementor-element elementor-element-d1871c5 elementor-widget elementor-widget-text-editor animated fadeIn\" data-id=\"d1871c5\" data-element_type=\"widget\" data-settings=\"{&quot;_animation&quot;:&quot;fadeIn&quot;}\" data-widget_type=\"text-editor.default\">\n<div class=\"elementor-widget-container\">\n<div class=\"elementor-text-editor elementor-clearfix\">\n<p>Przedsi\u0119biorcy pogrzebowi, b\u0119d\u0105cy cz\u0142onkami sieci Sereni, sprawili, \u017ce ich domy pogrzebowe \u015bwiadcz\u0105 us\u0142ugi na najwy\u017cszym poziomie. Ich zapa\u0142, ich pracownicy i decyzje \u2013 to wszystko sk\u0142ada si\u0119 na przepis na sukces. Bardzo to doceniamy, darzymy mo\u017cliwie najwi\u0119kszym szacunkiem i chcemy wspiera\u0107 w dalszym wzro\u015bcie.<\/p>\n<\/div>\n<\/div>\n<\/div>\n<h3><\/h3>\n<p>&nbsp;<\/p>\n                            <\/div>\n                                            <\/div>\n                                    \n                    <div class=\"element\">\n                        \n                                                    <div class=\"content-wrap\">\n                                <div class=\"elementor-element elementor-element-decae85 elementor-widget elementor-widget-text-editor animated fadeIn\" data-id=\"decae85\" data-element_type=\"widget\" data-settings=\"{&quot;_animation&quot;:&quot;fadeIn&quot;}\" data-widget_type=\"text-editor.default\">\n<div class=\"elementor-widget-container\">\n<div class=\"elementor-text-editor elementor-clearfix\">\n<h3>Zaufanie<\/h3>\n<\/div>\n<\/div>\n<\/div>\n<div class=\"elementor-element elementor-element-dd9d013 elementor-widget elementor-widget-text-editor animated fadeIn\" data-id=\"dd9d013\" data-element_type=\"widget\" data-settings=\"{&quot;_animation&quot;:&quot;fadeIn&quot;}\" data-widget_type=\"text-editor.default\">\n<div class=\"elementor-widget-container\">\n<div class=\"elementor-text-editor elementor-clearfix\">\n<p>Nasza sie\u0107 sk\u0142ada si\u0119 z przedsi\u0119biorc\u00f3w pogrzebowych, z kt\u00f3rymi wsp\u00f3\u0142pracujemy w duchu zaufania. Je\u015bli chodzi o pomys\u0142y na przysz\u0142o\u015b\u0107 zwi\u0105zane z ich domami pogrzebowymi, rozmawiamy ze sob\u0105 otwarcie i po partnersku.<\/p>\n<\/div>\n<\/div>\n<\/div>\n                            <\/div>\n                                            <\/div>\n                                    \n                    <div class=\"element\">\n                                                    <div class=\"image-wrap\">\n                                <img loading=\"lazy\" decoding=\"async\" width=\"830\" height=\"548\" src=\"https:\/\/shop.sereni.pl\/app\/uploads\/sites\/4\/2023\/08\/Rectangle-18.jpg\" class=\"attachment-large size-large\" alt=\"O Sereni\" srcset=\"https:\/\/shop.sereni.pl\/app\/uploads\/sites\/4\/2023\/08\/Rectangle-18.jpg 830w, https:\/\/shop.sereni.pl\/app\/uploads\/sites\/4\/2023\/08\/Rectangle-18-300x198.jpg 300w, https:\/\/shop.sereni.pl\/app\/uploads\/sites\/4\/2023\/08\/Rectangle-18-768x507.jpg 768w, https:\/\/shop.sereni.pl\/app\/uploads\/sites\/4\/2023\/08\/Rectangle-18-454x300.jpg 454w\" sizes=\"auto, (max-width: 830px) 100vw, 830px\" title=\"O Sereni\" \/>                            <\/div>\n                        \n                                            <\/div>\n                                    \n                    <div class=\"element text-from-bottom\">\n                        \n                                                    <div class=\"content-wrap\">\n                                <div class=\"elementor-element elementor-element-decae85 elementor-widget elementor-widget-text-editor animated fadeIn\" data-id=\"decae85\" data-element_type=\"widget\" data-settings=\"{&quot;_animation&quot;:&quot;fadeIn&quot;}\" data-widget_type=\"text-editor.default\">\n<div class=\"elementor-widget-container\">\n<div class=\"elementor-text-editor elementor-clearfix\">\n<div class=\"elementor-element elementor-element-dd5a752 elementor-widget elementor-widget-text-editor animated fadeIn\" data-id=\"dd5a752\" data-element_type=\"widget\" data-settings=\"{&quot;_animation&quot;:&quot;fadeIn&quot;}\" data-widget_type=\"text-editor.default\">\n<div class=\"elementor-widget-container\">\n<div class=\"elementor-text-editor elementor-clearfix\">\n<h3>Standardy zawodowe<\/h3>\n<\/div>\n<\/div>\n<\/div>\n<div class=\"elementor-element elementor-element-fef0cbe elementor-widget elementor-widget-text-editor animated fadeIn\" data-id=\"fef0cbe\" data-element_type=\"widget\" data-settings=\"{&quot;_animation&quot;:&quot;fadeIn&quot;}\" data-widget_type=\"text-editor.default\">\n<div class=\"elementor-widget-container\">\n<div class=\"elementor-text-editor elementor-clearfix\">\n<p>Jeste\u015bmy profesjonaln\u0105 organizacj\u0105 i d\u0105\u017cymy do osi\u0105gni\u0119cia jak najwy\u017cszych standard\u00f3w we wszystkim, co robimy, oraz do ci\u0105g\u0142ego ich doskonalenia.<\/p>\n<\/div>\n<\/div>\n<\/div>\n<\/div>\n<\/div>\n<\/div>\n                            <\/div>\n                                            <\/div>\n                                    \n                    <div class=\"element\">\n                                                    <div class=\"image-wrap\">\n                                <img loading=\"lazy\" decoding=\"async\" width=\"830\" height=\"548\" src=\"https:\/\/shop.sereni.pl\/app\/uploads\/sites\/4\/2023\/08\/Rectangle-19.jpg\" class=\"attachment-large size-large\" alt=\"O Sereni\" srcset=\"https:\/\/shop.sereni.pl\/app\/uploads\/sites\/4\/2023\/08\/Rectangle-19.jpg 830w, https:\/\/shop.sereni.pl\/app\/uploads\/sites\/4\/2023\/08\/Rectangle-19-300x198.jpg 300w, https:\/\/shop.sereni.pl\/app\/uploads\/sites\/4\/2023\/08\/Rectangle-19-768x507.jpg 768w, https:\/\/shop.sereni.pl\/app\/uploads\/sites\/4\/2023\/08\/Rectangle-19-454x300.jpg 454w\" sizes=\"auto, (max-width: 830px) 100vw, 830px\" title=\"O Sereni\" \/>                            <\/div>\n                        \n                                            <\/div>\n                                    \n                    <div class=\"element text-from-bottom\">\n                                                    <div class=\"image-wrap\">\n                                <img loading=\"lazy\" decoding=\"async\" width=\"830\" height=\"548\" src=\"https:\/\/shop.sereni.pl\/app\/uploads\/sites\/4\/2023\/08\/Rectangle-20.jpg\" class=\"attachment-large size-large\" alt=\"O Sereni\" srcset=\"https:\/\/shop.sereni.pl\/app\/uploads\/sites\/4\/2023\/08\/Rectangle-20.jpg 830w, https:\/\/shop.sereni.pl\/app\/uploads\/sites\/4\/2023\/08\/Rectangle-20-300x198.jpg 300w, https:\/\/shop.sereni.pl\/app\/uploads\/sites\/4\/2023\/08\/Rectangle-20-768x507.jpg 768w, https:\/\/shop.sereni.pl\/app\/uploads\/sites\/4\/2023\/08\/Rectangle-20-454x300.jpg 454w\" sizes=\"auto, (max-width: 830px) 100vw, 830px\" title=\"O Sereni\" \/>                            <\/div>\n                        \n                                            <\/div>\n                                    \n                    <div class=\"element\">\n                        \n                                                    <div class=\"content-wrap\">\n                                <div class=\"elementor-element elementor-element-48731bb elementor-widget elementor-widget-text-editor animated fadeIn\" data-id=\"48731bb\" data-element_type=\"widget\" data-settings=\"{&quot;_animation&quot;:&quot;fadeIn&quot;}\" data-widget_type=\"text-editor.default\">\n<div class=\"elementor-widget-container\">\n<div class=\"elementor-text-editor elementor-clearfix\">\n<h3>Partnerstwo<\/h3>\n<\/div>\n<\/div>\n<\/div>\n<div class=\"elementor-element elementor-element-ad3a469 elementor-widget elementor-widget-text-editor animated fadeIn\" data-id=\"ad3a469\" data-element_type=\"widget\" data-settings=\"{&quot;_animation&quot;:&quot;fadeIn&quot;}\" data-widget_type=\"text-editor.default\">\n<div class=\"elementor-widget-container\">\n<div class=\"elementor-text-editor elementor-clearfix\">\n<p>Wierzymy, \u017ce nasze cele mo\u017cemy osi\u0105gn\u0105\u0107 tylko wtedy, gdy b\u0119dziemy wsp\u00f3\u0142pracowa\u0107 z rodzinami klient\u00f3w, dostawcami i naszymi pracownikami.<\/p>\n<\/div>\n<\/div>\n<\/div>\n<h3><\/h3>\n<p>&nbsp;<\/p>\n                            <\/div>\n                                            <\/div>\n                                    \n                    <div class=\"element theme-bg light-font\">\n                                                    <div class=\"image-wrap\">\n                                <img loading=\"lazy\" decoding=\"async\" width=\"830\" height=\"548\" src=\"https:\/\/shop.sereni.pl\/app\/uploads\/sites\/4\/2023\/08\/Rectangle-21.jpg\" class=\"attachment-large size-large\" alt=\"O Sereni\" srcset=\"https:\/\/shop.sereni.pl\/app\/uploads\/sites\/4\/2023\/08\/Rectangle-21.jpg 830w, https:\/\/shop.sereni.pl\/app\/uploads\/sites\/4\/2023\/08\/Rectangle-21-300x198.jpg 300w, https:\/\/shop.sereni.pl\/app\/uploads\/sites\/4\/2023\/08\/Rectangle-21-768x507.jpg 768w, https:\/\/shop.sereni.pl\/app\/uploads\/sites\/4\/2023\/08\/Rectangle-21-454x300.jpg 454w\" sizes=\"auto, (max-width: 830px) 100vw, 830px\" title=\"O Sereni\" \/>                            <\/div>\n                        \n                                            <\/div>\n                                    \n                    <div class=\"element\">\n                        \n                                                    <div class=\"content-wrap\">\n                                <div class=\"elementor-element elementor-element-3c80267 elementor-widget elementor-widget-text-editor animated fadeIn\" data-id=\"3c80267\" data-element_type=\"widget\" data-settings=\"{&quot;_animation&quot;:&quot;fadeIn&quot;}\" data-widget_type=\"text-editor.default\">\n<div class=\"elementor-widget-container\">\n<div class=\"elementor-text-editor elementor-clearfix\">\n<h3>Zr\u00f3wnowa\u017cony rozw\u00f3j<\/h3>\n<\/div>\n<\/div>\n<\/div>\n<div class=\"elementor-element elementor-element-74fdf0c elementor-widget elementor-widget-text-editor animated fadeIn\" data-id=\"74fdf0c\" data-element_type=\"widget\" data-settings=\"{&quot;_animation&quot;:&quot;fadeIn&quot;}\" data-widget_type=\"text-editor.default\">\n<div class=\"elementor-widget-container\">\n<div class=\"elementor-text-editor elementor-clearfix\">\n<p>Popieramy zbli\u017cone do naturalnych formy poch\u00f3wku, trumny i urny wykonane z materia\u0142\u00f3w przyjaznych dla \u015brodowiska oraz popieramy regionalne wsp\u00f3\u0142prace i przepisy.<\/p>\n<\/div>\n<\/div>\n<\/div>\n                            <\/div>\n                                            <\/div>\n                                    <\/div>\n    <\/div>\n<\/div>\n","protected":false},"excerpt":{"rendered":"<p>Nasze warto\u015bci<\/p>\n","protected":false},"author":2,"featured_media":0,"parent":0,"menu_order":0,"comment_status":"closed","ping_status":"closed","template":"","meta":{"_acf_changed":false,"footnotes":""},"class_list":["post-873","page","type-page","status-publish","hentry"],"acf":[],"yoast_head":"<!-- This site is optimized with the Yoast SEO plugin v25.8 - https:\/\/yoast.com\/wordpress\/plugins\/seo\/ -->\n<title>O Sereni - \u015ar\u00f3dmie\u015bcie<\/title>\n<meta name=\"description\" content=\"Pogrzeby. Us\u0142ugi pogrzebowe. Sie\u0107 dom\u00f3w pogrzebowych. Tworzymy najwy\u017cszej jako\u015bci sie\u0107 dom\u00f3w pogrzebowych. Informacje o Sereni.\" \/>\n<meta name=\"robots\" content=\"index, follow, max-snippet:-1, max-image-preview:large, max-video-preview:-1\" \/>\n<link rel=\"canonical\" href=\"https:\/\/warszawa.sereni.pl\/pl\/o-sereni\/\" \/>\n<meta property=\"og:locale\" content=\"pl_PL\" \/>\n<meta property=\"og:type\" content=\"article\" \/>\n<meta property=\"og:title\" content=\"O Sereni - \u015ar\u00f3dmie\u015bcie\" \/>\n<meta property=\"og:description\" content=\"Pogrzeby. Us\u0142ugi pogrzebowe. Sie\u0107 dom\u00f3w pogrzebowych. Tworzymy najwy\u017cszej jako\u015bci sie\u0107 dom\u00f3w pogrzebowych. Informacje o Sereni.\" \/>\n<meta property=\"og:url\" content=\"https:\/\/warszawa.sereni.pl\/pl\/o-sereni\/\" \/>\n<meta property=\"og:site_name\" content=\"\u015ar\u00f3dmie\u015bcie\" \/>\n<meta property=\"article:modified_time\" content=\"2023-09-05T12:28:08+00:00\" \/>\n<meta name=\"twitter:card\" content=\"summary_large_image\" \/>\n<meta name=\"twitter:label1\" content=\"Szacowany czas czytania\" \/>\n\t<meta name=\"twitter:data1\" content=\"1 minuta\" \/>\n<script type=\"application\/ld+json\" class=\"yoast-schema-graph\">{\"@context\":\"https:\/\/schema.org\",\"@graph\":[{\"@type\":\"WebPage\",\"@id\":\"https:\/\/warszawa.sereni.pl\/pl\/o-sereni\/\",\"url\":\"https:\/\/warszawa.sereni.pl\/pl\/o-sereni\/\",\"name\":\"O Sereni - \u015ar\u00f3dmie\u015bcie\",\"isPartOf\":{\"@id\":\"https:\/\/amabilis.sereni.pl\/pl\/#website\"},\"datePublished\":\"2023-08-11T09:14:16+00:00\",\"dateModified\":\"2023-09-05T12:28:08+00:00\",\"description\":\"Pogrzeby. Us\u0142ugi pogrzebowe. Sie\u0107 dom\u00f3w pogrzebowych. Tworzymy najwy\u017cszej jako\u015bci sie\u0107 dom\u00f3w pogrzebowych. Informacje o Sereni.\",\"inLanguage\":\"pl-PL\",\"potentialAction\":[{\"@type\":\"ReadAction\",\"target\":[\"https:\/\/warszawa.sereni.pl\/pl\/o-sereni\/\"]}]},{\"@type\":\"WebSite\",\"@id\":\"https:\/\/amabilis.sereni.pl\/pl\/#website\",\"url\":\"https:\/\/amabilis.sereni.pl\/pl\/\",\"name\":\"\u015ar\u00f3dmie\u015bcie\",\"description\":\"Us\u0142ugi pogrzebowe Warszawa \u015ar\u00f3dmie\u015bcie\",\"potentialAction\":[{\"@type\":\"SearchAction\",\"target\":{\"@type\":\"EntryPoint\",\"urlTemplate\":\"https:\/\/amabilis.sereni.pl\/pl\/?s={search_term_string}\"},\"query-input\":{\"@type\":\"PropertyValueSpecification\",\"valueRequired\":true,\"valueName\":\"search_term_string\"}}],\"inLanguage\":\"pl-PL\"}]}<\/script>\n<!-- \/ Yoast SEO plugin. -->","yoast_head_json":{"title":"O Sereni - \u015ar\u00f3dmie\u015bcie","description":"Pogrzeby. Us\u0142ugi pogrzebowe. Sie\u0107 dom\u00f3w pogrzebowych. Tworzymy najwy\u017cszej jako\u015bci sie\u0107 dom\u00f3w pogrzebowych. Informacje o Sereni.","robots":{"index":"index","follow":"follow","max-snippet":"max-snippet:-1","max-image-preview":"max-image-preview:large","max-video-preview":"max-video-preview:-1"},"canonical":"https:\/\/warszawa.sereni.pl\/pl\/o-sereni\/","og_locale":"pl_PL","og_type":"article","og_title":"O Sereni - \u015ar\u00f3dmie\u015bcie","og_description":"Pogrzeby. Us\u0142ugi pogrzebowe. Sie\u0107 dom\u00f3w pogrzebowych. Tworzymy najwy\u017cszej jako\u015bci sie\u0107 dom\u00f3w pogrzebowych. Informacje o Sereni.","og_url":"https:\/\/warszawa.sereni.pl\/pl\/o-sereni\/","og_site_name":"\u015ar\u00f3dmie\u015bcie","article_modified_time":"2023-09-05T12:28:08+00:00","twitter_card":"summary_large_image","twitter_misc":{"Szacowany czas czytania":"1 minuta"},"schema":{"@context":"https:\/\/schema.org","@graph":[{"@type":"WebPage","@id":"https:\/\/warszawa.sereni.pl\/pl\/o-sereni\/","url":"https:\/\/warszawa.sereni.pl\/pl\/o-sereni\/","name":"O Sereni - \u015ar\u00f3dmie\u015bcie","isPartOf":{"@id":"https:\/\/amabilis.sereni.pl\/pl\/#website"},"datePublished":"2023-08-11T09:14:16+00:00","dateModified":"2023-09-05T12:28:08+00:00","description":"Pogrzeby. Us\u0142ugi pogrzebowe. Sie\u0107 dom\u00f3w pogrzebowych. Tworzymy najwy\u017cszej jako\u015bci sie\u0107 dom\u00f3w pogrzebowych. Informacje o Sereni.","inLanguage":"pl-PL","potentialAction":[{"@type":"ReadAction","target":["https:\/\/warszawa.sereni.pl\/pl\/o-sereni\/"]}]},{"@type":"WebSite","@id":"https:\/\/amabilis.sereni.pl\/pl\/#website","url":"https:\/\/amabilis.sereni.pl\/pl\/","name":"\u015ar\u00f3dmie\u015bcie","description":"Us\u0142ugi pogrzebowe Warszawa \u015ar\u00f3dmie\u015bcie","potentialAction":[{"@type":"SearchAction","target":{"@type":"EntryPoint","urlTemplate":"https:\/\/amabilis.sereni.pl\/pl\/?s={search_term_string}"},"query-input":{"@type":"PropertyValueSpecification","valueRequired":true,"valueName":"search_term_string"}}],"inLanguage":"pl-PL"}]}},"_links":{"self":[{"href":"https:\/\/warszawa.sereni.pl\/pl\/wp-json\/wp\/v2\/pages\/873","targetHints":{"allow":["GET"]}}],"collection":[{"href":"https:\/\/warszawa.sereni.pl\/pl\/wp-json\/wp\/v2\/pages"}],"about":[{"href":"https:\/\/warszawa.sereni.pl\/pl\/wp-json\/wp\/v2\/types\/page"}],"author":[{"embeddable":true,"href":"https:\/\/warszawa.sereni.pl\/pl\/wp-json\/wp\/v2\/users\/2"}],"replies":[{"embeddable":true,"href":"https:\/\/warszawa.sereni.pl\/pl\/wp-json\/wp\/v2\/comments?post=873"}],"version-history":[{"count":35,"href":"https:\/\/warszawa.sereni.pl\/pl\/wp-json\/wp\/v2\/pages\/873\/revisions"}],"predecessor-version":[{"id":1372,"href":"https:\/\/warszawa.sereni.pl\/pl\/wp-json\/wp\/v2\/pages\/873\/revisions\/1372"}],"wp:attachment":[{"href":"https:\/\/warszawa.sereni.pl\/pl\/wp-json\/wp\/v2\/media?parent=873"}],"curies":[{"name":"wp","href":"https:\/\/api.w.org\/{rel}","templated":true}]}}