{"id":859,"date":"2023-08-09T16:28:32","date_gmt":"2023-08-09T14:28:32","guid":{"rendered":"https:\/\/warszawa.sereni.pl\/?page_id=859"},"modified":"2026-01-23T15:57:28","modified_gmt":"2026-01-23T14:57:28","slug":"historia-firmy","status":"publish","type":"page","link":"https:\/\/warszawa.sereni.pl\/pl\/historia-firmy\/","title":{"rendered":"Historia Firmy"},"content":{"rendered":"\n<div id=\"block-main-banner-block_b92a71883e11f1bddc218896a349340d\" class=\"block-main-banner\">\n    <div class=\"container\">\n        <div class=\"banner-wrap layout2 content_right content_top\">\n            <div class=\"banner-image\">\n                                                            <img loading=\"lazy\" decoding=\"async\" width=\"1024\" height=\"674\" src=\"https:\/\/shop.sereni.pl\/app\/uploads\/sites\/4\/2023\/10\/9c398dd2da8d04e4caf0c5e69f879582.jpg\" class=\"attachment-full-stretched size-full-stretched\" alt=\"Historia Firmy\" srcset=\"https:\/\/shop.sereni.pl\/app\/uploads\/sites\/4\/2023\/10\/9c398dd2da8d04e4caf0c5e69f879582.jpg 1024w, https:\/\/shop.sereni.pl\/app\/uploads\/sites\/4\/2023\/10\/9c398dd2da8d04e4caf0c5e69f879582-300x197.jpg 300w, https:\/\/shop.sereni.pl\/app\/uploads\/sites\/4\/2023\/10\/9c398dd2da8d04e4caf0c5e69f879582-768x506.jpg 768w, https:\/\/shop.sereni.pl\/app\/uploads\/sites\/4\/2023\/10\/9c398dd2da8d04e4caf0c5e69f879582-456x300.jpg 456w\" sizes=\"auto, (max-width: 1024px) 100vw, 1024px\" title=\"Historia Firmy\" \/>                                                <\/div>\n\n                            <div class=\"banner-content\">\n                    <div class=\"inner\">\n                        <p>Zak\u0142ad Pogrzebowy \u015ar\u00f3dmie\u015bcie kontynuuje tradycje si\u0119gaj\u0105ce kilkudziesi\u0119ciu lat, obs\u0142uguj\u0105c mieszka\u0144c\u00f3w Warszawy \u015ar\u00f3dmie\u015bcia,\u00a0 pomagaj\u0105c rodzinom przechodz\u0105cym przez trudne chwile, nios\u0105c wsparcie i zrozumienie. Dobrze wiemy, \u017ce pogrzeb to nie tylko sprawa do za\u0142atwienia, ale wydarzenie, kt\u00f3re na zawsze zostanie w pami\u0119ci. Dlatego z poszanowaniem tradycji , profesjonalizmem i z ogromn\u0105 staranno\u015bci\u0105 o szczeg\u00f3\u0142y organizujemy ceremonie pogrzebowe, pozwalaj\u0105ce po\u017cegna\u0107 bliskich w ich ostatniej drodze.<\/p>\n<div class=\"elementor-element elementor-element-e2d41c3 elementor-widget elementor-widget-text-editor\" style=\"font-size: 1.125rem;\" data-id=\"e2d41c3\" data-element_type=\"widget\" data-widget_type=\"text-editor.default\">\n<div class=\"elementor-widget-container\">\n<p>Zak\u0142ad pogrzebowy znajduj\u0105cy si\u0119 przy ulicy Wilczej 16 od zawsze dba o to, aby u\u0142atwi\u0107 rodzinom przej\u015bcie przez proces po\u017cegnania i \u017ca\u0142oby. Od pomocy przy formalno\u015bciach, przez wszystkie us\u0142ugi dost\u0119pne w jednym miejscu po opraw\u0119 ceremonii. Najwa\u017cniejsze, \u017ce nie zapominamy o zwyk\u0142ej trosce i empatii dla os\u00f3b w \u017ca\u0142obie.<\/p>\n<\/div>\n<\/div>\n<div class=\"elementor-element elementor-element-b1374fa elementor-widget elementor-widget-text-editor\" style=\"font-size: 1.125rem;\" data-id=\"b1374fa\" data-element_type=\"widget\" data-widget_type=\"text-editor.default\">\n<div class=\"elementor-widget-container\">\n<p>Je\u015bli jeste\u015bcie Pa\u0144stwo w tej delikatnej i trudnej sytuacji prosz\u0119 przyj\u0105\u0107 od nas g\u0142\u0119bokie wyrazy wsp\u00f3\u0142czucia, my r\u00f3wnie\u017c stracili\u015bmy najbli\u017csze osoby dobrze wi\u0119c wiemy jak jest to wielka strata i b\u00f3l. Pomagamy rodzinom w tych momentach ju\u017c kilkadziesi\u0105t lat i z wielkim szacunkiem i godno\u015bci\u0105 pomo\u017cemy te\u017c Pa\u0144stwu. Zapraszamy do kontaktu pod ca\u0142odobowymi numerami telefon\u00f3w <strong>+48 22 625 42 37<\/strong> lub <strong>+48 22 625 43 69.<\/strong><\/p>\n<p>Najlepiej o naszej pracy \u015bwiadcz\u0105 podzi\u0119kowania i wyrazy wdzi\u0119czno\u015bci od rodzin.<\/p>\n<\/div>\n<\/div>\n                    <\/div>\n                <\/div>\n                    <\/div>\n    <\/div>\n<\/div>\n\n\n","protected":false},"excerpt":{"rendered":"","protected":false},"author":2,"featured_media":0,"parent":0,"menu_order":0,"comment_status":"closed","ping_status":"closed","template":"","meta":{"_acf_changed":false,"footnotes":""},"class_list":["post-859","page","type-page","status-publish","hentry"],"acf":[],"yoast_head":"<!-- This site is optimized with the Yoast SEO plugin v25.8 - https:\/\/yoast.com\/wordpress\/plugins\/seo\/ -->\n<title>Historia Firmy - \u015ar\u00f3dmie\u015bcie<\/title>\n<meta name=\"description\" content=\"Dom pogrzebowy z tradycjami w Warszawie. Organizacja pogrzeb\u00f3w w \u015ar\u00f3dmie\u015bciu oraz okolicach. Mobilne biuro pogrzebowe. Szeroki zakres us\u0142ug\" \/>\n<meta name=\"robots\" content=\"index, follow, max-snippet:-1, max-image-preview:large, max-video-preview:-1\" \/>\n<link rel=\"canonical\" href=\"https:\/\/warszawa.sereni.pl\/pl\/historia-firmy\/\" \/>\n<meta property=\"og:locale\" content=\"pl_PL\" \/>\n<meta property=\"og:type\" content=\"article\" \/>\n<meta property=\"og:title\" content=\"Historia Firmy - \u015ar\u00f3dmie\u015bcie\" \/>\n<meta property=\"og:description\" content=\"Dom pogrzebowy z tradycjami w Warszawie. Organizacja pogrzeb\u00f3w w \u015ar\u00f3dmie\u015bciu oraz okolicach. Mobilne biuro pogrzebowe. Szeroki zakres us\u0142ug\" \/>\n<meta property=\"og:url\" content=\"https:\/\/warszawa.sereni.pl\/pl\/historia-firmy\/\" \/>\n<meta property=\"og:site_name\" content=\"\u015ar\u00f3dmie\u015bcie\" \/>\n<meta property=\"article:modified_time\" content=\"2026-01-23T14:57:28+00:00\" \/>\n<meta name=\"twitter:card\" content=\"summary_large_image\" \/>\n<meta name=\"twitter:label1\" content=\"Szacowany czas czytania\" \/>\n\t<meta name=\"twitter:data1\" content=\"2 minuty\" \/>\n<script type=\"application\/ld+json\" class=\"yoast-schema-graph\">{\"@context\":\"https:\/\/schema.org\",\"@graph\":[{\"@type\":\"WebPage\",\"@id\":\"https:\/\/warszawa.sereni.pl\/pl\/historia-firmy\/\",\"url\":\"https:\/\/warszawa.sereni.pl\/pl\/historia-firmy\/\",\"name\":\"Historia Firmy - \u015ar\u00f3dmie\u015bcie\",\"isPartOf\":{\"@id\":\"https:\/\/amabilis.sereni.pl\/pl\/#website\"},\"datePublished\":\"2023-08-09T14:28:32+00:00\",\"dateModified\":\"2026-01-23T14:57:28+00:00\",\"description\":\"Dom pogrzebowy z tradycjami w Warszawie. Organizacja pogrzeb\u00f3w w \u015ar\u00f3dmie\u015bciu oraz okolicach. Mobilne biuro pogrzebowe. Szeroki zakres us\u0142ug\",\"inLanguage\":\"pl-PL\",\"potentialAction\":[{\"@type\":\"ReadAction\",\"target\":[\"https:\/\/warszawa.sereni.pl\/pl\/historia-firmy\/\"]}]},{\"@type\":\"WebSite\",\"@id\":\"https:\/\/amabilis.sereni.pl\/pl\/#website\",\"url\":\"https:\/\/amabilis.sereni.pl\/pl\/\",\"name\":\"\u015ar\u00f3dmie\u015bcie\",\"description\":\"Us\u0142ugi pogrzebowe Warszawa \u015ar\u00f3dmie\u015bcie\",\"potentialAction\":[{\"@type\":\"SearchAction\",\"target\":{\"@type\":\"EntryPoint\",\"urlTemplate\":\"https:\/\/amabilis.sereni.pl\/pl\/?s={search_term_string}\"},\"query-input\":{\"@type\":\"PropertyValueSpecification\",\"valueRequired\":true,\"valueName\":\"search_term_string\"}}],\"inLanguage\":\"pl-PL\"}]}<\/script>\n<!-- \/ Yoast SEO plugin. -->","yoast_head_json":{"title":"Historia Firmy - \u015ar\u00f3dmie\u015bcie","description":"Dom pogrzebowy z tradycjami w Warszawie. Organizacja pogrzeb\u00f3w w \u015ar\u00f3dmie\u015bciu oraz okolicach. Mobilne biuro pogrzebowe. Szeroki zakres us\u0142ug","robots":{"index":"index","follow":"follow","max-snippet":"max-snippet:-1","max-image-preview":"max-image-preview:large","max-video-preview":"max-video-preview:-1"},"canonical":"https:\/\/warszawa.sereni.pl\/pl\/historia-firmy\/","og_locale":"pl_PL","og_type":"article","og_title":"Historia Firmy - \u015ar\u00f3dmie\u015bcie","og_description":"Dom pogrzebowy z tradycjami w Warszawie. Organizacja pogrzeb\u00f3w w \u015ar\u00f3dmie\u015bciu oraz okolicach. Mobilne biuro pogrzebowe. Szeroki zakres us\u0142ug","og_url":"https:\/\/warszawa.sereni.pl\/pl\/historia-firmy\/","og_site_name":"\u015ar\u00f3dmie\u015bcie","article_modified_time":"2026-01-23T14:57:28+00:00","twitter_card":"summary_large_image","twitter_misc":{"Szacowany czas czytania":"2 minuty"},"schema":{"@context":"https:\/\/schema.org","@graph":[{"@type":"WebPage","@id":"https:\/\/warszawa.sereni.pl\/pl\/historia-firmy\/","url":"https:\/\/warszawa.sereni.pl\/pl\/historia-firmy\/","name":"Historia Firmy - \u015ar\u00f3dmie\u015bcie","isPartOf":{"@id":"https:\/\/amabilis.sereni.pl\/pl\/#website"},"datePublished":"2023-08-09T14:28:32+00:00","dateModified":"2026-01-23T14:57:28+00:00","description":"Dom pogrzebowy z tradycjami w Warszawie. Organizacja pogrzeb\u00f3w w \u015ar\u00f3dmie\u015bciu oraz okolicach. Mobilne biuro pogrzebowe. Szeroki zakres us\u0142ug","inLanguage":"pl-PL","potentialAction":[{"@type":"ReadAction","target":["https:\/\/warszawa.sereni.pl\/pl\/historia-firmy\/"]}]},{"@type":"WebSite","@id":"https:\/\/amabilis.sereni.pl\/pl\/#website","url":"https:\/\/amabilis.sereni.pl\/pl\/","name":"\u015ar\u00f3dmie\u015bcie","description":"Us\u0142ugi pogrzebowe Warszawa \u015ar\u00f3dmie\u015bcie","potentialAction":[{"@type":"SearchAction","target":{"@type":"EntryPoint","urlTemplate":"https:\/\/amabilis.sereni.pl\/pl\/?s={search_term_string}"},"query-input":{"@type":"PropertyValueSpecification","valueRequired":true,"valueName":"search_term_string"}}],"inLanguage":"pl-PL"}]}},"_links":{"self":[{"href":"https:\/\/warszawa.sereni.pl\/pl\/wp-json\/wp\/v2\/pages\/859","targetHints":{"allow":["GET"]}}],"collection":[{"href":"https:\/\/warszawa.sereni.pl\/pl\/wp-json\/wp\/v2\/pages"}],"about":[{"href":"https:\/\/warszawa.sereni.pl\/pl\/wp-json\/wp\/v2\/types\/page"}],"author":[{"embeddable":true,"href":"https:\/\/warszawa.sereni.pl\/pl\/wp-json\/wp\/v2\/users\/2"}],"replies":[{"embeddable":true,"href":"https:\/\/warszawa.sereni.pl\/pl\/wp-json\/wp\/v2\/comments?post=859"}],"version-history":[{"count":44,"href":"https:\/\/warszawa.sereni.pl\/pl\/wp-json\/wp\/v2\/pages\/859\/revisions"}],"predecessor-version":[{"id":3894,"href":"https:\/\/warszawa.sereni.pl\/pl\/wp-json\/wp\/v2\/pages\/859\/revisions\/3894"}],"wp:attachment":[{"href":"https:\/\/warszawa.sereni.pl\/pl\/wp-json\/wp\/v2\/media?parent=859"}],"curies":[{"name":"wp","href":"https:\/\/api.w.org\/{rel}","templated":true}]}}