{"id":728,"date":"2023-07-26T13:41:46","date_gmt":"2023-07-26T11:41:46","guid":{"rendered":"https:\/\/warszawa.sereni.pl\/?page_id=728"},"modified":"2024-01-02T11:44:00","modified_gmt":"2024-01-02T10:44:00","slug":"przygotowanie-nekrologow","status":"publish","type":"page","link":"https:\/\/warszawa.sereni.pl\/pl\/przygotowanie-nekrologow\/","title":{"rendered":"Przygotowanie nekrolog\u00f3w"},"content":{"rendered":"\n<div id=\"block-main-banner-block_c77741f6e93d723d1b746e4cdc9f948c\" class=\"block-main-banner\">\n    <div class=\"container\">\n        <div class=\"banner-wrap layout2 content_left content_top\">\n            <div class=\"banner-image\">\n                                                            <img loading=\"lazy\" decoding=\"async\" width=\"1440\" height=\"960\" src=\"https:\/\/shop.sereni.pl\/app\/uploads\/sites\/4\/2024\/01\/GS__4255-kopia-1-1440x960.jpg\" class=\"attachment-full-stretched size-full-stretched\" alt=\"Przygotowanie nekrolog\u00f3w\" srcset=\"https:\/\/shop.sereni.pl\/app\/uploads\/sites\/4\/2024\/01\/GS__4255-kopia-1-1440x960.jpg 1440w, https:\/\/shop.sereni.pl\/app\/uploads\/sites\/4\/2024\/01\/GS__4255-kopia-1-300x200.jpg 300w, https:\/\/shop.sereni.pl\/app\/uploads\/sites\/4\/2024\/01\/GS__4255-kopia-1-1024x683.jpg 1024w, https:\/\/shop.sereni.pl\/app\/uploads\/sites\/4\/2024\/01\/GS__4255-kopia-1-768x512.jpg 768w, https:\/\/shop.sereni.pl\/app\/uploads\/sites\/4\/2024\/01\/GS__4255-kopia-1-1536x1024.jpg 1536w, https:\/\/shop.sereni.pl\/app\/uploads\/sites\/4\/2024\/01\/GS__4255-kopia-1-2048x1365.jpg 2048w, https:\/\/shop.sereni.pl\/app\/uploads\/sites\/4\/2024\/01\/GS__4255-kopia-1-450x300.jpg 450w, https:\/\/shop.sereni.pl\/app\/uploads\/sites\/4\/2024\/01\/GS__4255-kopia-1-1300x867.jpg 1300w\" sizes=\"auto, (max-width: 1440px) 100vw, 1440px\" title=\"Przygotowanie nekrolog\u00f3w\" \/>                                                <\/div>\n\n                            <div class=\"banner-content\">\n                    <div class=\"inner\">\n                        <h3>Druk i rozwieszenie nekrolog\u00f3w<\/h3>\n<p>Wiemy, \u017ce w trudnych chwilach rodzina ma wiele na g\u0142owie. Dlatego oferujemy mo\u017cliwo\u015b\u0107 wydrukowania i rozwieszenia w okre\u015blonych miejscach nekrolog\u00f3w informuj\u0105cych o odej\u015bciu bliskiej osoby oraz o terminie i miejscu uroczysto\u015bci pogrzebowej. Oferujemy kilkadziesi\u0105t wzor\u00f3w nekrolog\u00f3w. Istnieje r\u00f3wnie\u017c mo\u017cliwo\u015b\u0107 stworzenia\u00a0 dedykowanego wzoru nekrologu wed\u0142ug Pa\u0144stwa potrzeb.<\/p>\n                    <\/div>\n                <\/div>\n                    <\/div>\n    <\/div>\n<\/div>\n","protected":false},"excerpt":{"rendered":"","protected":false},"author":2,"featured_media":0,"parent":0,"menu_order":0,"comment_status":"closed","ping_status":"closed","template":"","meta":{"_acf_changed":false,"footnotes":""},"class_list":["post-728","page","type-page","status-publish","hentry"],"acf":[],"yoast_head":"<!-- This site is optimized with the Yoast SEO plugin v25.8 - https:\/\/yoast.com\/wordpress\/plugins\/seo\/ -->\n<title>Przygotowanie nekrolog\u00f3w - \u015ar\u00f3dmie\u015bcie<\/title>\n<meta name=\"description\" content=\"Przygotowywanie nekrolog\u00f3w i klepsydr \u015ar\u00f3dmie\u015bcie Warszawy. Dom pogrzebowy z tradycjami w Warszawie. Godny pogrzeb w Warszawie\" \/>\n<meta name=\"robots\" content=\"index, follow, max-snippet:-1, max-image-preview:large, max-video-preview:-1\" \/>\n<link rel=\"canonical\" href=\"https:\/\/warszawa.sereni.pl\/pl\/przygotowanie-nekrologow\/\" \/>\n<meta property=\"og:locale\" content=\"pl_PL\" \/>\n<meta property=\"og:type\" content=\"article\" \/>\n<meta property=\"og:title\" content=\"Przygotowanie nekrolog\u00f3w - \u015ar\u00f3dmie\u015bcie\" \/>\n<meta property=\"og:description\" content=\"Przygotowywanie nekrolog\u00f3w i klepsydr \u015ar\u00f3dmie\u015bcie Warszawy. Dom pogrzebowy z tradycjami w Warszawie. Godny pogrzeb w Warszawie\" \/>\n<meta property=\"og:url\" content=\"https:\/\/warszawa.sereni.pl\/pl\/przygotowanie-nekrologow\/\" \/>\n<meta property=\"og:site_name\" content=\"\u015ar\u00f3dmie\u015bcie\" \/>\n<meta property=\"article:modified_time\" content=\"2024-01-02T10:44:00+00:00\" \/>\n<meta name=\"twitter:card\" content=\"summary_large_image\" \/>\n<script type=\"application\/ld+json\" class=\"yoast-schema-graph\">{\"@context\":\"https:\/\/schema.org\",\"@graph\":[{\"@type\":\"WebPage\",\"@id\":\"https:\/\/warszawa.sereni.pl\/pl\/przygotowanie-nekrologow\/\",\"url\":\"https:\/\/warszawa.sereni.pl\/pl\/przygotowanie-nekrologow\/\",\"name\":\"Przygotowanie nekrolog\u00f3w - \u015ar\u00f3dmie\u015bcie\",\"isPartOf\":{\"@id\":\"https:\/\/amabilis.sereni.pl\/pl\/#website\"},\"datePublished\":\"2023-07-26T11:41:46+00:00\",\"dateModified\":\"2024-01-02T10:44:00+00:00\",\"description\":\"Przygotowywanie nekrolog\u00f3w i klepsydr \u015ar\u00f3dmie\u015bcie Warszawy. Dom pogrzebowy z tradycjami w Warszawie. Godny pogrzeb w Warszawie\",\"inLanguage\":\"pl-PL\",\"potentialAction\":[{\"@type\":\"ReadAction\",\"target\":[\"https:\/\/warszawa.sereni.pl\/pl\/przygotowanie-nekrologow\/\"]}]},{\"@type\":\"WebSite\",\"@id\":\"https:\/\/amabilis.sereni.pl\/pl\/#website\",\"url\":\"https:\/\/amabilis.sereni.pl\/pl\/\",\"name\":\"\u015ar\u00f3dmie\u015bcie\",\"description\":\"Us\u0142ugi pogrzebowe Warszawa \u015ar\u00f3dmie\u015bcie\",\"potentialAction\":[{\"@type\":\"SearchAction\",\"target\":{\"@type\":\"EntryPoint\",\"urlTemplate\":\"https:\/\/amabilis.sereni.pl\/pl\/?s={search_term_string}\"},\"query-input\":{\"@type\":\"PropertyValueSpecification\",\"valueRequired\":true,\"valueName\":\"search_term_string\"}}],\"inLanguage\":\"pl-PL\"}]}<\/script>\n<!-- \/ Yoast SEO plugin. -->","yoast_head_json":{"title":"Przygotowanie nekrolog\u00f3w - \u015ar\u00f3dmie\u015bcie","description":"Przygotowywanie nekrolog\u00f3w i klepsydr \u015ar\u00f3dmie\u015bcie Warszawy. Dom pogrzebowy z tradycjami w Warszawie. Godny pogrzeb w Warszawie","robots":{"index":"index","follow":"follow","max-snippet":"max-snippet:-1","max-image-preview":"max-image-preview:large","max-video-preview":"max-video-preview:-1"},"canonical":"https:\/\/warszawa.sereni.pl\/pl\/przygotowanie-nekrologow\/","og_locale":"pl_PL","og_type":"article","og_title":"Przygotowanie nekrolog\u00f3w - \u015ar\u00f3dmie\u015bcie","og_description":"Przygotowywanie nekrolog\u00f3w i klepsydr \u015ar\u00f3dmie\u015bcie Warszawy. Dom pogrzebowy z tradycjami w Warszawie. Godny pogrzeb w Warszawie","og_url":"https:\/\/warszawa.sereni.pl\/pl\/przygotowanie-nekrologow\/","og_site_name":"\u015ar\u00f3dmie\u015bcie","article_modified_time":"2024-01-02T10:44:00+00:00","twitter_card":"summary_large_image","schema":{"@context":"https:\/\/schema.org","@graph":[{"@type":"WebPage","@id":"https:\/\/warszawa.sereni.pl\/pl\/przygotowanie-nekrologow\/","url":"https:\/\/warszawa.sereni.pl\/pl\/przygotowanie-nekrologow\/","name":"Przygotowanie nekrolog\u00f3w - \u015ar\u00f3dmie\u015bcie","isPartOf":{"@id":"https:\/\/amabilis.sereni.pl\/pl\/#website"},"datePublished":"2023-07-26T11:41:46+00:00","dateModified":"2024-01-02T10:44:00+00:00","description":"Przygotowywanie nekrolog\u00f3w i klepsydr \u015ar\u00f3dmie\u015bcie Warszawy. Dom pogrzebowy z tradycjami w Warszawie. Godny pogrzeb w Warszawie","inLanguage":"pl-PL","potentialAction":[{"@type":"ReadAction","target":["https:\/\/warszawa.sereni.pl\/pl\/przygotowanie-nekrologow\/"]}]},{"@type":"WebSite","@id":"https:\/\/amabilis.sereni.pl\/pl\/#website","url":"https:\/\/amabilis.sereni.pl\/pl\/","name":"\u015ar\u00f3dmie\u015bcie","description":"Us\u0142ugi pogrzebowe Warszawa \u015ar\u00f3dmie\u015bcie","potentialAction":[{"@type":"SearchAction","target":{"@type":"EntryPoint","urlTemplate":"https:\/\/amabilis.sereni.pl\/pl\/?s={search_term_string}"},"query-input":{"@type":"PropertyValueSpecification","valueRequired":true,"valueName":"search_term_string"}}],"inLanguage":"pl-PL"}]}},"_links":{"self":[{"href":"https:\/\/warszawa.sereni.pl\/pl\/wp-json\/wp\/v2\/pages\/728","targetHints":{"allow":["GET"]}}],"collection":[{"href":"https:\/\/warszawa.sereni.pl\/pl\/wp-json\/wp\/v2\/pages"}],"about":[{"href":"https:\/\/warszawa.sereni.pl\/pl\/wp-json\/wp\/v2\/types\/page"}],"author":[{"embeddable":true,"href":"https:\/\/warszawa.sereni.pl\/pl\/wp-json\/wp\/v2\/users\/2"}],"replies":[{"embeddable":true,"href":"https:\/\/warszawa.sereni.pl\/pl\/wp-json\/wp\/v2\/comments?post=728"}],"version-history":[{"count":21,"href":"https:\/\/warszawa.sereni.pl\/pl\/wp-json\/wp\/v2\/pages\/728\/revisions"}],"predecessor-version":[{"id":1660,"href":"https:\/\/warszawa.sereni.pl\/pl\/wp-json\/wp\/v2\/pages\/728\/revisions\/1660"}],"wp:attachment":[{"href":"https:\/\/warszawa.sereni.pl\/pl\/wp-json\/wp\/v2\/media?parent=728"}],"curies":[{"name":"wp","href":"https:\/\/api.w.org\/{rel}","templated":true}]}}