{"id":636,"date":"2023-07-24T16:57:47","date_gmt":"2023-07-24T14:57:47","guid":{"rendered":"https:\/\/warszawa.sereni.pl\/?page_id=636"},"modified":"2024-01-02T11:45:36","modified_gmt":"2024-01-02T10:45:36","slug":"sprzedaz-trumien","status":"publish","type":"page","link":"https:\/\/warszawa.sereni.pl\/pl\/sprzedaz-trumien\/","title":{"rendered":"Sprzeda\u017c trumien"},"content":{"rendered":"\n<div id=\"block-main-banner-block_63eaaf6b686b2b550289aa94cdca49b3\" class=\"block-main-banner\">\n    <div class=\"container\">\n        <div class=\"banner-wrap layout2 content_right content_top\">\n            <div class=\"banner-image\">\n                                                            <img loading=\"lazy\" decoding=\"async\" width=\"1440\" height=\"960\" src=\"https:\/\/shop.sereni.pl\/app\/uploads\/sites\/4\/2024\/01\/GS__4252-kopia-1440x960.jpg\" class=\"attachment-full-stretched size-full-stretched\" alt=\"Sprzeda\u017c trumien\" srcset=\"https:\/\/shop.sereni.pl\/app\/uploads\/sites\/4\/2024\/01\/GS__4252-kopia-1440x960.jpg 1440w, https:\/\/shop.sereni.pl\/app\/uploads\/sites\/4\/2024\/01\/GS__4252-kopia-300x200.jpg 300w, https:\/\/shop.sereni.pl\/app\/uploads\/sites\/4\/2024\/01\/GS__4252-kopia-1024x683.jpg 1024w, https:\/\/shop.sereni.pl\/app\/uploads\/sites\/4\/2024\/01\/GS__4252-kopia-768x512.jpg 768w, https:\/\/shop.sereni.pl\/app\/uploads\/sites\/4\/2024\/01\/GS__4252-kopia-1536x1024.jpg 1536w, https:\/\/shop.sereni.pl\/app\/uploads\/sites\/4\/2024\/01\/GS__4252-kopia-2048x1365.jpg 2048w, https:\/\/shop.sereni.pl\/app\/uploads\/sites\/4\/2024\/01\/GS__4252-kopia-450x300.jpg 450w, https:\/\/shop.sereni.pl\/app\/uploads\/sites\/4\/2024\/01\/GS__4252-kopia-1300x867.jpg 1300w\" sizes=\"auto, (max-width: 1440px) 100vw, 1440px\" title=\"Sprzeda\u017c trumien\" \/>                                                <\/div>\n\n                            <div class=\"banner-content\">\n                    <div class=\"inner\">\n                        <h3>Trumny<\/h3>\n<p>W domu pogrzebowym Zak\u0142ad Pogrzebowy \u015ar\u00f3dmie\u015bcie znajd\u0105 Pa\u0144stwo du\u017cy zakres wyb\u00f3r trumien do wyboru. Zar\u00f3wno do poch\u00f3wku kremacyjnego, jak i tradycyjnego.<\/p>\n<p>Wszystkie oferowane trumny s\u0105 wykonane z dba\u0142o\u015bci\u0105 o szczeg\u00f3\u0142y i najwy\u017csz\u0105 staranno\u015bci\u0105. Oferujemy pe\u0142ny wyb\u00f3r modeli sosnowych jak i d\u0119bowych z r\u00f3\u017cnymi zdobieniami i rodzajami otwar\u0107.<\/p>\n<p>Wszystkie modele trumien s\u0105 wyposa\u017cone w:<\/p>\n<ul>\n<li>Kapk\u0119<\/li>\n<li>Pasyjk\u0119<\/li>\n<li>Antaby<\/li>\n<li>Poduszk\u0119<\/li>\n<li>Trumny przeznaczone do poch\u00f3wku kremacyjnego s\u0105 wykonane z zachowaniem wszelkich wymog\u00f3w i standard\u00f3w<\/li>\n<\/ul>\n<p>&nbsp;<\/p>\n                    <\/div>\n                <\/div>\n                    <\/div>\n    <\/div>\n<\/div>\n\n\n\n<h3 class=\"wp-block-heading normal\">Przyk\u0142ady dost\u0119pnych trumien:<\/h3>\n\n\n\n<div id=\"block-gallery-block_aaa5fea0848c61dfd348a8f3805f6def\" class=\"block-gallery\">\n    <div class=\"container\">\n        <div class=\"gallery-wrap\">\n            <div class=\"image-gallery\">\n                                                            <div class=\"image\">\n                            <img loading=\"lazy\" decoding=\"async\" width=\"680\" height=\"680\" src=\"https:\/\/shop.sereni.pl\/app\/uploads\/sites\/4\/2023\/07\/Trumna-5.jpg\" class=\"attachment-full-medium size-full-medium\" alt=\"Sprzeda\u017c trumien\" srcset=\"https:\/\/shop.sereni.pl\/app\/uploads\/sites\/4\/2023\/07\/Trumna-5.jpg 680w, https:\/\/shop.sereni.pl\/app\/uploads\/sites\/4\/2023\/07\/Trumna-5-300x300.jpg 300w, https:\/\/shop.sereni.pl\/app\/uploads\/sites\/4\/2023\/07\/Trumna-5-150x150.jpg 150w\" sizes=\"auto, (max-width: 680px) 100vw, 680px\" title=\"Sprzeda\u017c trumien\" \/>                        <\/div>\n                                            <div class=\"image\">\n                            <img loading=\"lazy\" decoding=\"async\" width=\"680\" height=\"680\" src=\"https:\/\/shop.sereni.pl\/app\/uploads\/sites\/4\/2023\/07\/Trumna-10.jpg\" class=\"attachment-full-medium size-full-medium\" alt=\"Sprzeda\u017c trumien\" srcset=\"https:\/\/shop.sereni.pl\/app\/uploads\/sites\/4\/2023\/07\/Trumna-10.jpg 680w, https:\/\/shop.sereni.pl\/app\/uploads\/sites\/4\/2023\/07\/Trumna-10-300x300.jpg 300w, https:\/\/shop.sereni.pl\/app\/uploads\/sites\/4\/2023\/07\/Trumna-10-150x150.jpg 150w\" sizes=\"auto, (max-width: 680px) 100vw, 680px\" title=\"Sprzeda\u017c trumien\" \/>                        <\/div>\n                                            <div class=\"image\">\n                            <img loading=\"lazy\" decoding=\"async\" width=\"680\" height=\"680\" src=\"https:\/\/shop.sereni.pl\/app\/uploads\/sites\/4\/2023\/07\/Trumna-2.jpg\" class=\"attachment-full-medium size-full-medium\" alt=\"Sprzeda\u017c trumien\" srcset=\"https:\/\/shop.sereni.pl\/app\/uploads\/sites\/4\/2023\/07\/Trumna-2.jpg 680w, https:\/\/shop.sereni.pl\/app\/uploads\/sites\/4\/2023\/07\/Trumna-2-300x300.jpg 300w, https:\/\/shop.sereni.pl\/app\/uploads\/sites\/4\/2023\/07\/Trumna-2-150x150.jpg 150w\" sizes=\"auto, (max-width: 680px) 100vw, 680px\" title=\"Sprzeda\u017c trumien\" \/>                        <\/div>\n                                            <div class=\"image\">\n                            <img loading=\"lazy\" decoding=\"async\" width=\"680\" height=\"680\" src=\"https:\/\/shop.sereni.pl\/app\/uploads\/sites\/4\/2023\/07\/Trumna-11.jpg\" class=\"attachment-full-medium size-full-medium\" alt=\"Sprzeda\u017c trumien\" srcset=\"https:\/\/shop.sereni.pl\/app\/uploads\/sites\/4\/2023\/07\/Trumna-11.jpg 680w, https:\/\/shop.sereni.pl\/app\/uploads\/sites\/4\/2023\/07\/Trumna-11-300x300.jpg 300w, https:\/\/shop.sereni.pl\/app\/uploads\/sites\/4\/2023\/07\/Trumna-11-150x150.jpg 150w\" sizes=\"auto, (max-width: 680px) 100vw, 680px\" title=\"Sprzeda\u017c trumien\" \/>                        <\/div>\n                                            <div class=\"image\">\n                            <img loading=\"lazy\" decoding=\"async\" width=\"680\" height=\"680\" src=\"https:\/\/shop.sereni.pl\/app\/uploads\/sites\/4\/2023\/07\/Trumna-12.jpg\" class=\"attachment-full-medium size-full-medium\" alt=\"Sprzeda\u017c trumien\" srcset=\"https:\/\/shop.sereni.pl\/app\/uploads\/sites\/4\/2023\/07\/Trumna-12.jpg 680w, https:\/\/shop.sereni.pl\/app\/uploads\/sites\/4\/2023\/07\/Trumna-12-300x300.jpg 300w, https:\/\/shop.sereni.pl\/app\/uploads\/sites\/4\/2023\/07\/Trumna-12-150x150.jpg 150w\" sizes=\"auto, (max-width: 680px) 100vw, 680px\" title=\"Sprzeda\u017c trumien\" \/>                        <\/div>\n                                            <div class=\"image\">\n                            <img loading=\"lazy\" decoding=\"async\" width=\"680\" height=\"680\" src=\"https:\/\/shop.sereni.pl\/app\/uploads\/sites\/4\/2023\/07\/Trumna-6.jpg\" class=\"attachment-full-medium size-full-medium\" alt=\"Sprzeda\u017c trumien\" srcset=\"https:\/\/shop.sereni.pl\/app\/uploads\/sites\/4\/2023\/07\/Trumna-6.jpg 680w, https:\/\/shop.sereni.pl\/app\/uploads\/sites\/4\/2023\/07\/Trumna-6-300x300.jpg 300w, https:\/\/shop.sereni.pl\/app\/uploads\/sites\/4\/2023\/07\/Trumna-6-150x150.jpg 150w\" sizes=\"auto, (max-width: 680px) 100vw, 680px\" title=\"Sprzeda\u017c trumien\" \/>                        <\/div>\n                                            <div class=\"image\">\n                            <img loading=\"lazy\" decoding=\"async\" width=\"680\" height=\"680\" src=\"https:\/\/shop.sereni.pl\/app\/uploads\/sites\/4\/2023\/07\/Trumna-8.jpg\" class=\"attachment-full-medium size-full-medium\" alt=\"Sprzeda\u017c trumien\" srcset=\"https:\/\/shop.sereni.pl\/app\/uploads\/sites\/4\/2023\/07\/Trumna-8.jpg 680w, https:\/\/shop.sereni.pl\/app\/uploads\/sites\/4\/2023\/07\/Trumna-8-300x300.jpg 300w, https:\/\/shop.sereni.pl\/app\/uploads\/sites\/4\/2023\/07\/Trumna-8-150x150.jpg 150w\" sizes=\"auto, (max-width: 680px) 100vw, 680px\" title=\"Sprzeda\u017c trumien\" \/>                        <\/div>\n                                            <div class=\"image\">\n                            <img loading=\"lazy\" decoding=\"async\" width=\"680\" height=\"680\" src=\"https:\/\/shop.sereni.pl\/app\/uploads\/sites\/4\/2023\/07\/Trumna-4.jpg\" class=\"attachment-full-medium size-full-medium\" alt=\"Sprzeda\u017c trumien\" srcset=\"https:\/\/shop.sereni.pl\/app\/uploads\/sites\/4\/2023\/07\/Trumna-4.jpg 680w, https:\/\/shop.sereni.pl\/app\/uploads\/sites\/4\/2023\/07\/Trumna-4-300x300.jpg 300w, https:\/\/shop.sereni.pl\/app\/uploads\/sites\/4\/2023\/07\/Trumna-4-150x150.jpg 150w\" sizes=\"auto, (max-width: 680px) 100vw, 680px\" title=\"Sprzeda\u017c trumien\" \/>                        <\/div>\n                                            <div class=\"image\">\n                            <img loading=\"lazy\" decoding=\"async\" width=\"680\" height=\"680\" src=\"https:\/\/shop.sereni.pl\/app\/uploads\/sites\/4\/2023\/07\/Trumna-3.jpg\" class=\"attachment-full-medium size-full-medium\" alt=\"Sprzeda\u017c trumien\" srcset=\"https:\/\/shop.sereni.pl\/app\/uploads\/sites\/4\/2023\/07\/Trumna-3.jpg 680w, https:\/\/shop.sereni.pl\/app\/uploads\/sites\/4\/2023\/07\/Trumna-3-300x300.jpg 300w, https:\/\/shop.sereni.pl\/app\/uploads\/sites\/4\/2023\/07\/Trumna-3-150x150.jpg 150w\" sizes=\"auto, (max-width: 680px) 100vw, 680px\" title=\"Sprzeda\u017c trumien\" \/>                        <\/div>\n                                            <div class=\"image\">\n                            <img loading=\"lazy\" decoding=\"async\" width=\"680\" height=\"680\" src=\"https:\/\/shop.sereni.pl\/app\/uploads\/sites\/4\/2023\/07\/Trumna-9.jpg\" class=\"attachment-full-medium size-full-medium\" alt=\"Sprzeda\u017c trumien\" srcset=\"https:\/\/shop.sereni.pl\/app\/uploads\/sites\/4\/2023\/07\/Trumna-9.jpg 680w, https:\/\/shop.sereni.pl\/app\/uploads\/sites\/4\/2023\/07\/Trumna-9-300x300.jpg 300w, https:\/\/shop.sereni.pl\/app\/uploads\/sites\/4\/2023\/07\/Trumna-9-150x150.jpg 150w\" sizes=\"auto, (max-width: 680px) 100vw, 680px\" title=\"Sprzeda\u017c trumien\" \/>                        <\/div>\n                                            <div class=\"image\">\n                            <img loading=\"lazy\" decoding=\"async\" width=\"680\" height=\"680\" src=\"https:\/\/shop.sereni.pl\/app\/uploads\/sites\/4\/2023\/07\/Trumna-17.jpg\" class=\"attachment-full-medium size-full-medium\" alt=\"Sprzeda\u017c trumien\" srcset=\"https:\/\/shop.sereni.pl\/app\/uploads\/sites\/4\/2023\/07\/Trumna-17.jpg 680w, https:\/\/shop.sereni.pl\/app\/uploads\/sites\/4\/2023\/07\/Trumna-17-300x300.jpg 300w, https:\/\/shop.sereni.pl\/app\/uploads\/sites\/4\/2023\/07\/Trumna-17-150x150.jpg 150w\" sizes=\"auto, (max-width: 680px) 100vw, 680px\" title=\"Sprzeda\u017c trumien\" \/>                        <\/div>\n                                            <div class=\"image\">\n                            <img loading=\"lazy\" decoding=\"async\" width=\"680\" height=\"680\" src=\"https:\/\/shop.sereni.pl\/app\/uploads\/sites\/4\/2023\/07\/Trumna-18.jpg\" class=\"attachment-full-medium size-full-medium\" alt=\"Sprzeda\u017c trumien\" srcset=\"https:\/\/shop.sereni.pl\/app\/uploads\/sites\/4\/2023\/07\/Trumna-18.jpg 680w, https:\/\/shop.sereni.pl\/app\/uploads\/sites\/4\/2023\/07\/Trumna-18-300x300.jpg 300w, https:\/\/shop.sereni.pl\/app\/uploads\/sites\/4\/2023\/07\/Trumna-18-150x150.jpg 150w\" sizes=\"auto, (max-width: 680px) 100vw, 680px\" title=\"Sprzeda\u017c trumien\" \/>                        <\/div>\n                                            <div class=\"image\">\n                            <img loading=\"lazy\" decoding=\"async\" width=\"680\" height=\"680\" src=\"https:\/\/shop.sereni.pl\/app\/uploads\/sites\/4\/2023\/07\/Trumna-7.jpg\" class=\"attachment-full-medium size-full-medium\" alt=\"Sprzeda\u017c trumien\" srcset=\"https:\/\/shop.sereni.pl\/app\/uploads\/sites\/4\/2023\/07\/Trumna-7.jpg 680w, https:\/\/shop.sereni.pl\/app\/uploads\/sites\/4\/2023\/07\/Trumna-7-300x300.jpg 300w, https:\/\/shop.sereni.pl\/app\/uploads\/sites\/4\/2023\/07\/Trumna-7-150x150.jpg 150w\" sizes=\"auto, (max-width: 680px) 100vw, 680px\" title=\"Sprzeda\u017c trumien\" \/>                        <\/div>\n                                            <div class=\"image\">\n                            <img loading=\"lazy\" decoding=\"async\" width=\"680\" height=\"680\" src=\"https:\/\/shop.sereni.pl\/app\/uploads\/sites\/4\/2023\/07\/Trumna-20.jpg\" class=\"attachment-full-medium size-full-medium\" alt=\"Sprzeda\u017c trumien\" srcset=\"https:\/\/shop.sereni.pl\/app\/uploads\/sites\/4\/2023\/07\/Trumna-20.jpg 680w, https:\/\/shop.sereni.pl\/app\/uploads\/sites\/4\/2023\/07\/Trumna-20-300x300.jpg 300w, https:\/\/shop.sereni.pl\/app\/uploads\/sites\/4\/2023\/07\/Trumna-20-150x150.jpg 150w\" sizes=\"auto, (max-width: 680px) 100vw, 680px\" title=\"Sprzeda\u017c trumien\" \/>                        <\/div>\n                                            <div class=\"image\">\n                            <img loading=\"lazy\" decoding=\"async\" width=\"680\" height=\"680\" src=\"https:\/\/shop.sereni.pl\/app\/uploads\/sites\/4\/2023\/07\/Trumna-15.jpg\" class=\"attachment-full-medium size-full-medium\" alt=\"Sprzeda\u017c trumien\" srcset=\"https:\/\/shop.sereni.pl\/app\/uploads\/sites\/4\/2023\/07\/Trumna-15.jpg 680w, https:\/\/shop.sereni.pl\/app\/uploads\/sites\/4\/2023\/07\/Trumna-15-300x300.jpg 300w, https:\/\/shop.sereni.pl\/app\/uploads\/sites\/4\/2023\/07\/Trumna-15-150x150.jpg 150w\" sizes=\"auto, (max-width: 680px) 100vw, 680px\" title=\"Sprzeda\u017c trumien\" \/>                        <\/div>\n                                            <div class=\"image\">\n                            <img loading=\"lazy\" decoding=\"async\" width=\"680\" height=\"680\" src=\"https:\/\/shop.sereni.pl\/app\/uploads\/sites\/4\/2023\/07\/Trumna-16.jpg\" class=\"attachment-full-medium size-full-medium\" alt=\"Sprzeda\u017c trumien\" srcset=\"https:\/\/shop.sereni.pl\/app\/uploads\/sites\/4\/2023\/07\/Trumna-16.jpg 680w, https:\/\/shop.sereni.pl\/app\/uploads\/sites\/4\/2023\/07\/Trumna-16-300x300.jpg 300w, https:\/\/shop.sereni.pl\/app\/uploads\/sites\/4\/2023\/07\/Trumna-16-150x150.jpg 150w\" sizes=\"auto, (max-width: 680px) 100vw, 680px\" title=\"Sprzeda\u017c trumien\" \/>                        <\/div>\n                                            <div class=\"image\">\n                            <img loading=\"lazy\" decoding=\"async\" width=\"680\" height=\"680\" src=\"https:\/\/shop.sereni.pl\/app\/uploads\/sites\/4\/2023\/07\/Trumna-14.jpg\" class=\"attachment-full-medium size-full-medium\" alt=\"Sprzeda\u017c trumien\" srcset=\"https:\/\/shop.sereni.pl\/app\/uploads\/sites\/4\/2023\/07\/Trumna-14.jpg 680w, https:\/\/shop.sereni.pl\/app\/uploads\/sites\/4\/2023\/07\/Trumna-14-300x300.jpg 300w, https:\/\/shop.sereni.pl\/app\/uploads\/sites\/4\/2023\/07\/Trumna-14-150x150.jpg 150w\" sizes=\"auto, (max-width: 680px) 100vw, 680px\" title=\"Sprzeda\u017c trumien\" \/>                        <\/div>\n                                            <div class=\"image\">\n                            <img loading=\"lazy\" decoding=\"async\" width=\"680\" height=\"680\" src=\"https:\/\/shop.sereni.pl\/app\/uploads\/sites\/4\/2023\/07\/Trumna-1.jpg\" class=\"attachment-full-medium size-full-medium\" alt=\"Sprzeda\u017c trumien\" srcset=\"https:\/\/shop.sereni.pl\/app\/uploads\/sites\/4\/2023\/07\/Trumna-1.jpg 680w, https:\/\/shop.sereni.pl\/app\/uploads\/sites\/4\/2023\/07\/Trumna-1-300x300.jpg 300w, https:\/\/shop.sereni.pl\/app\/uploads\/sites\/4\/2023\/07\/Trumna-1-150x150.jpg 150w\" sizes=\"auto, (max-width: 680px) 100vw, 680px\" title=\"Sprzeda\u017c trumien\" \/>                        <\/div>\n                                            <div class=\"image\">\n                            <img loading=\"lazy\" decoding=\"async\" width=\"680\" height=\"680\" src=\"https:\/\/shop.sereni.pl\/app\/uploads\/sites\/4\/2023\/07\/Trumna-19.jpg\" class=\"attachment-full-medium size-full-medium\" alt=\"Sprzeda\u017c trumien\" srcset=\"https:\/\/shop.sereni.pl\/app\/uploads\/sites\/4\/2023\/07\/Trumna-19.jpg 680w, https:\/\/shop.sereni.pl\/app\/uploads\/sites\/4\/2023\/07\/Trumna-19-300x300.jpg 300w, https:\/\/shop.sereni.pl\/app\/uploads\/sites\/4\/2023\/07\/Trumna-19-150x150.jpg 150w\" sizes=\"auto, (max-width: 680px) 100vw, 680px\" title=\"Sprzeda\u017c trumien\" \/>                        <\/div>\n                                            <div class=\"image\">\n                            <img loading=\"lazy\" decoding=\"async\" width=\"680\" height=\"680\" src=\"https:\/\/shop.sereni.pl\/app\/uploads\/sites\/4\/2023\/07\/Trumna-13.jpg\" class=\"attachment-full-medium size-full-medium\" alt=\"Sprzeda\u017c trumien\" srcset=\"https:\/\/shop.sereni.pl\/app\/uploads\/sites\/4\/2023\/07\/Trumna-13.jpg 680w, https:\/\/shop.sereni.pl\/app\/uploads\/sites\/4\/2023\/07\/Trumna-13-300x300.jpg 300w, https:\/\/shop.sereni.pl\/app\/uploads\/sites\/4\/2023\/07\/Trumna-13-150x150.jpg 150w\" sizes=\"auto, (max-width: 680px) 100vw, 680px\" title=\"Sprzeda\u017c trumien\" \/>                        <\/div>\n                                                <\/div>\n        <\/div>\n    <\/div>\n<\/div>\n","protected":false},"excerpt":{"rendered":"<p>Przyk\u0142ady dost\u0119pnych trumien:<\/p>\n","protected":false},"author":2,"featured_media":0,"parent":0,"menu_order":0,"comment_status":"closed","ping_status":"closed","template":"","meta":{"_acf_changed":false,"footnotes":""},"class_list":["post-636","page","type-page","status-publish","hentry"],"acf":[],"yoast_head":"<!-- This site is optimized with the Yoast SEO plugin v25.8 - https:\/\/yoast.com\/wordpress\/plugins\/seo\/ -->\n<title>Sprzeda\u017c trumien - \u015ar\u00f3dmie\u015bcie<\/title>\n<meta name=\"description\" content=\"Oferujemy szeroki zakres us\u0142ug pogrzebowych w Warszawie i okolicach. Szeroki wyb\u00f3r trumien. Sprzeda\u017c trumien. Dom pogrzebowy Warszawa\" \/>\n<meta name=\"robots\" content=\"index, follow, max-snippet:-1, max-image-preview:large, max-video-preview:-1\" \/>\n<link rel=\"canonical\" href=\"https:\/\/warszawa.sereni.pl\/pl\/sprzedaz-trumien\/\" \/>\n<meta property=\"og:locale\" content=\"pl_PL\" \/>\n<meta property=\"og:type\" content=\"article\" \/>\n<meta property=\"og:title\" content=\"Sprzeda\u017c trumien - \u015ar\u00f3dmie\u015bcie\" \/>\n<meta property=\"og:description\" content=\"Oferujemy szeroki zakres us\u0142ug pogrzebowych w Warszawie i okolicach. Szeroki wyb\u00f3r trumien. Sprzeda\u017c trumien. Dom pogrzebowy Warszawa\" \/>\n<meta property=\"og:url\" content=\"https:\/\/warszawa.sereni.pl\/pl\/sprzedaz-trumien\/\" \/>\n<meta property=\"og:site_name\" content=\"\u015ar\u00f3dmie\u015bcie\" \/>\n<meta property=\"article:modified_time\" content=\"2024-01-02T10:45:36+00:00\" \/>\n<meta name=\"twitter:card\" content=\"summary_large_image\" \/>\n<meta name=\"twitter:label1\" content=\"Szacowany czas czytania\" \/>\n\t<meta name=\"twitter:data1\" content=\"1 minuta\" \/>\n<script type=\"application\/ld+json\" class=\"yoast-schema-graph\">{\"@context\":\"https:\/\/schema.org\",\"@graph\":[{\"@type\":\"WebPage\",\"@id\":\"https:\/\/warszawa.sereni.pl\/pl\/sprzedaz-trumien\/\",\"url\":\"https:\/\/warszawa.sereni.pl\/pl\/sprzedaz-trumien\/\",\"name\":\"Sprzeda\u017c trumien - \u015ar\u00f3dmie\u015bcie\",\"isPartOf\":{\"@id\":\"https:\/\/amabilis.sereni.pl\/pl\/#website\"},\"datePublished\":\"2023-07-24T14:57:47+00:00\",\"dateModified\":\"2024-01-02T10:45:36+00:00\",\"description\":\"Oferujemy szeroki zakres us\u0142ug pogrzebowych w Warszawie i okolicach. Szeroki wyb\u00f3r trumien. Sprzeda\u017c trumien. Dom pogrzebowy Warszawa\",\"inLanguage\":\"pl-PL\",\"potentialAction\":[{\"@type\":\"ReadAction\",\"target\":[\"https:\/\/warszawa.sereni.pl\/pl\/sprzedaz-trumien\/\"]}]},{\"@type\":\"WebSite\",\"@id\":\"https:\/\/amabilis.sereni.pl\/pl\/#website\",\"url\":\"https:\/\/amabilis.sereni.pl\/pl\/\",\"name\":\"\u015ar\u00f3dmie\u015bcie\",\"description\":\"Us\u0142ugi pogrzebowe Warszawa \u015ar\u00f3dmie\u015bcie\",\"potentialAction\":[{\"@type\":\"SearchAction\",\"target\":{\"@type\":\"EntryPoint\",\"urlTemplate\":\"https:\/\/amabilis.sereni.pl\/pl\/?s={search_term_string}\"},\"query-input\":{\"@type\":\"PropertyValueSpecification\",\"valueRequired\":true,\"valueName\":\"search_term_string\"}}],\"inLanguage\":\"pl-PL\"}]}<\/script>\n<!-- \/ Yoast SEO plugin. -->","yoast_head_json":{"title":"Sprzeda\u017c trumien - \u015ar\u00f3dmie\u015bcie","description":"Oferujemy szeroki zakres us\u0142ug pogrzebowych w Warszawie i okolicach. Szeroki wyb\u00f3r trumien. Sprzeda\u017c trumien. Dom pogrzebowy Warszawa","robots":{"index":"index","follow":"follow","max-snippet":"max-snippet:-1","max-image-preview":"max-image-preview:large","max-video-preview":"max-video-preview:-1"},"canonical":"https:\/\/warszawa.sereni.pl\/pl\/sprzedaz-trumien\/","og_locale":"pl_PL","og_type":"article","og_title":"Sprzeda\u017c trumien - \u015ar\u00f3dmie\u015bcie","og_description":"Oferujemy szeroki zakres us\u0142ug pogrzebowych w Warszawie i okolicach. Szeroki wyb\u00f3r trumien. Sprzeda\u017c trumien. Dom pogrzebowy Warszawa","og_url":"https:\/\/warszawa.sereni.pl\/pl\/sprzedaz-trumien\/","og_site_name":"\u015ar\u00f3dmie\u015bcie","article_modified_time":"2024-01-02T10:45:36+00:00","twitter_card":"summary_large_image","twitter_misc":{"Szacowany czas czytania":"1 minuta"},"schema":{"@context":"https:\/\/schema.org","@graph":[{"@type":"WebPage","@id":"https:\/\/warszawa.sereni.pl\/pl\/sprzedaz-trumien\/","url":"https:\/\/warszawa.sereni.pl\/pl\/sprzedaz-trumien\/","name":"Sprzeda\u017c trumien - \u015ar\u00f3dmie\u015bcie","isPartOf":{"@id":"https:\/\/amabilis.sereni.pl\/pl\/#website"},"datePublished":"2023-07-24T14:57:47+00:00","dateModified":"2024-01-02T10:45:36+00:00","description":"Oferujemy szeroki zakres us\u0142ug pogrzebowych w Warszawie i okolicach. Szeroki wyb\u00f3r trumien. Sprzeda\u017c trumien. Dom pogrzebowy Warszawa","inLanguage":"pl-PL","potentialAction":[{"@type":"ReadAction","target":["https:\/\/warszawa.sereni.pl\/pl\/sprzedaz-trumien\/"]}]},{"@type":"WebSite","@id":"https:\/\/amabilis.sereni.pl\/pl\/#website","url":"https:\/\/amabilis.sereni.pl\/pl\/","name":"\u015ar\u00f3dmie\u015bcie","description":"Us\u0142ugi pogrzebowe Warszawa \u015ar\u00f3dmie\u015bcie","potentialAction":[{"@type":"SearchAction","target":{"@type":"EntryPoint","urlTemplate":"https:\/\/amabilis.sereni.pl\/pl\/?s={search_term_string}"},"query-input":{"@type":"PropertyValueSpecification","valueRequired":true,"valueName":"search_term_string"}}],"inLanguage":"pl-PL"}]}},"_links":{"self":[{"href":"https:\/\/warszawa.sereni.pl\/pl\/wp-json\/wp\/v2\/pages\/636","targetHints":{"allow":["GET"]}}],"collection":[{"href":"https:\/\/warszawa.sereni.pl\/pl\/wp-json\/wp\/v2\/pages"}],"about":[{"href":"https:\/\/warszawa.sereni.pl\/pl\/wp-json\/wp\/v2\/types\/page"}],"author":[{"embeddable":true,"href":"https:\/\/warszawa.sereni.pl\/pl\/wp-json\/wp\/v2\/users\/2"}],"replies":[{"embeddable":true,"href":"https:\/\/warszawa.sereni.pl\/pl\/wp-json\/wp\/v2\/comments?post=636"}],"version-history":[{"count":26,"href":"https:\/\/warszawa.sereni.pl\/pl\/wp-json\/wp\/v2\/pages\/636\/revisions"}],"predecessor-version":[{"id":1663,"href":"https:\/\/warszawa.sereni.pl\/pl\/wp-json\/wp\/v2\/pages\/636\/revisions\/1663"}],"wp:attachment":[{"href":"https:\/\/warszawa.sereni.pl\/pl\/wp-json\/wp\/v2\/media?parent=636"}],"curies":[{"name":"wp","href":"https:\/\/api.w.org\/{rel}","templated":true}]}}