{"id":418,"date":"2023-07-11T17:47:11","date_gmt":"2023-07-11T15:47:11","guid":{"rendered":"https:\/\/warszawa.sereni.pl\/?page_id=418"},"modified":"2023-11-28T19:09:31","modified_gmt":"2023-11-28T18:09:31","slug":"wience-i-wiazanki","status":"publish","type":"page","link":"https:\/\/warszawa.sereni.pl\/pl\/wience-i-wiazanki\/","title":{"rendered":"Wie\u0144ce i wi\u0105zanki"},"content":{"rendered":"\n<div id=\"block-main-banner-block_6e76f3d4a97a1259bef8249510efc2bc\" class=\"block-main-banner\">\n    <div class=\"container\">\n        <div class=\"banner-wrap layout2 content_right content_top\">\n            <div class=\"banner-image\">\n                                                            <img loading=\"lazy\" decoding=\"async\" width=\"1440\" height=\"960\" src=\"https:\/\/shop.sereni.pl\/app\/uploads\/sites\/4\/2023\/10\/VanderLinden_01-1440x960.jpg\" class=\"attachment-full-stretched size-full-stretched\" alt=\"Wie\u0144ce i wi\u0105zanki\" srcset=\"https:\/\/shop.sereni.pl\/app\/uploads\/sites\/4\/2023\/10\/VanderLinden_01-1440x960.jpg 1440w, https:\/\/shop.sereni.pl\/app\/uploads\/sites\/4\/2023\/10\/VanderLinden_01-300x200.jpg 300w, https:\/\/shop.sereni.pl\/app\/uploads\/sites\/4\/2023\/10\/VanderLinden_01-1024x683.jpg 1024w, https:\/\/shop.sereni.pl\/app\/uploads\/sites\/4\/2023\/10\/VanderLinden_01-768x512.jpg 768w, https:\/\/shop.sereni.pl\/app\/uploads\/sites\/4\/2023\/10\/VanderLinden_01-1536x1024.jpg 1536w, https:\/\/shop.sereni.pl\/app\/uploads\/sites\/4\/2023\/10\/VanderLinden_01-2048x1365.jpg 2048w, https:\/\/shop.sereni.pl\/app\/uploads\/sites\/4\/2023\/10\/VanderLinden_01-450x300.jpg 450w, https:\/\/shop.sereni.pl\/app\/uploads\/sites\/4\/2023\/10\/VanderLinden_01-1300x867.jpg 1300w\" sizes=\"auto, (max-width: 1440px) 100vw, 1440px\" title=\"Wie\u0144ce i wi\u0105zanki\" \/>                                                <\/div>\n\n                            <div class=\"banner-content\">\n                    <div class=\"inner\">\n                        <h3>Ca\u0142o\u015bciowa oprawa florystyczna ceremonii pogrzebowej<\/h3>\n<p>W dniu po\u017cegnania z wa\u017cn\u0105 osob\u0105, aby odda\u0107 jej ho\u0142d, tradycyjnie na grobie sk\u0142adamy kwiaty. Od wie\u0144c\u00f3w z kondolencjami\u00a0 dla rodziny, po symboliczne wi\u0105zanki.<br \/>\nPodczas ceremonii pogrzebu kwiaty pozwalaj\u0105 r\u00f3wnie\u017c zbudowa\u0107 podnios\u0142\u0105 atmosfer\u0119. Na \u017cyczenie rodziny mo\u017cemy zapewni\u0107 odpowiedni\u0105 opraw\u0119 florystyczn\u0105 pogrzebu.<br \/>\nUs\u0142ugi florystyczne, kt\u00f3re \u015bwiadczymy:<\/p>\n<ul>\n<li>Przygotowanie stroik\u00f3w na trumny i urny<\/li>\n<li>Przygotowanie wie\u0144c\u00f3w i wi\u0105zanek pogrzebowych<\/li>\n<li>Przygotowanie oprawy florystycznej na cmentarzu i w ko\u015bciele<\/li>\n<\/ul>\n                    <\/div>\n                <\/div>\n                    <\/div>\n    <\/div>\n<\/div>\n\n\n\n<h3 class=\"wp-block-heading normal\">Oto przyk\u0142ady wie\u0144c\u00f3w, kt\u00f3re uk\u0142adamy z kwiat\u00f3w sztucznych i \u017cywych:<\/h3>\n\n\n\n<figure class=\"wp-block-gallery has-nested-images columns-default is-cropped wp-block-gallery-1 is-layout-flex wp-block-gallery-is-layout-flex\">\n<figure class=\"wp-block-image size-large\"><img loading=\"lazy\" decoding=\"async\" width=\"768\" height=\"1024\" data-id=\"1584\" src=\"https:\/\/shop.sereni.pl\/app\/uploads\/sites\/4\/2023\/10\/IMG_20190104_133154_HHT-1-768x1024.jpg\" alt=\"\" class=\"wp-image-1584\" srcset=\"https:\/\/shop.sereni.pl\/app\/uploads\/sites\/4\/2023\/10\/IMG_20190104_133154_HHT-1-768x1024.jpg 768w, https:\/\/shop.sereni.pl\/app\/uploads\/sites\/4\/2023\/10\/IMG_20190104_133154_HHT-1-225x300.jpg 225w, https:\/\/shop.sereni.pl\/app\/uploads\/sites\/4\/2023\/10\/IMG_20190104_133154_HHT-1.jpg 810w\" sizes=\"auto, (max-width: 768px) 100vw, 768px\" \/><\/figure>\n\n\n\n<figure class=\"wp-block-image size-large\"><img loading=\"lazy\" decoding=\"async\" width=\"768\" height=\"1024\" data-id=\"1586\" src=\"https:\/\/shop.sereni.pl\/app\/uploads\/sites\/4\/2023\/10\/IMG_20191014_134640-1-768x1024.jpg\" alt=\"\" class=\"wp-image-1586\" srcset=\"https:\/\/shop.sereni.pl\/app\/uploads\/sites\/4\/2023\/10\/IMG_20191014_134640-1-768x1024.jpg 768w, https:\/\/shop.sereni.pl\/app\/uploads\/sites\/4\/2023\/10\/IMG_20191014_134640-1-225x300.jpg 225w, https:\/\/shop.sereni.pl\/app\/uploads\/sites\/4\/2023\/10\/IMG_20191014_134640-1.jpg 810w\" sizes=\"auto, (max-width: 768px) 100vw, 768px\" \/><\/figure>\n\n\n\n<figure class=\"wp-block-image size-large\"><img loading=\"lazy\" decoding=\"async\" width=\"768\" height=\"1024\" data-id=\"1593\" src=\"https:\/\/shop.sereni.pl\/app\/uploads\/sites\/4\/2023\/10\/IMG_20200821_093734-768x1024.jpg\" alt=\"\" class=\"wp-image-1593\" srcset=\"https:\/\/shop.sereni.pl\/app\/uploads\/sites\/4\/2023\/10\/IMG_20200821_093734-768x1024.jpg 768w, https:\/\/shop.sereni.pl\/app\/uploads\/sites\/4\/2023\/10\/IMG_20200821_093734-225x300.jpg 225w, https:\/\/shop.sereni.pl\/app\/uploads\/sites\/4\/2023\/10\/IMG_20200821_093734.jpg 810w\" sizes=\"auto, (max-width: 768px) 100vw, 768px\" \/><\/figure>\n\n\n\n<figure class=\"wp-block-image size-large\"><img loading=\"lazy\" decoding=\"async\" width=\"768\" height=\"1024\" data-id=\"1592\" src=\"https:\/\/shop.sereni.pl\/app\/uploads\/sites\/4\/2023\/10\/IMG_20200617_103422-768x1024.jpg\" alt=\"\" class=\"wp-image-1592\" srcset=\"https:\/\/shop.sereni.pl\/app\/uploads\/sites\/4\/2023\/10\/IMG_20200617_103422-768x1024.jpg 768w, https:\/\/shop.sereni.pl\/app\/uploads\/sites\/4\/2023\/10\/IMG_20200617_103422-225x300.jpg 225w, https:\/\/shop.sereni.pl\/app\/uploads\/sites\/4\/2023\/10\/IMG_20200617_103422.jpg 810w\" sizes=\"auto, (max-width: 768px) 100vw, 768px\" \/><\/figure>\n\n\n\n<figure class=\"wp-block-image size-large\"><img loading=\"lazy\" decoding=\"async\" width=\"768\" height=\"1024\" data-id=\"1588\" src=\"https:\/\/shop.sereni.pl\/app\/uploads\/sites\/4\/2023\/10\/IMG_20200602_094704-1-768x1024.jpg\" alt=\"\" class=\"wp-image-1588\" srcset=\"https:\/\/shop.sereni.pl\/app\/uploads\/sites\/4\/2023\/10\/IMG_20200602_094704-1-768x1024.jpg 768w, https:\/\/shop.sereni.pl\/app\/uploads\/sites\/4\/2023\/10\/IMG_20200602_094704-1-225x300.jpg 225w, https:\/\/shop.sereni.pl\/app\/uploads\/sites\/4\/2023\/10\/IMG_20200602_094704-1.jpg 810w\" sizes=\"auto, (max-width: 768px) 100vw, 768px\" \/><\/figure>\n\n\n\n<figure class=\"wp-block-image size-large\"><img loading=\"lazy\" decoding=\"async\" width=\"768\" height=\"1024\" data-id=\"1590\" src=\"https:\/\/shop.sereni.pl\/app\/uploads\/sites\/4\/2023\/10\/IMG_20201003_082629-1-768x1024.jpg\" alt=\"\" class=\"wp-image-1590\" srcset=\"https:\/\/shop.sereni.pl\/app\/uploads\/sites\/4\/2023\/10\/IMG_20201003_082629-1-768x1024.jpg 768w, https:\/\/shop.sereni.pl\/app\/uploads\/sites\/4\/2023\/10\/IMG_20201003_082629-1-225x300.jpg 225w, https:\/\/shop.sereni.pl\/app\/uploads\/sites\/4\/2023\/10\/IMG_20201003_082629-1.jpg 810w\" sizes=\"auto, (max-width: 768px) 100vw, 768px\" \/><\/figure>\n\n\n\n<figure class=\"wp-block-image size-large\"><img loading=\"lazy\" decoding=\"async\" width=\"768\" height=\"1024\" data-id=\"1595\" src=\"https:\/\/shop.sereni.pl\/app\/uploads\/sites\/4\/2023\/10\/IMG_20201227_084336-1-768x1024.jpg\" alt=\"\" class=\"wp-image-1595\" srcset=\"https:\/\/shop.sereni.pl\/app\/uploads\/sites\/4\/2023\/10\/IMG_20201227_084336-1-768x1024.jpg 768w, https:\/\/shop.sereni.pl\/app\/uploads\/sites\/4\/2023\/10\/IMG_20201227_084336-1-225x300.jpg 225w, https:\/\/shop.sereni.pl\/app\/uploads\/sites\/4\/2023\/10\/IMG_20201227_084336-1.jpg 810w\" sizes=\"auto, (max-width: 768px) 100vw, 768px\" \/><\/figure>\n\n\n\n<figure class=\"wp-block-image size-large\"><img loading=\"lazy\" decoding=\"async\" width=\"720\" height=\"960\" data-id=\"1597\" src=\"https:\/\/shop.sereni.pl\/app\/uploads\/sites\/4\/2023\/10\/SAVE_20191215_203049.jpg\" alt=\"\" class=\"wp-image-1597\" srcset=\"https:\/\/shop.sereni.pl\/app\/uploads\/sites\/4\/2023\/10\/SAVE_20191215_203049.jpg 720w, https:\/\/shop.sereni.pl\/app\/uploads\/sites\/4\/2023\/10\/SAVE_20191215_203049-225x300.jpg 225w\" sizes=\"auto, (max-width: 720px) 100vw, 720px\" \/><\/figure>\n\n\n\n<figure class=\"wp-block-image size-large\"><img loading=\"lazy\" decoding=\"async\" width=\"720\" height=\"960\" data-id=\"1598\" src=\"https:\/\/shop.sereni.pl\/app\/uploads\/sites\/4\/2023\/10\/SAVE_20191215_203100.jpg\" alt=\"\" class=\"wp-image-1598\" srcset=\"https:\/\/shop.sereni.pl\/app\/uploads\/sites\/4\/2023\/10\/SAVE_20191215_203100.jpg 720w, https:\/\/shop.sereni.pl\/app\/uploads\/sites\/4\/2023\/10\/SAVE_20191215_203100-225x300.jpg 225w\" sizes=\"auto, (max-width: 720px) 100vw, 720px\" \/><\/figure>\n\n\n\n<figure class=\"wp-block-image size-large\"><img loading=\"lazy\" decoding=\"async\" width=\"768\" height=\"1024\" data-id=\"1603\" src=\"https:\/\/shop.sereni.pl\/app\/uploads\/sites\/4\/2023\/10\/IMG_20200831_143235-768x1024.jpg\" alt=\"\" class=\"wp-image-1603\" srcset=\"https:\/\/shop.sereni.pl\/app\/uploads\/sites\/4\/2023\/10\/IMG_20200831_143235-768x1024.jpg 768w, https:\/\/shop.sereni.pl\/app\/uploads\/sites\/4\/2023\/10\/IMG_20200831_143235-225x300.jpg 225w, https:\/\/shop.sereni.pl\/app\/uploads\/sites\/4\/2023\/10\/IMG_20200831_143235.jpg 810w\" sizes=\"auto, (max-width: 768px) 100vw, 768px\" \/><\/figure>\n\n\n\n<figure class=\"wp-block-image size-large\"><img loading=\"lazy\" decoding=\"async\" width=\"768\" height=\"1024\" data-id=\"1601\" src=\"https:\/\/shop.sereni.pl\/app\/uploads\/sites\/4\/2023\/10\/IMG_20191003_165057-1-768x1024.jpg\" alt=\"\" class=\"wp-image-1601\" srcset=\"https:\/\/shop.sereni.pl\/app\/uploads\/sites\/4\/2023\/10\/IMG_20191003_165057-1-768x1024.jpg 768w, https:\/\/shop.sereni.pl\/app\/uploads\/sites\/4\/2023\/10\/IMG_20191003_165057-1-225x300.jpg 225w, https:\/\/shop.sereni.pl\/app\/uploads\/sites\/4\/2023\/10\/IMG_20191003_165057-1.jpg 810w\" sizes=\"auto, (max-width: 768px) 100vw, 768px\" \/><\/figure>\n<\/figure>\n\n\n\n<div class=\"wp-block-columns is-layout-flex wp-container-core-columns-is-layout-9d6595d7 wp-block-columns-is-layout-flex\"><\/div>\n\n\n\n<div id=\"block-main-banner-block_35147c5999f337f40a92cc8e414f48aa\" class=\"block-main-banner\">\n    <div class=\"container\">\n        <div class=\"banner-wrap layout1 content_right content_top\">\n            <div class=\"banner-image\">\n                                                                                                            <\/div>\n\n                    <\/div>\n    <\/div>\n<\/div>\n","protected":false},"excerpt":{"rendered":"<p>Oto przyk\u0142ady wie\u0144c\u00f3w, kt\u00f3re uk\u0142adamy z kwiat\u00f3w sztucznych i \u017cywych:<\/p>\n","protected":false},"author":2,"featured_media":0,"parent":0,"menu_order":0,"comment_status":"closed","ping_status":"closed","template":"","meta":{"_acf_changed":false,"footnotes":""},"class_list":["post-418","page","type-page","status-publish","hentry"],"acf":[],"yoast_head":"<!-- This site is optimized with the Yoast SEO plugin v25.8 - https:\/\/yoast.com\/wordpress\/plugins\/seo\/ -->\n<title>Wie\u0144ce i wi\u0105zanki - \u015ar\u00f3dmie\u015bcie<\/title>\n<meta name=\"description\" content=\"Warszawa i okolice. Oferujemy zar\u00f3wno szeroki wyb\u00f3r wie\u0144c\u00f3w, jak i ca\u0142\u0105 opraw\u0119 florystyczn\u0105 pogrzebu. Dom pogrzebowy Warszawa \u015ar\u00f3dmie\u015bcie\" \/>\n<meta name=\"robots\" content=\"index, follow, max-snippet:-1, max-image-preview:large, max-video-preview:-1\" \/>\n<link rel=\"canonical\" href=\"https:\/\/warszawa.sereni.pl\/pl\/wience-i-wiazanki\/\" \/>\n<meta property=\"og:locale\" content=\"pl_PL\" \/>\n<meta property=\"og:type\" content=\"article\" \/>\n<meta property=\"og:title\" content=\"Wie\u0144ce i wi\u0105zanki - \u015ar\u00f3dmie\u015bcie\" \/>\n<meta property=\"og:description\" content=\"Warszawa i okolice. Oferujemy zar\u00f3wno szeroki wyb\u00f3r wie\u0144c\u00f3w, jak i ca\u0142\u0105 opraw\u0119 florystyczn\u0105 pogrzebu. Dom pogrzebowy Warszawa \u015ar\u00f3dmie\u015bcie\" \/>\n<meta property=\"og:url\" content=\"https:\/\/warszawa.sereni.pl\/pl\/wience-i-wiazanki\/\" \/>\n<meta property=\"og:site_name\" content=\"\u015ar\u00f3dmie\u015bcie\" \/>\n<meta property=\"article:modified_time\" content=\"2023-11-28T18:09:31+00:00\" \/>\n<meta property=\"og:image\" content=\"https:\/\/shop.sereni.pl\/app\/uploads\/sites\/4\/2023\/10\/IMG_20190104_133154_HHT-1-768x1024.jpg\" \/>\n<meta name=\"twitter:card\" content=\"summary_large_image\" \/>\n<meta name=\"twitter:label1\" content=\"Szacowany czas czytania\" \/>\n\t<meta name=\"twitter:data1\" content=\"3 minuty\" \/>\n<script type=\"application\/ld+json\" class=\"yoast-schema-graph\">{\"@context\":\"https:\/\/schema.org\",\"@graph\":[{\"@type\":\"WebPage\",\"@id\":\"https:\/\/warszawa.sereni.pl\/pl\/wience-i-wiazanki\/\",\"url\":\"https:\/\/warszawa.sereni.pl\/pl\/wience-i-wiazanki\/\",\"name\":\"Wie\u0144ce i wi\u0105zanki - \u015ar\u00f3dmie\u015bcie\",\"isPartOf\":{\"@id\":\"https:\/\/amabilis.sereni.pl\/pl\/#website\"},\"primaryImageOfPage\":{\"@id\":\"https:\/\/warszawa.sereni.pl\/pl\/wience-i-wiazanki\/#primaryimage\"},\"image\":{\"@id\":\"https:\/\/warszawa.sereni.pl\/pl\/wience-i-wiazanki\/#primaryimage\"},\"thumbnailUrl\":\"https:\/\/shop.sereni.pl\/app\/uploads\/sites\/4\/2023\/10\/IMG_20190104_133154_HHT-1-768x1024.jpg\",\"datePublished\":\"2023-07-11T15:47:11+00:00\",\"dateModified\":\"2023-11-28T18:09:31+00:00\",\"description\":\"Warszawa i okolice. Oferujemy zar\u00f3wno szeroki wyb\u00f3r wie\u0144c\u00f3w, jak i ca\u0142\u0105 opraw\u0119 florystyczn\u0105 pogrzebu. Dom pogrzebowy Warszawa \u015ar\u00f3dmie\u015bcie\",\"inLanguage\":\"pl-PL\",\"potentialAction\":[{\"@type\":\"ReadAction\",\"target\":[\"https:\/\/warszawa.sereni.pl\/pl\/wience-i-wiazanki\/\"]}]},{\"@type\":\"ImageObject\",\"inLanguage\":\"pl-PL\",\"@id\":\"https:\/\/warszawa.sereni.pl\/pl\/wience-i-wiazanki\/#primaryimage\",\"url\":\"https:\/\/shop.sereni.pl\/app\/uploads\/sites\/4\/2023\/10\/IMG_20190104_133154_HHT-1-768x1024.jpg\",\"contentUrl\":\"https:\/\/shop.sereni.pl\/app\/uploads\/sites\/4\/2023\/10\/IMG_20190104_133154_HHT-1-768x1024.jpg\"},{\"@type\":\"WebSite\",\"@id\":\"https:\/\/amabilis.sereni.pl\/pl\/#website\",\"url\":\"https:\/\/amabilis.sereni.pl\/pl\/\",\"name\":\"\u015ar\u00f3dmie\u015bcie\",\"description\":\"Us\u0142ugi pogrzebowe Warszawa \u015ar\u00f3dmie\u015bcie\",\"potentialAction\":[{\"@type\":\"SearchAction\",\"target\":{\"@type\":\"EntryPoint\",\"urlTemplate\":\"https:\/\/amabilis.sereni.pl\/pl\/?s={search_term_string}\"},\"query-input\":{\"@type\":\"PropertyValueSpecification\",\"valueRequired\":true,\"valueName\":\"search_term_string\"}}],\"inLanguage\":\"pl-PL\"}]}<\/script>\n<!-- \/ Yoast SEO plugin. -->","yoast_head_json":{"title":"Wie\u0144ce i wi\u0105zanki - \u015ar\u00f3dmie\u015bcie","description":"Warszawa i okolice. Oferujemy zar\u00f3wno szeroki wyb\u00f3r wie\u0144c\u00f3w, jak i ca\u0142\u0105 opraw\u0119 florystyczn\u0105 pogrzebu. Dom pogrzebowy Warszawa \u015ar\u00f3dmie\u015bcie","robots":{"index":"index","follow":"follow","max-snippet":"max-snippet:-1","max-image-preview":"max-image-preview:large","max-video-preview":"max-video-preview:-1"},"canonical":"https:\/\/warszawa.sereni.pl\/pl\/wience-i-wiazanki\/","og_locale":"pl_PL","og_type":"article","og_title":"Wie\u0144ce i wi\u0105zanki - \u015ar\u00f3dmie\u015bcie","og_description":"Warszawa i okolice. Oferujemy zar\u00f3wno szeroki wyb\u00f3r wie\u0144c\u00f3w, jak i ca\u0142\u0105 opraw\u0119 florystyczn\u0105 pogrzebu. Dom pogrzebowy Warszawa \u015ar\u00f3dmie\u015bcie","og_url":"https:\/\/warszawa.sereni.pl\/pl\/wience-i-wiazanki\/","og_site_name":"\u015ar\u00f3dmie\u015bcie","article_modified_time":"2023-11-28T18:09:31+00:00","og_image":[{"url":"https:\/\/shop.sereni.pl\/app\/uploads\/sites\/4\/2023\/10\/IMG_20190104_133154_HHT-1-768x1024.jpg","type":"","width":"","height":""}],"twitter_card":"summary_large_image","twitter_misc":{"Szacowany czas czytania":"3 minuty"},"schema":{"@context":"https:\/\/schema.org","@graph":[{"@type":"WebPage","@id":"https:\/\/warszawa.sereni.pl\/pl\/wience-i-wiazanki\/","url":"https:\/\/warszawa.sereni.pl\/pl\/wience-i-wiazanki\/","name":"Wie\u0144ce i wi\u0105zanki - \u015ar\u00f3dmie\u015bcie","isPartOf":{"@id":"https:\/\/amabilis.sereni.pl\/pl\/#website"},"primaryImageOfPage":{"@id":"https:\/\/warszawa.sereni.pl\/pl\/wience-i-wiazanki\/#primaryimage"},"image":{"@id":"https:\/\/warszawa.sereni.pl\/pl\/wience-i-wiazanki\/#primaryimage"},"thumbnailUrl":"https:\/\/shop.sereni.pl\/app\/uploads\/sites\/4\/2023\/10\/IMG_20190104_133154_HHT-1-768x1024.jpg","datePublished":"2023-07-11T15:47:11+00:00","dateModified":"2023-11-28T18:09:31+00:00","description":"Warszawa i okolice. Oferujemy zar\u00f3wno szeroki wyb\u00f3r wie\u0144c\u00f3w, jak i ca\u0142\u0105 opraw\u0119 florystyczn\u0105 pogrzebu. Dom pogrzebowy Warszawa \u015ar\u00f3dmie\u015bcie","inLanguage":"pl-PL","potentialAction":[{"@type":"ReadAction","target":["https:\/\/warszawa.sereni.pl\/pl\/wience-i-wiazanki\/"]}]},{"@type":"ImageObject","inLanguage":"pl-PL","@id":"https:\/\/warszawa.sereni.pl\/pl\/wience-i-wiazanki\/#primaryimage","url":"https:\/\/shop.sereni.pl\/app\/uploads\/sites\/4\/2023\/10\/IMG_20190104_133154_HHT-1-768x1024.jpg","contentUrl":"https:\/\/shop.sereni.pl\/app\/uploads\/sites\/4\/2023\/10\/IMG_20190104_133154_HHT-1-768x1024.jpg"},{"@type":"WebSite","@id":"https:\/\/amabilis.sereni.pl\/pl\/#website","url":"https:\/\/amabilis.sereni.pl\/pl\/","name":"\u015ar\u00f3dmie\u015bcie","description":"Us\u0142ugi pogrzebowe Warszawa \u015ar\u00f3dmie\u015bcie","potentialAction":[{"@type":"SearchAction","target":{"@type":"EntryPoint","urlTemplate":"https:\/\/amabilis.sereni.pl\/pl\/?s={search_term_string}"},"query-input":{"@type":"PropertyValueSpecification","valueRequired":true,"valueName":"search_term_string"}}],"inLanguage":"pl-PL"}]}},"_links":{"self":[{"href":"https:\/\/warszawa.sereni.pl\/pl\/wp-json\/wp\/v2\/pages\/418","targetHints":{"allow":["GET"]}}],"collection":[{"href":"https:\/\/warszawa.sereni.pl\/pl\/wp-json\/wp\/v2\/pages"}],"about":[{"href":"https:\/\/warszawa.sereni.pl\/pl\/wp-json\/wp\/v2\/types\/page"}],"author":[{"embeddable":true,"href":"https:\/\/warszawa.sereni.pl\/pl\/wp-json\/wp\/v2\/users\/2"}],"replies":[{"embeddable":true,"href":"https:\/\/warszawa.sereni.pl\/pl\/wp-json\/wp\/v2\/comments?post=418"}],"version-history":[{"count":25,"href":"https:\/\/warszawa.sereni.pl\/pl\/wp-json\/wp\/v2\/pages\/418\/revisions"}],"predecessor-version":[{"id":1605,"href":"https:\/\/warszawa.sereni.pl\/pl\/wp-json\/wp\/v2\/pages\/418\/revisions\/1605"}],"wp:attachment":[{"href":"https:\/\/warszawa.sereni.pl\/pl\/wp-json\/wp\/v2\/media?parent=418"}],"curies":[{"name":"wp","href":"https:\/\/api.w.org\/{rel}","templated":true}]}}