{"id":176,"date":"2023-07-06T11:40:23","date_gmt":"2023-07-06T09:40:23","guid":{"rendered":"https:\/\/warszawa.sereni.pl\/?page_id=176"},"modified":"2023-11-28T19:10:18","modified_gmt":"2023-11-28T18:10:18","slug":"wsparcie-w-zalobie","status":"publish","type":"page","link":"https:\/\/warszawa.sereni.pl\/pl\/wsparcie-w-zalobie\/","title":{"rendered":"Wsparcie w \u017ca\u0142obie"},"content":{"rendered":"\n<div id=\"block-main-banner-block_ad5cd56a2776e0363d63eec1817be45d\" class=\"block-main-banner\">\n    <div class=\"container\">\n        <div class=\"banner-wrap layout2 content_right content_top\">\n            <div class=\"banner-image\">\n                                                            <img loading=\"lazy\" decoding=\"async\" width=\"1440\" height=\"900\" src=\"https:\/\/shop.sereni.pl\/app\/uploads\/sites\/4\/2023\/10\/anthony-tran-rvdlDB1D68c-unsplash-1440x900.jpg\" class=\"attachment-full-stretched size-full-stretched\" alt=\"Wsparcie w \u017ca\u0142obie\" srcset=\"https:\/\/shop.sereni.pl\/app\/uploads\/sites\/4\/2023\/10\/anthony-tran-rvdlDB1D68c-unsplash-1440x900.jpg 1440w, https:\/\/shop.sereni.pl\/app\/uploads\/sites\/4\/2023\/10\/anthony-tran-rvdlDB1D68c-unsplash-300x188.jpg 300w, https:\/\/shop.sereni.pl\/app\/uploads\/sites\/4\/2023\/10\/anthony-tran-rvdlDB1D68c-unsplash-1024x640.jpg 1024w, https:\/\/shop.sereni.pl\/app\/uploads\/sites\/4\/2023\/10\/anthony-tran-rvdlDB1D68c-unsplash-768x480.jpg 768w, https:\/\/shop.sereni.pl\/app\/uploads\/sites\/4\/2023\/10\/anthony-tran-rvdlDB1D68c-unsplash-1536x960.jpg 1536w, https:\/\/shop.sereni.pl\/app\/uploads\/sites\/4\/2023\/10\/anthony-tran-rvdlDB1D68c-unsplash-480x300.jpg 480w, https:\/\/shop.sereni.pl\/app\/uploads\/sites\/4\/2023\/10\/anthony-tran-rvdlDB1D68c-unsplash-1300x813.jpg 1300w, https:\/\/shop.sereni.pl\/app\/uploads\/sites\/4\/2023\/10\/anthony-tran-rvdlDB1D68c-unsplash.jpg 1792w\" sizes=\"auto, (max-width: 1440px) 100vw, 1440px\" title=\"Wsparcie w \u017ca\u0142obie\" \/>                                                <\/div>\n\n                            <div class=\"banner-content\">\n                    <div class=\"inner\">\n                        <h3>Wsparcie administracyjne<\/h3>\n<p>W przypadku \u015bmierci trzeba sobie poradzi\u0107 z wieloma obowi\u0105zkami administracyjnymi. Aby\u015b m\u00f3g\u0142 po\u015bwi\u0119ci\u0107 sw\u00f3j czas \u017ca\u0142obie, przeprowadzimy Ci\u0119 przez wszystkie formalno\u015bci administracyjne.<\/p>\n                    <\/div>\n                <\/div>\n                    <\/div>\n    <\/div>\n<\/div>\n\n\n<div id=\"block-variable-content-list-block_159d2c2431144682409e55f39cc94883\" class=\"block-variable-content-list alt_1\">\n    <div class=\"container\">\n        <div class=\"widget-wrap per_row_2\">\n                        <div class=\"block-content\">\n                                                                                    <div class=\"element\">\n                                                            \n                                \n                                                                    <div class=\"content-wrap\">\n                                        <h3>Zasi\u0142ek pogrzebowy<\/h3>\n<p>Pomo\u017cemy Ci w uzyskaniu zasi\u0142ku pogrzebowego z ZUS\/KRUS.<\/p>\n                                    <\/div>\n                                                                                    <\/div>\n                                                                    <div class=\"element\">\n                                                            \n                                                                    <div class=\"image-wrap\">\n                                                                                    <img loading=\"lazy\" decoding=\"async\" width=\"1024\" height=\"684\" src=\"https:\/\/shop.sereni.pl\/app\/uploads\/sites\/4\/2023\/10\/image_6483441-1024x684.jpg\" class=\"attachment-large size-large\" alt=\"Wsparcie w \u017ca\u0142obie\" srcset=\"https:\/\/shop.sereni.pl\/app\/uploads\/sites\/4\/2023\/10\/image_6483441-1024x684.jpg 1024w, https:\/\/shop.sereni.pl\/app\/uploads\/sites\/4\/2023\/10\/image_6483441-300x200.jpg 300w, https:\/\/shop.sereni.pl\/app\/uploads\/sites\/4\/2023\/10\/image_6483441-768x513.jpg 768w, https:\/\/shop.sereni.pl\/app\/uploads\/sites\/4\/2023\/10\/image_6483441-1536x1025.jpg 1536w, https:\/\/shop.sereni.pl\/app\/uploads\/sites\/4\/2023\/10\/image_6483441-2048x1367.jpg 2048w, https:\/\/shop.sereni.pl\/app\/uploads\/sites\/4\/2023\/10\/image_6483441-449x300.jpg 449w, https:\/\/shop.sereni.pl\/app\/uploads\/sites\/4\/2023\/10\/image_6483441-1300x868.jpg 1300w, https:\/\/shop.sereni.pl\/app\/uploads\/sites\/4\/2023\/10\/image_6483441-1440x961.jpg 1440w\" sizes=\"auto, (max-width: 1024px) 100vw, 1024px\" title=\"Wsparcie w \u017ca\u0142obie\" \/>                                                                            <\/div>\n                                \n                                                                                    <\/div>\n                                                <\/div>\n        <\/div>\n    <\/div>\n<\/div>\n\n\n\n<div id=\"block-main-banner-block_023b503c92111e736f45659b75501d74\" class=\"block-main-banner\">\n    <div class=\"container\">\n        <div class=\"banner-wrap layout2 content_right content_top\">\n            <div class=\"banner-image\">\n                                                            <img loading=\"lazy\" decoding=\"async\" width=\"1440\" height=\"954\" src=\"https:\/\/shop.sereni.pl\/app\/uploads\/sites\/4\/2023\/08\/CMS_Nekrolog_4826-1440x954.jpg\" class=\"attachment-full-stretched size-full-stretched\" alt=\"Wsparcie w \u017ca\u0142obie\" srcset=\"https:\/\/shop.sereni.pl\/app\/uploads\/sites\/4\/2023\/08\/CMS_Nekrolog_4826-1440x954.jpg 1440w, https:\/\/shop.sereni.pl\/app\/uploads\/sites\/4\/2023\/08\/CMS_Nekrolog_4826-300x199.jpg 300w, https:\/\/shop.sereni.pl\/app\/uploads\/sites\/4\/2023\/08\/CMS_Nekrolog_4826-1024x679.jpg 1024w, https:\/\/shop.sereni.pl\/app\/uploads\/sites\/4\/2023\/08\/CMS_Nekrolog_4826-768x509.jpg 768w, https:\/\/shop.sereni.pl\/app\/uploads\/sites\/4\/2023\/08\/CMS_Nekrolog_4826-1536x1018.jpg 1536w, https:\/\/shop.sereni.pl\/app\/uploads\/sites\/4\/2023\/08\/CMS_Nekrolog_4826-453x300.jpg 453w, https:\/\/shop.sereni.pl\/app\/uploads\/sites\/4\/2023\/08\/CMS_Nekrolog_4826-1300x862.jpg 1300w, https:\/\/shop.sereni.pl\/app\/uploads\/sites\/4\/2023\/08\/CMS_Nekrolog_4826.jpg 1800w\" sizes=\"auto, (max-width: 1440px) 100vw, 1440px\" title=\"Wsparcie w \u017ca\u0142obie\" \/>                                                <\/div>\n\n                            <div class=\"banner-content\">\n                    <div class=\"inner\">\n                        <h3>Pomoc w \u017ca\u0142obie<\/h3>\n<p><span class=\"jCAhz ChMk0b\"><span class=\"ryNqvb\">Po stracie bliskiej osoby mo\u017ce by\u0107 trudno zaakceptowa\u0107 strat\u0119 i przywr\u00f3ci\u0107 swoje \u017cycie na w\u0142a\u015bciwe tory.<\/span><\/span> Zak\u0142ad Pogrzebowy \u015ar\u00f3dmie\u015bcie pomaga rodzinom w tych momentach ju\u017c ponad kilkadziesi\u0105t lat i z wielkim szacunkiem i godno\u015bci\u0105 pomo\u017ce te\u017c Pa\u0144stwu.<\/p>\n                    <\/div>\n                <\/div>\n                    <\/div>\n    <\/div>\n<\/div>\n\n\n<div id=\"block-variable-content-list-block_a859207b42de1436335ffcceac2c6440\" class=\"block-variable-content-list alt_1\">\n    <div class=\"container\">\n        <div class=\"widget-wrap per_row_2\">\n                        <div class=\"block-content\">\n                                                                                    <div class=\"element\">\n                                                            \n                                \n                                                                                    <\/div>\n                                                                    <div class=\"element\">\n                                                            \n                                \n                                                                                    <\/div>\n                                                <\/div>\n        <\/div>\n    <\/div>\n<\/div>\n","protected":false},"excerpt":{"rendered":"","protected":false},"author":1,"featured_media":0,"parent":0,"menu_order":0,"comment_status":"closed","ping_status":"closed","template":"","meta":{"_acf_changed":false,"footnotes":""},"class_list":["post-176","page","type-page","status-publish","hentry"],"acf":[],"yoast_head":"<!-- This site is optimized with the Yoast SEO plugin v25.8 - https:\/\/yoast.com\/wordpress\/plugins\/seo\/ -->\n<title>Wsparcie w \u017ca\u0142obie - \u015ar\u00f3dmie\u015bcie<\/title>\n<meta name=\"description\" content=\"Pogrzeby. \u017ba\u0142oba. Oferujemy szeroki zakres us\u0142ug pogrzebowych na terenie Warszawy i okolic. Pomoc w \u017ca\u0142obie.\" \/>\n<meta name=\"robots\" content=\"index, follow, max-snippet:-1, max-image-preview:large, max-video-preview:-1\" \/>\n<link rel=\"canonical\" href=\"https:\/\/warszawa.sereni.pl\/pl\/wsparcie-w-zalobie\/\" \/>\n<meta property=\"og:locale\" content=\"pl_PL\" \/>\n<meta property=\"og:type\" content=\"article\" \/>\n<meta property=\"og:title\" content=\"Wsparcie w \u017ca\u0142obie - \u015ar\u00f3dmie\u015bcie\" \/>\n<meta property=\"og:description\" content=\"Pogrzeby. \u017ba\u0142oba. Oferujemy szeroki zakres us\u0142ug pogrzebowych na terenie Warszawy i okolic. Pomoc w \u017ca\u0142obie.\" \/>\n<meta property=\"og:url\" content=\"https:\/\/warszawa.sereni.pl\/pl\/wsparcie-w-zalobie\/\" \/>\n<meta property=\"og:site_name\" content=\"\u015ar\u00f3dmie\u015bcie\" \/>\n<meta property=\"article:modified_time\" content=\"2023-11-28T18:10:18+00:00\" \/>\n<meta name=\"twitter:card\" content=\"summary_large_image\" \/>\n<script type=\"application\/ld+json\" class=\"yoast-schema-graph\">{\"@context\":\"https:\/\/schema.org\",\"@graph\":[{\"@type\":\"WebPage\",\"@id\":\"https:\/\/warszawa.sereni.pl\/pl\/wsparcie-w-zalobie\/\",\"url\":\"https:\/\/warszawa.sereni.pl\/pl\/wsparcie-w-zalobie\/\",\"name\":\"Wsparcie w \u017ca\u0142obie - \u015ar\u00f3dmie\u015bcie\",\"isPartOf\":{\"@id\":\"https:\/\/amabilis.sereni.pl\/pl\/#website\"},\"datePublished\":\"2023-07-06T09:40:23+00:00\",\"dateModified\":\"2023-11-28T18:10:18+00:00\",\"description\":\"Pogrzeby. \u017ba\u0142oba. Oferujemy szeroki zakres us\u0142ug pogrzebowych na terenie Warszawy i okolic. Pomoc w \u017ca\u0142obie.\",\"inLanguage\":\"pl-PL\",\"potentialAction\":[{\"@type\":\"ReadAction\",\"target\":[\"https:\/\/warszawa.sereni.pl\/pl\/wsparcie-w-zalobie\/\"]}]},{\"@type\":\"WebSite\",\"@id\":\"https:\/\/amabilis.sereni.pl\/pl\/#website\",\"url\":\"https:\/\/amabilis.sereni.pl\/pl\/\",\"name\":\"\u015ar\u00f3dmie\u015bcie\",\"description\":\"Us\u0142ugi pogrzebowe Warszawa \u015ar\u00f3dmie\u015bcie\",\"potentialAction\":[{\"@type\":\"SearchAction\",\"target\":{\"@type\":\"EntryPoint\",\"urlTemplate\":\"https:\/\/amabilis.sereni.pl\/pl\/?s={search_term_string}\"},\"query-input\":{\"@type\":\"PropertyValueSpecification\",\"valueRequired\":true,\"valueName\":\"search_term_string\"}}],\"inLanguage\":\"pl-PL\"}]}<\/script>\n<!-- \/ Yoast SEO plugin. -->","yoast_head_json":{"title":"Wsparcie w \u017ca\u0142obie - \u015ar\u00f3dmie\u015bcie","description":"Pogrzeby. \u017ba\u0142oba. Oferujemy szeroki zakres us\u0142ug pogrzebowych na terenie Warszawy i okolic. Pomoc w \u017ca\u0142obie.","robots":{"index":"index","follow":"follow","max-snippet":"max-snippet:-1","max-image-preview":"max-image-preview:large","max-video-preview":"max-video-preview:-1"},"canonical":"https:\/\/warszawa.sereni.pl\/pl\/wsparcie-w-zalobie\/","og_locale":"pl_PL","og_type":"article","og_title":"Wsparcie w \u017ca\u0142obie - \u015ar\u00f3dmie\u015bcie","og_description":"Pogrzeby. \u017ba\u0142oba. Oferujemy szeroki zakres us\u0142ug pogrzebowych na terenie Warszawy i okolic. Pomoc w \u017ca\u0142obie.","og_url":"https:\/\/warszawa.sereni.pl\/pl\/wsparcie-w-zalobie\/","og_site_name":"\u015ar\u00f3dmie\u015bcie","article_modified_time":"2023-11-28T18:10:18+00:00","twitter_card":"summary_large_image","schema":{"@context":"https:\/\/schema.org","@graph":[{"@type":"WebPage","@id":"https:\/\/warszawa.sereni.pl\/pl\/wsparcie-w-zalobie\/","url":"https:\/\/warszawa.sereni.pl\/pl\/wsparcie-w-zalobie\/","name":"Wsparcie w \u017ca\u0142obie - \u015ar\u00f3dmie\u015bcie","isPartOf":{"@id":"https:\/\/amabilis.sereni.pl\/pl\/#website"},"datePublished":"2023-07-06T09:40:23+00:00","dateModified":"2023-11-28T18:10:18+00:00","description":"Pogrzeby. \u017ba\u0142oba. Oferujemy szeroki zakres us\u0142ug pogrzebowych na terenie Warszawy i okolic. Pomoc w \u017ca\u0142obie.","inLanguage":"pl-PL","potentialAction":[{"@type":"ReadAction","target":["https:\/\/warszawa.sereni.pl\/pl\/wsparcie-w-zalobie\/"]}]},{"@type":"WebSite","@id":"https:\/\/amabilis.sereni.pl\/pl\/#website","url":"https:\/\/amabilis.sereni.pl\/pl\/","name":"\u015ar\u00f3dmie\u015bcie","description":"Us\u0142ugi pogrzebowe Warszawa \u015ar\u00f3dmie\u015bcie","potentialAction":[{"@type":"SearchAction","target":{"@type":"EntryPoint","urlTemplate":"https:\/\/amabilis.sereni.pl\/pl\/?s={search_term_string}"},"query-input":{"@type":"PropertyValueSpecification","valueRequired":true,"valueName":"search_term_string"}}],"inLanguage":"pl-PL"}]}},"_links":{"self":[{"href":"https:\/\/warszawa.sereni.pl\/pl\/wp-json\/wp\/v2\/pages\/176","targetHints":{"allow":["GET"]}}],"collection":[{"href":"https:\/\/warszawa.sereni.pl\/pl\/wp-json\/wp\/v2\/pages"}],"about":[{"href":"https:\/\/warszawa.sereni.pl\/pl\/wp-json\/wp\/v2\/types\/page"}],"author":[{"embeddable":true,"href":"https:\/\/warszawa.sereni.pl\/pl\/wp-json\/wp\/v2\/users\/1"}],"replies":[{"embeddable":true,"href":"https:\/\/warszawa.sereni.pl\/pl\/wp-json\/wp\/v2\/comments?post=176"}],"version-history":[{"count":24,"href":"https:\/\/warszawa.sereni.pl\/pl\/wp-json\/wp\/v2\/pages\/176\/revisions"}],"predecessor-version":[{"id":1516,"href":"https:\/\/warszawa.sereni.pl\/pl\/wp-json\/wp\/v2\/pages\/176\/revisions\/1516"}],"wp:attachment":[{"href":"https:\/\/warszawa.sereni.pl\/pl\/wp-json\/wp\/v2\/media?parent=176"}],"curies":[{"name":"wp","href":"https:\/\/api.w.org\/{rel}","templated":true}]}}