{"id":17,"date":"2023-03-10T07:18:55","date_gmt":"2023-03-10T07:18:55","guid":{"rendered":"https:\/\/warszawa.sereni.pl\/?page_id=17"},"modified":"2024-01-02T11:55:36","modified_gmt":"2024-01-02T10:55:36","slug":"contact","status":"publish","type":"page","link":"https:\/\/warszawa.sereni.pl\/pl\/contact\/","title":{"rendered":"Kontakt Zak\u0142ad Pogrzebowy \u015ar\u00f3dmie\u015bcie"},"content":{"rendered":"\n<div id=\"block-main-banner-block_16608ffff9346912c2b0bc89001272f8\" class=\"block-main-banner\">\n    <div class=\"container\">\n        <div class=\"banner-wrap layout2 content_left content_top\">\n            <div class=\"banner-image\">\n                                                            <img loading=\"lazy\" decoding=\"async\" width=\"1440\" height=\"960\" src=\"https:\/\/shop.sereni.pl\/app\/uploads\/sites\/4\/2024\/01\/GS__4259-kopia-1440x960.jpg\" class=\"attachment-full-stretched size-full-stretched\" alt=\"Kontakt Zak\u0142ad Pogrzebowy \u015ar\u00f3dmie\u015bcie\" srcset=\"https:\/\/shop.sereni.pl\/app\/uploads\/sites\/4\/2024\/01\/GS__4259-kopia-1440x960.jpg 1440w, https:\/\/shop.sereni.pl\/app\/uploads\/sites\/4\/2024\/01\/GS__4259-kopia-300x200.jpg 300w, https:\/\/shop.sereni.pl\/app\/uploads\/sites\/4\/2024\/01\/GS__4259-kopia-1024x683.jpg 1024w, https:\/\/shop.sereni.pl\/app\/uploads\/sites\/4\/2024\/01\/GS__4259-kopia-768x512.jpg 768w, https:\/\/shop.sereni.pl\/app\/uploads\/sites\/4\/2024\/01\/GS__4259-kopia-1536x1024.jpg 1536w, https:\/\/shop.sereni.pl\/app\/uploads\/sites\/4\/2024\/01\/GS__4259-kopia-2048x1365.jpg 2048w, https:\/\/shop.sereni.pl\/app\/uploads\/sites\/4\/2024\/01\/GS__4259-kopia-450x300.jpg 450w, https:\/\/shop.sereni.pl\/app\/uploads\/sites\/4\/2024\/01\/GS__4259-kopia-1300x867.jpg 1300w\" sizes=\"auto, (max-width: 1440px) 100vw, 1440px\" title=\"Kontakt Zak\u0142ad Pogrzebowy \u015ar\u00f3dmie\u015bcie\" \/>                                                <\/div>\n\n                            <div class=\"banner-content\">\n                    <div class=\"inner\">\n                        <h3 style=\"text-align: center;\">Jak mo\u017cemy Ci pom\u00f3c?<br \/>\nZapraszamy do kontaktu.<\/h3>\n<h2 style=\"text-align: center;\">Zak\u0142ad Pogrzebowy \u015ar\u00f3dmie\u015bcie<\/h2>\n<p style=\"text-align: center;\"><strong>ul. Wilcza 16<\/strong><br \/>\n<strong>00-532 Warszawa<\/strong><\/p>\n<p style=\"text-align: center;\"><strong>Partnerskie biura pogrzebowe Rembert\u00f3w, Wola, Goc\u0142aw<\/strong><\/p>\n<p style=\"text-align: center;\">Amabilis Warszawa<\/p>\n<div style=\"text-align: center;\"><a class=\"btn btn-primary\" href=\"tel: +48 22 625 42 37\">+48 22 625 42 37<\/a><\/div>\n<div style=\"text-align: center;\"><a class=\"btn btn-primary\" href=\"tel: +48 22 625 43 69\">+48 22 625 43 69<\/a><\/div>\n<p style=\"text-align: center;\"><a class=\"btn btn-primary\" href=\"mailto:warszawa@sereni.pl\">warszawa@sereni.pl<\/a><\/p>\n                    <\/div>\n                <\/div>\n                    <\/div>\n    <\/div>\n<\/div>\n","protected":false},"excerpt":{"rendered":"","protected":false},"author":1,"featured_media":0,"parent":0,"menu_order":0,"comment_status":"closed","ping_status":"closed","template":"","meta":{"_acf_changed":false,"footnotes":""},"class_list":["post-17","page","type-page","status-publish","hentry"],"acf":[],"yoast_head":"<!-- This site is optimized with the Yoast SEO plugin v25.8 - https:\/\/yoast.com\/wordpress\/plugins\/seo\/ -->\n<title>Kontakt Zak\u0142ad Pogrzebowy \u015ar\u00f3dmie\u015bcie - \u015ar\u00f3dmie\u015bcie<\/title>\n<meta name=\"description\" content=\"Oferujemy szeroki zakres us\u0142ug pogrzebowych na terenie Warszawy i okolic. Kontakt Dom Pogrzebowy Warszawa. Telefon ca\u0142odobowy.\" \/>\n<meta name=\"robots\" content=\"index, follow, max-snippet:-1, max-image-preview:large, max-video-preview:-1\" \/>\n<link rel=\"canonical\" href=\"https:\/\/warszawa.sereni.pl\/pl\/contact\/\" \/>\n<meta property=\"og:locale\" content=\"pl_PL\" \/>\n<meta property=\"og:type\" content=\"article\" \/>\n<meta property=\"og:title\" content=\"Kontakt Zak\u0142ad Pogrzebowy \u015ar\u00f3dmie\u015bcie - \u015ar\u00f3dmie\u015bcie\" \/>\n<meta property=\"og:description\" content=\"Oferujemy szeroki zakres us\u0142ug pogrzebowych na terenie Warszawy i okolic. Kontakt Dom Pogrzebowy Warszawa. Telefon ca\u0142odobowy.\" \/>\n<meta property=\"og:url\" content=\"https:\/\/warszawa.sereni.pl\/pl\/contact\/\" \/>\n<meta property=\"og:site_name\" content=\"\u015ar\u00f3dmie\u015bcie\" \/>\n<meta property=\"article:modified_time\" content=\"2024-01-02T10:55:36+00:00\" \/>\n<meta name=\"twitter:card\" content=\"summary_large_image\" \/>\n<script type=\"application\/ld+json\" class=\"yoast-schema-graph\">{\"@context\":\"https:\/\/schema.org\",\"@graph\":[{\"@type\":\"WebPage\",\"@id\":\"https:\/\/warszawa.sereni.pl\/pl\/contact\/\",\"url\":\"https:\/\/warszawa.sereni.pl\/pl\/contact\/\",\"name\":\"Kontakt Zak\u0142ad Pogrzebowy \u015ar\u00f3dmie\u015bcie - \u015ar\u00f3dmie\u015bcie\",\"isPartOf\":{\"@id\":\"https:\/\/amabilis.sereni.pl\/pl\/#website\"},\"datePublished\":\"2023-03-10T07:18:55+00:00\",\"dateModified\":\"2024-01-02T10:55:36+00:00\",\"description\":\"Oferujemy szeroki zakres us\u0142ug pogrzebowych na terenie Warszawy i okolic. Kontakt Dom Pogrzebowy Warszawa. Telefon ca\u0142odobowy.\",\"inLanguage\":\"pl-PL\",\"potentialAction\":[{\"@type\":\"ReadAction\",\"target\":[\"https:\/\/warszawa.sereni.pl\/pl\/contact\/\"]}]},{\"@type\":\"WebSite\",\"@id\":\"https:\/\/amabilis.sereni.pl\/pl\/#website\",\"url\":\"https:\/\/amabilis.sereni.pl\/pl\/\",\"name\":\"\u015ar\u00f3dmie\u015bcie\",\"description\":\"Us\u0142ugi pogrzebowe Warszawa \u015ar\u00f3dmie\u015bcie\",\"potentialAction\":[{\"@type\":\"SearchAction\",\"target\":{\"@type\":\"EntryPoint\",\"urlTemplate\":\"https:\/\/amabilis.sereni.pl\/pl\/?s={search_term_string}\"},\"query-input\":{\"@type\":\"PropertyValueSpecification\",\"valueRequired\":true,\"valueName\":\"search_term_string\"}}],\"inLanguage\":\"pl-PL\"}]}<\/script>\n<!-- \/ Yoast SEO plugin. -->","yoast_head_json":{"title":"Kontakt Zak\u0142ad Pogrzebowy \u015ar\u00f3dmie\u015bcie - \u015ar\u00f3dmie\u015bcie","description":"Oferujemy szeroki zakres us\u0142ug pogrzebowych na terenie Warszawy i okolic. Kontakt Dom Pogrzebowy Warszawa. Telefon ca\u0142odobowy.","robots":{"index":"index","follow":"follow","max-snippet":"max-snippet:-1","max-image-preview":"max-image-preview:large","max-video-preview":"max-video-preview:-1"},"canonical":"https:\/\/warszawa.sereni.pl\/pl\/contact\/","og_locale":"pl_PL","og_type":"article","og_title":"Kontakt Zak\u0142ad Pogrzebowy \u015ar\u00f3dmie\u015bcie - \u015ar\u00f3dmie\u015bcie","og_description":"Oferujemy szeroki zakres us\u0142ug pogrzebowych na terenie Warszawy i okolic. Kontakt Dom Pogrzebowy Warszawa. Telefon ca\u0142odobowy.","og_url":"https:\/\/warszawa.sereni.pl\/pl\/contact\/","og_site_name":"\u015ar\u00f3dmie\u015bcie","article_modified_time":"2024-01-02T10:55:36+00:00","twitter_card":"summary_large_image","schema":{"@context":"https:\/\/schema.org","@graph":[{"@type":"WebPage","@id":"https:\/\/warszawa.sereni.pl\/pl\/contact\/","url":"https:\/\/warszawa.sereni.pl\/pl\/contact\/","name":"Kontakt Zak\u0142ad Pogrzebowy \u015ar\u00f3dmie\u015bcie - \u015ar\u00f3dmie\u015bcie","isPartOf":{"@id":"https:\/\/amabilis.sereni.pl\/pl\/#website"},"datePublished":"2023-03-10T07:18:55+00:00","dateModified":"2024-01-02T10:55:36+00:00","description":"Oferujemy szeroki zakres us\u0142ug pogrzebowych na terenie Warszawy i okolic. Kontakt Dom Pogrzebowy Warszawa. Telefon ca\u0142odobowy.","inLanguage":"pl-PL","potentialAction":[{"@type":"ReadAction","target":["https:\/\/warszawa.sereni.pl\/pl\/contact\/"]}]},{"@type":"WebSite","@id":"https:\/\/amabilis.sereni.pl\/pl\/#website","url":"https:\/\/amabilis.sereni.pl\/pl\/","name":"\u015ar\u00f3dmie\u015bcie","description":"Us\u0142ugi pogrzebowe Warszawa \u015ar\u00f3dmie\u015bcie","potentialAction":[{"@type":"SearchAction","target":{"@type":"EntryPoint","urlTemplate":"https:\/\/amabilis.sereni.pl\/pl\/?s={search_term_string}"},"query-input":{"@type":"PropertyValueSpecification","valueRequired":true,"valueName":"search_term_string"}}],"inLanguage":"pl-PL"}]}},"_links":{"self":[{"href":"https:\/\/warszawa.sereni.pl\/pl\/wp-json\/wp\/v2\/pages\/17","targetHints":{"allow":["GET"]}}],"collection":[{"href":"https:\/\/warszawa.sereni.pl\/pl\/wp-json\/wp\/v2\/pages"}],"about":[{"href":"https:\/\/warszawa.sereni.pl\/pl\/wp-json\/wp\/v2\/types\/page"}],"author":[{"embeddable":true,"href":"https:\/\/warszawa.sereni.pl\/pl\/wp-json\/wp\/v2\/users\/1"}],"replies":[{"embeddable":true,"href":"https:\/\/warszawa.sereni.pl\/pl\/wp-json\/wp\/v2\/comments?post=17"}],"version-history":[{"count":46,"href":"https:\/\/warszawa.sereni.pl\/pl\/wp-json\/wp\/v2\/pages\/17\/revisions"}],"predecessor-version":[{"id":1676,"href":"https:\/\/warszawa.sereni.pl\/pl\/wp-json\/wp\/v2\/pages\/17\/revisions\/1676"}],"wp:attachment":[{"href":"https:\/\/warszawa.sereni.pl\/pl\/wp-json\/wp\/v2\/media?parent=17"}],"curies":[{"name":"wp","href":"https:\/\/api.w.org\/{rel}","templated":true}]}}