{"id":165,"date":"2023-07-06T11:35:01","date_gmt":"2023-07-06T09:35:01","guid":{"rendered":"https:\/\/warszawa.sereni.pl\/?page_id=165"},"modified":"2023-11-28T19:07:42","modified_gmt":"2023-11-28T18:07:42","slug":"transportu-i-repatriacji","status":"publish","type":"page","link":"https:\/\/warszawa.sereni.pl\/pl\/transportu-i-repatriacji\/","title":{"rendered":"Transport i repatriacja"},"content":{"rendered":"<div id=\"block-variable-content-list-block_b2146629b6a02616c9425dc1db9d339e\" class=\"block-variable-content-list alt_1\">\n    <div class=\"container\">\n        <div class=\"widget-wrap per_row_2\">\n                        <div class=\"block-content\">\n                                                                                    <div class=\"element\">\n                                                            \n                                                                    <div class=\"image-wrap\">\n                                                                                    <img loading=\"lazy\" decoding=\"async\" width=\"1024\" height=\"640\" src=\"https:\/\/shop.sereni.pl\/app\/uploads\/sites\/4\/2023\/10\/DSCF3933-1-1024x640.jpg\" class=\"attachment-large size-large\" alt=\"Transport i repatriacja\" srcset=\"https:\/\/shop.sereni.pl\/app\/uploads\/sites\/4\/2023\/10\/DSCF3933-1-1024x640.jpg 1024w, https:\/\/shop.sereni.pl\/app\/uploads\/sites\/4\/2023\/10\/DSCF3933-1-300x188.jpg 300w, https:\/\/shop.sereni.pl\/app\/uploads\/sites\/4\/2023\/10\/DSCF3933-1-768x480.jpg 768w, https:\/\/shop.sereni.pl\/app\/uploads\/sites\/4\/2023\/10\/DSCF3933-1-1536x960.jpg 1536w, https:\/\/shop.sereni.pl\/app\/uploads\/sites\/4\/2023\/10\/DSCF3933-1-480x300.jpg 480w, https:\/\/shop.sereni.pl\/app\/uploads\/sites\/4\/2023\/10\/DSCF3933-1-1300x813.jpg 1300w, https:\/\/shop.sereni.pl\/app\/uploads\/sites\/4\/2023\/10\/DSCF3933-1-1440x900.jpg 1440w, https:\/\/shop.sereni.pl\/app\/uploads\/sites\/4\/2023\/10\/DSCF3933-1.jpg 1792w\" sizes=\"auto, (max-width: 1024px) 100vw, 1024px\" title=\"Transport i repatriacja\" \/>                                                                            <\/div>\n                                \n                                                                                    <\/div>\n                                                                    <div class=\"element\">\n                                                            \n                                \n                                                                    <div class=\"content-wrap\">\n                                        <h3>Samochody ceremonialne i karawany<\/h3>\n<p><span class=\"jCAhz ChMk0b\"><span class=\"ryNqvb\">Karawanem przewozimy zmar\u0142ych do takich miejsc jak dom pogrzebowy, krematorium czy cmentarz.<\/span><\/span> Dzi\u0119ki naszym karawanom ostatnia droga ukochanej osoby odbywa si\u0119 z godno\u015bci\u0105 i szacunkiem. <span class=\"jCAhz ChMk0b\"><span class=\"ryNqvb\">\u00a0<\/span><\/span><span class=\"jCAhz ChMk0b\"><span class=\"ryNqvb\">Samochody ceremonialne i pomocnicze to dobre rozwi\u0105zanie dla tych, kt\u00f3rzy w ten bardzo trudny dzie\u0144 nie chc\u0105 podr\u00f3\u017cowa\u0107 samodzielnie.<\/span><\/span> Z nami <span class=\"jCAhz ChMk0b\"><span class=\"ryNqvb\">mo\u017cesz liczy\u0107 na komfortowy i bezpieczny transport.<\/span><\/span><\/p>\n                                    <\/div>\n                                                                                    <\/div>\n                                                <\/div>\n        <\/div>\n    <\/div>\n<\/div>\n\n\n<div id=\"block-variable-content-list-block_085d9820f185a7796ac86bf0a997ca33\" class=\"block-variable-content-list alt_1\">\n    <div class=\"container\">\n        <div class=\"widget-wrap per_row_2\">\n                        <div class=\"block-content\">\n                                                                                    <div class=\"element\">\n                                                            \n                                \n                                                                    <div class=\"content-wrap\">\n                                        <h3>Repatriacja z zagranicy<\/h3>\n<p><span class=\"jCAhz ChMk0b\"><span class=\"ryNqvb\">W przypadku \u015bmierci za granic\u0105 masz do wyboru pochowanie zmar\u0142ego w kraju \u015bmierci lub przewiezienie zmar\u0142ego do Polski.<\/span><\/span> <span class=\"jCAhz ChMk0b\"><span class=\"ryNqvb\">Ta ostatnia opcja mo\u017ce by\u0107 jednak bardzo kosztowna.<\/span><\/span> <span class=\"jCAhz ChMk0b\"><span class=\"ryNqvb\">Niekt\u00f3re firmy pogrzebowe oferuj\u0105 dodatkow\u0105 us\u0142ug\u0119 transportu mi\u0119dzynarodowego ale zazwyczaj w ograniczonym zakresie.<\/span><\/span> Przewiezienie cia\u0142a zmar\u0142ego z zagranicy jest regulowane przez prawo kraju, w kt\u00f3rym nast\u0105pi\u0142a \u015bmier\u0107, prawa polskiego oraz regulacji mi\u0119dzynarodowych.<\/p>\n                                    <\/div>\n                                                                                    <\/div>\n                                                                    <div class=\"element\">\n                                                            \n                                                                    <div class=\"image-wrap\">\n                                                                                    <img loading=\"lazy\" decoding=\"async\" width=\"1024\" height=\"679\" src=\"https:\/\/shop.sereni.pl\/app\/uploads\/sites\/4\/2023\/08\/CMS_Nekrolog_4826-1024x679.jpg\" class=\"attachment-large size-large\" alt=\"Transport i repatriacja\" srcset=\"https:\/\/shop.sereni.pl\/app\/uploads\/sites\/4\/2023\/08\/CMS_Nekrolog_4826-1024x679.jpg 1024w, https:\/\/shop.sereni.pl\/app\/uploads\/sites\/4\/2023\/08\/CMS_Nekrolog_4826-300x199.jpg 300w, https:\/\/shop.sereni.pl\/app\/uploads\/sites\/4\/2023\/08\/CMS_Nekrolog_4826-768x509.jpg 768w, https:\/\/shop.sereni.pl\/app\/uploads\/sites\/4\/2023\/08\/CMS_Nekrolog_4826-1536x1018.jpg 1536w, https:\/\/shop.sereni.pl\/app\/uploads\/sites\/4\/2023\/08\/CMS_Nekrolog_4826-453x300.jpg 453w, https:\/\/shop.sereni.pl\/app\/uploads\/sites\/4\/2023\/08\/CMS_Nekrolog_4826-1300x862.jpg 1300w, https:\/\/shop.sereni.pl\/app\/uploads\/sites\/4\/2023\/08\/CMS_Nekrolog_4826-1440x954.jpg 1440w, https:\/\/shop.sereni.pl\/app\/uploads\/sites\/4\/2023\/08\/CMS_Nekrolog_4826.jpg 1800w\" sizes=\"auto, (max-width: 1024px) 100vw, 1024px\" title=\"Transport i repatriacja\" \/>                                                                            <\/div>\n                                \n                                                                                    <\/div>\n                                                <\/div>\n        <\/div>\n    <\/div>\n<\/div>\n","protected":false},"excerpt":{"rendered":"","protected":false},"author":1,"featured_media":0,"parent":0,"menu_order":0,"comment_status":"closed","ping_status":"closed","template":"","meta":{"_acf_changed":false,"footnotes":""},"class_list":["post-165","page","type-page","status-publish","hentry"],"acf":[],"yoast_head":"<!-- This site is optimized with the Yoast SEO plugin v25.8 - https:\/\/yoast.com\/wordpress\/plugins\/seo\/ -->\n<title>Transport i repatriacja - \u015ar\u00f3dmie\u015bcie<\/title>\n<meta name=\"description\" content=\"Oferujemy us\u0142ugi transportu zw\u0142ok zar\u00f3wno w Warszawie, jak i na terenie ca\u0142ej Polsce. Transport zw\u0142ok i repatriacja. Dom pogrzebowy Warszawa\" \/>\n<meta name=\"robots\" content=\"index, follow, max-snippet:-1, max-image-preview:large, max-video-preview:-1\" \/>\n<link rel=\"canonical\" href=\"https:\/\/warszawa.sereni.pl\/pl\/transportu-i-repatriacji\/\" \/>\n<meta property=\"og:locale\" content=\"pl_PL\" \/>\n<meta property=\"og:type\" content=\"article\" \/>\n<meta property=\"og:title\" content=\"Transport i repatriacja - \u015ar\u00f3dmie\u015bcie\" \/>\n<meta property=\"og:description\" content=\"Oferujemy us\u0142ugi transportu zw\u0142ok zar\u00f3wno w Warszawie, jak i na terenie ca\u0142ej Polsce. Transport zw\u0142ok i repatriacja. Dom pogrzebowy Warszawa\" \/>\n<meta property=\"og:url\" content=\"https:\/\/warszawa.sereni.pl\/pl\/transportu-i-repatriacji\/\" \/>\n<meta property=\"og:site_name\" content=\"\u015ar\u00f3dmie\u015bcie\" \/>\n<meta property=\"article:modified_time\" content=\"2023-11-28T18:07:42+00:00\" \/>\n<meta name=\"twitter:card\" content=\"summary_large_image\" \/>\n<script type=\"application\/ld+json\" class=\"yoast-schema-graph\">{\"@context\":\"https:\/\/schema.org\",\"@graph\":[{\"@type\":\"WebPage\",\"@id\":\"https:\/\/warszawa.sereni.pl\/pl\/transportu-i-repatriacji\/\",\"url\":\"https:\/\/warszawa.sereni.pl\/pl\/transportu-i-repatriacji\/\",\"name\":\"Transport i repatriacja - \u015ar\u00f3dmie\u015bcie\",\"isPartOf\":{\"@id\":\"https:\/\/amabilis.sereni.pl\/pl\/#website\"},\"datePublished\":\"2023-07-06T09:35:01+00:00\",\"dateModified\":\"2023-11-28T18:07:42+00:00\",\"description\":\"Oferujemy us\u0142ugi transportu zw\u0142ok zar\u00f3wno w Warszawie, jak i na terenie ca\u0142ej Polsce. Transport zw\u0142ok i repatriacja. Dom pogrzebowy Warszawa\",\"inLanguage\":\"pl-PL\",\"potentialAction\":[{\"@type\":\"ReadAction\",\"target\":[\"https:\/\/warszawa.sereni.pl\/pl\/transportu-i-repatriacji\/\"]}]},{\"@type\":\"WebSite\",\"@id\":\"https:\/\/amabilis.sereni.pl\/pl\/#website\",\"url\":\"https:\/\/amabilis.sereni.pl\/pl\/\",\"name\":\"\u015ar\u00f3dmie\u015bcie\",\"description\":\"Us\u0142ugi pogrzebowe Warszawa \u015ar\u00f3dmie\u015bcie\",\"potentialAction\":[{\"@type\":\"SearchAction\",\"target\":{\"@type\":\"EntryPoint\",\"urlTemplate\":\"https:\/\/amabilis.sereni.pl\/pl\/?s={search_term_string}\"},\"query-input\":{\"@type\":\"PropertyValueSpecification\",\"valueRequired\":true,\"valueName\":\"search_term_string\"}}],\"inLanguage\":\"pl-PL\"}]}<\/script>\n<!-- \/ Yoast SEO plugin. -->","yoast_head_json":{"title":"Transport i repatriacja - \u015ar\u00f3dmie\u015bcie","description":"Oferujemy us\u0142ugi transportu zw\u0142ok zar\u00f3wno w Warszawie, jak i na terenie ca\u0142ej Polsce. Transport zw\u0142ok i repatriacja. Dom pogrzebowy Warszawa","robots":{"index":"index","follow":"follow","max-snippet":"max-snippet:-1","max-image-preview":"max-image-preview:large","max-video-preview":"max-video-preview:-1"},"canonical":"https:\/\/warszawa.sereni.pl\/pl\/transportu-i-repatriacji\/","og_locale":"pl_PL","og_type":"article","og_title":"Transport i repatriacja - \u015ar\u00f3dmie\u015bcie","og_description":"Oferujemy us\u0142ugi transportu zw\u0142ok zar\u00f3wno w Warszawie, jak i na terenie ca\u0142ej Polsce. Transport zw\u0142ok i repatriacja. Dom pogrzebowy Warszawa","og_url":"https:\/\/warszawa.sereni.pl\/pl\/transportu-i-repatriacji\/","og_site_name":"\u015ar\u00f3dmie\u015bcie","article_modified_time":"2023-11-28T18:07:42+00:00","twitter_card":"summary_large_image","schema":{"@context":"https:\/\/schema.org","@graph":[{"@type":"WebPage","@id":"https:\/\/warszawa.sereni.pl\/pl\/transportu-i-repatriacji\/","url":"https:\/\/warszawa.sereni.pl\/pl\/transportu-i-repatriacji\/","name":"Transport i repatriacja - \u015ar\u00f3dmie\u015bcie","isPartOf":{"@id":"https:\/\/amabilis.sereni.pl\/pl\/#website"},"datePublished":"2023-07-06T09:35:01+00:00","dateModified":"2023-11-28T18:07:42+00:00","description":"Oferujemy us\u0142ugi transportu zw\u0142ok zar\u00f3wno w Warszawie, jak i na terenie ca\u0142ej Polsce. Transport zw\u0142ok i repatriacja. Dom pogrzebowy Warszawa","inLanguage":"pl-PL","potentialAction":[{"@type":"ReadAction","target":["https:\/\/warszawa.sereni.pl\/pl\/transportu-i-repatriacji\/"]}]},{"@type":"WebSite","@id":"https:\/\/amabilis.sereni.pl\/pl\/#website","url":"https:\/\/amabilis.sereni.pl\/pl\/","name":"\u015ar\u00f3dmie\u015bcie","description":"Us\u0142ugi pogrzebowe Warszawa \u015ar\u00f3dmie\u015bcie","potentialAction":[{"@type":"SearchAction","target":{"@type":"EntryPoint","urlTemplate":"https:\/\/amabilis.sereni.pl\/pl\/?s={search_term_string}"},"query-input":{"@type":"PropertyValueSpecification","valueRequired":true,"valueName":"search_term_string"}}],"inLanguage":"pl-PL"}]}},"_links":{"self":[{"href":"https:\/\/warszawa.sereni.pl\/pl\/wp-json\/wp\/v2\/pages\/165","targetHints":{"allow":["GET"]}}],"collection":[{"href":"https:\/\/warszawa.sereni.pl\/pl\/wp-json\/wp\/v2\/pages"}],"about":[{"href":"https:\/\/warszawa.sereni.pl\/pl\/wp-json\/wp\/v2\/types\/page"}],"author":[{"embeddable":true,"href":"https:\/\/warszawa.sereni.pl\/pl\/wp-json\/wp\/v2\/users\/1"}],"replies":[{"embeddable":true,"href":"https:\/\/warszawa.sereni.pl\/pl\/wp-json\/wp\/v2\/comments?post=165"}],"version-history":[{"count":20,"href":"https:\/\/warszawa.sereni.pl\/pl\/wp-json\/wp\/v2\/pages\/165\/revisions"}],"predecessor-version":[{"id":1504,"href":"https:\/\/warszawa.sereni.pl\/pl\/wp-json\/wp\/v2\/pages\/165\/revisions\/1504"}],"wp:attachment":[{"href":"https:\/\/warszawa.sereni.pl\/pl\/wp-json\/wp\/v2\/media?parent=165"}],"curies":[{"name":"wp","href":"https:\/\/api.w.org\/{rel}","templated":true}]}}