{"id":159,"date":"2023-07-06T11:31:35","date_gmt":"2023-07-06T09:31:35","guid":{"rendered":"https:\/\/warszawa.sereni.pl\/?page_id=159"},"modified":"2024-01-02T11:42:52","modified_gmt":"2024-01-02T10:42:52","slug":"kremacja","status":"publish","type":"page","link":"https:\/\/warszawa.sereni.pl\/pl\/kremacja\/","title":{"rendered":"Poch\u00f3wek urnowy"},"content":{"rendered":"\n<div id=\"block-main-banner-block_c02e678dff230e16fd6e3d96eae21b2c\" class=\"block-main-banner\">\n    <div class=\"container\">\n        <div class=\"banner-wrap layout2 content_right content_top\">\n            <div class=\"banner-image\">\n                                                            <img loading=\"lazy\" decoding=\"async\" width=\"1440\" height=\"960\" src=\"https:\/\/shop.sereni.pl\/app\/uploads\/sites\/4\/2024\/01\/GS__4253-1-kopia-1-1440x960.jpg\" class=\"attachment-full-stretched size-full-stretched\" alt=\"Poch\u00f3wek urnowy\" srcset=\"https:\/\/shop.sereni.pl\/app\/uploads\/sites\/4\/2024\/01\/GS__4253-1-kopia-1-1440x960.jpg 1440w, https:\/\/shop.sereni.pl\/app\/uploads\/sites\/4\/2024\/01\/GS__4253-1-kopia-1-300x200.jpg 300w, https:\/\/shop.sereni.pl\/app\/uploads\/sites\/4\/2024\/01\/GS__4253-1-kopia-1-1024x683.jpg 1024w, https:\/\/shop.sereni.pl\/app\/uploads\/sites\/4\/2024\/01\/GS__4253-1-kopia-1-768x512.jpg 768w, https:\/\/shop.sereni.pl\/app\/uploads\/sites\/4\/2024\/01\/GS__4253-1-kopia-1-1536x1024.jpg 1536w, https:\/\/shop.sereni.pl\/app\/uploads\/sites\/4\/2024\/01\/GS__4253-1-kopia-1-2048x1365.jpg 2048w, https:\/\/shop.sereni.pl\/app\/uploads\/sites\/4\/2024\/01\/GS__4253-1-kopia-1-450x300.jpg 450w, https:\/\/shop.sereni.pl\/app\/uploads\/sites\/4\/2024\/01\/GS__4253-1-kopia-1-1300x867.jpg 1300w\" sizes=\"auto, (max-width: 1440px) 100vw, 1440px\" title=\"Poch\u00f3wek urnowy\" \/>                                                <\/div>\n\n                            <div class=\"banner-content\">\n                    <div class=\"inner\">\n                        <h3>Pogrzeb z kremacj\u0105<\/h3>\n<p>Kremacja zmar\u0142ego jest rodzajem poch\u00f3wku katolickiego oraz \u015awieckiego. Kompleksowo zajmujemy si\u0119 procesem zwi\u0105zanym z organizacj\u0105 tego rodzaju poch\u00f3wku, od wszelkich przygotowa\u0144 po ostatnie po\u017cegnanie zmar\u0142ego i ceremoni\u0119 spalenia.<\/p>\n<p>W ramach pogrzebu kremacyjnego zapewniamy:<\/p>\n<ul>\n<li>Przechowanie cia\u0142a zmar\u0142ej osoby<\/li>\n<li>Trumny do kremacji dost\u0119pne na miejscu<\/li>\n<li>Przygotowanie ostatniego po\u017cegnania<\/li>\n<li>Transport cia\u0142a do krematorium<\/li>\n<li>Obs\u0142ug\u0119 ceremonii spalenia<\/li>\n<li>Szeroki wyb\u00f3r urn<\/li>\n<li>Umieszczenie popio\u0142\u00f3w zmar\u0142ego w urnie<\/li>\n<li>Przygotowanie poch\u00f3wku na cmentarzu<\/li>\n<\/ul>\n<p>&nbsp;<\/p>\n                    <\/div>\n                <\/div>\n                    <\/div>\n    <\/div>\n<\/div>\n\n\n\n<div id=\"block-main-banner-block_cec957da5ac8d0dee0c2711683622c74\" class=\"block-main-banner\">\n    <div class=\"container\">\n        <div class=\"banner-wrap layout2 content_right content_top\">\n            <div class=\"banner-image\">\n                                                            <img loading=\"lazy\" decoding=\"async\" width=\"1440\" height=\"757\" src=\"https:\/\/shop.sereni.pl\/app\/uploads\/sites\/4\/2023\/08\/CMS_Nekrolog_4841-e1693467846519-1440x757.jpg\" class=\"attachment-full-stretched size-full-stretched\" alt=\"Poch\u00f3wek urnowy\" srcset=\"https:\/\/shop.sereni.pl\/app\/uploads\/sites\/4\/2023\/08\/CMS_Nekrolog_4841-e1693467846519-1440x757.jpg 1440w, https:\/\/shop.sereni.pl\/app\/uploads\/sites\/4\/2023\/08\/CMS_Nekrolog_4841-e1693467846519-300x158.jpg 300w, https:\/\/shop.sereni.pl\/app\/uploads\/sites\/4\/2023\/08\/CMS_Nekrolog_4841-e1693467846519-1024x538.jpg 1024w, https:\/\/shop.sereni.pl\/app\/uploads\/sites\/4\/2023\/08\/CMS_Nekrolog_4841-e1693467846519-768x404.jpg 768w, https:\/\/shop.sereni.pl\/app\/uploads\/sites\/4\/2023\/08\/CMS_Nekrolog_4841-e1693467846519-1536x807.jpg 1536w, https:\/\/shop.sereni.pl\/app\/uploads\/sites\/4\/2023\/08\/CMS_Nekrolog_4841-e1693467846519-500x263.jpg 500w, https:\/\/shop.sereni.pl\/app\/uploads\/sites\/4\/2023\/08\/CMS_Nekrolog_4841-e1693467846519-1300x683.jpg 1300w, https:\/\/shop.sereni.pl\/app\/uploads\/sites\/4\/2023\/08\/CMS_Nekrolog_4841-e1693467846519.jpg 1764w\" sizes=\"auto, (max-width: 1440px) 100vw, 1440px\" title=\"Poch\u00f3wek urnowy\" \/>                                                <\/div>\n\n                            <div class=\"banner-content\">\n                    <div class=\"inner\">\n                        <h3>Jak przebiega kremacja?<\/h3>\n<ul>\n<li class=\"elementor-icon-list-item\"><span class=\"elementor-icon-list-text\">Najpierw zmar\u0142y jest przygotowywane do kremacji, podobnie jak przy tradycyjnym poch\u00f3wku. Nast\u0119pnie na \u017cyczenie rodziny mo\u017ce odby\u0107 si\u0119 ostatnie po\u017cegnanie zmar\u0142ej osoby w kaplicy lub innym miejscu.<\/span><\/li>\n<li class=\"elementor-icon-list-item\"><span class=\"elementor-icon-list-text\">Kremacja trwa ok. 2h i ko\u0144czy si\u0119 aktem umieszczenia popio\u0142\u00f3w w urnie. Zajmujemy si\u0119 transportem do i z krematorium.<\/span><\/li>\n<li class=\"elementor-icon-list-item\"><span class=\"elementor-icon-list-text\">Na specjalne \u017cyczenie mo\u017cliwe jest przygotowanie \u201erelikwiarzy\u201d czyli ma\u0142ych urn z ma\u0142\u0105 ilo\u015bci\u0105 popio\u0142\u00f3w zmar\u0142ej osoby na pami\u0105tk\u0119.<\/span><i class=\"fas fa-circle\" aria-hidden=\"true\"><\/i><\/li>\n<li class=\"elementor-icon-list-item\"><span class=\"elementor-icon-list-text\">Po ceremonii kremacji odbywa si\u0119 poch\u00f3wek w spos\u00f3b wybrany przez rodzin\u0119.<\/span><\/li>\n<\/ul>\n                    <\/div>\n                <\/div>\n                    <\/div>\n    <\/div>\n<\/div>\n\n\n\n<div id=\"block-main-banner-block_68384d43ec458941d957d22668c45572\" class=\"block-main-banner\">\n    <div class=\"container\">\n        <div class=\"banner-wrap layout2 content_left content_top\">\n            <div class=\"banner-image\">\n                                                            <img loading=\"lazy\" decoding=\"async\" width=\"1440\" height=\"960\" src=\"https:\/\/shop.sereni.pl\/app\/uploads\/sites\/4\/2024\/01\/GS__4251-kopia-1440x960.jpg\" class=\"attachment-full-stretched size-full-stretched\" alt=\"Poch\u00f3wek urnowy\" srcset=\"https:\/\/shop.sereni.pl\/app\/uploads\/sites\/4\/2024\/01\/GS__4251-kopia-1440x960.jpg 1440w, https:\/\/shop.sereni.pl\/app\/uploads\/sites\/4\/2024\/01\/GS__4251-kopia-300x200.jpg 300w, https:\/\/shop.sereni.pl\/app\/uploads\/sites\/4\/2024\/01\/GS__4251-kopia-1024x683.jpg 1024w, https:\/\/shop.sereni.pl\/app\/uploads\/sites\/4\/2024\/01\/GS__4251-kopia-768x512.jpg 768w, https:\/\/shop.sereni.pl\/app\/uploads\/sites\/4\/2024\/01\/GS__4251-kopia-1536x1024.jpg 1536w, https:\/\/shop.sereni.pl\/app\/uploads\/sites\/4\/2024\/01\/GS__4251-kopia-2048x1365.jpg 2048w, https:\/\/shop.sereni.pl\/app\/uploads\/sites\/4\/2024\/01\/GS__4251-kopia-450x300.jpg 450w, https:\/\/shop.sereni.pl\/app\/uploads\/sites\/4\/2024\/01\/GS__4251-kopia-1300x867.jpg 1300w\" sizes=\"auto, (max-width: 1440px) 100vw, 1440px\" title=\"Poch\u00f3wek urnowy\" \/>                                                <\/div>\n\n                            <div class=\"banner-content\">\n                    <div class=\"inner\">\n                        <h3>Urny<\/h3>\n<p>Rodziny zmar\u0142ych mog\u0105 wybra\u0107 z naszej oferty odpowiedni\u0105 urn\u0119, zgodn\u0105 z rodzinnymi tradycjami i wiar\u0105. W ofercie posiadamy zar\u00f3wno urny katolickie, jak i \u015bwieckie wykonane z metalu, kamienia, ceramiczne, drewniane i inne.<\/p>\n                    <\/div>\n                <\/div>\n                    <\/div>\n    <\/div>\n<\/div>\n","protected":false},"excerpt":{"rendered":"","protected":false},"author":1,"featured_media":0,"parent":0,"menu_order":0,"comment_status":"closed","ping_status":"closed","template":"","meta":{"_acf_changed":false,"footnotes":""},"class_list":["post-159","page","type-page","status-publish","hentry"],"acf":[],"yoast_head":"<!-- This site is optimized with the Yoast SEO plugin v25.8 - https:\/\/yoast.com\/wordpress\/plugins\/seo\/ -->\n<title>Poch\u00f3wek urnowy - \u015ar\u00f3dmie\u015bcie<\/title>\n<meta name=\"description\" content=\"Oferujemy us\u0142ugi kremacyjne na terenie \u015ar\u00f3dmie\u015bcia Warszawy i okolic. Sprzeda\u017c urn oraz organizacja pogrzeb\u00f3w urnowych w Warszawie\" \/>\n<meta name=\"robots\" content=\"index, follow, max-snippet:-1, max-image-preview:large, max-video-preview:-1\" \/>\n<link rel=\"canonical\" href=\"https:\/\/warszawa.sereni.pl\/pl\/kremacja\/\" \/>\n<meta property=\"og:locale\" content=\"pl_PL\" \/>\n<meta property=\"og:type\" content=\"article\" \/>\n<meta property=\"og:title\" content=\"Poch\u00f3wek urnowy - \u015ar\u00f3dmie\u015bcie\" \/>\n<meta property=\"og:description\" content=\"Oferujemy us\u0142ugi kremacyjne na terenie \u015ar\u00f3dmie\u015bcia Warszawy i okolic. Sprzeda\u017c urn oraz organizacja pogrzeb\u00f3w urnowych w Warszawie\" \/>\n<meta property=\"og:url\" content=\"https:\/\/warszawa.sereni.pl\/pl\/kremacja\/\" \/>\n<meta property=\"og:site_name\" content=\"\u015ar\u00f3dmie\u015bcie\" \/>\n<meta property=\"article:modified_time\" content=\"2024-01-02T10:42:52+00:00\" \/>\n<meta name=\"twitter:card\" content=\"summary_large_image\" \/>\n<script type=\"application\/ld+json\" class=\"yoast-schema-graph\">{\"@context\":\"https:\/\/schema.org\",\"@graph\":[{\"@type\":\"WebPage\",\"@id\":\"https:\/\/warszawa.sereni.pl\/pl\/kremacja\/\",\"url\":\"https:\/\/warszawa.sereni.pl\/pl\/kremacja\/\",\"name\":\"Poch\u00f3wek urnowy - \u015ar\u00f3dmie\u015bcie\",\"isPartOf\":{\"@id\":\"https:\/\/amabilis.sereni.pl\/pl\/#website\"},\"datePublished\":\"2023-07-06T09:31:35+00:00\",\"dateModified\":\"2024-01-02T10:42:52+00:00\",\"description\":\"Oferujemy us\u0142ugi kremacyjne na terenie \u015ar\u00f3dmie\u015bcia Warszawy i okolic. Sprzeda\u017c urn oraz organizacja pogrzeb\u00f3w urnowych w Warszawie\",\"inLanguage\":\"pl-PL\",\"potentialAction\":[{\"@type\":\"ReadAction\",\"target\":[\"https:\/\/warszawa.sereni.pl\/pl\/kremacja\/\"]}]},{\"@type\":\"WebSite\",\"@id\":\"https:\/\/amabilis.sereni.pl\/pl\/#website\",\"url\":\"https:\/\/amabilis.sereni.pl\/pl\/\",\"name\":\"\u015ar\u00f3dmie\u015bcie\",\"description\":\"Us\u0142ugi pogrzebowe Warszawa \u015ar\u00f3dmie\u015bcie\",\"potentialAction\":[{\"@type\":\"SearchAction\",\"target\":{\"@type\":\"EntryPoint\",\"urlTemplate\":\"https:\/\/amabilis.sereni.pl\/pl\/?s={search_term_string}\"},\"query-input\":{\"@type\":\"PropertyValueSpecification\",\"valueRequired\":true,\"valueName\":\"search_term_string\"}}],\"inLanguage\":\"pl-PL\"}]}<\/script>\n<!-- \/ Yoast SEO plugin. -->","yoast_head_json":{"title":"Poch\u00f3wek urnowy - \u015ar\u00f3dmie\u015bcie","description":"Oferujemy us\u0142ugi kremacyjne na terenie \u015ar\u00f3dmie\u015bcia Warszawy i okolic. Sprzeda\u017c urn oraz organizacja pogrzeb\u00f3w urnowych w Warszawie","robots":{"index":"index","follow":"follow","max-snippet":"max-snippet:-1","max-image-preview":"max-image-preview:large","max-video-preview":"max-video-preview:-1"},"canonical":"https:\/\/warszawa.sereni.pl\/pl\/kremacja\/","og_locale":"pl_PL","og_type":"article","og_title":"Poch\u00f3wek urnowy - \u015ar\u00f3dmie\u015bcie","og_description":"Oferujemy us\u0142ugi kremacyjne na terenie \u015ar\u00f3dmie\u015bcia Warszawy i okolic. Sprzeda\u017c urn oraz organizacja pogrzeb\u00f3w urnowych w Warszawie","og_url":"https:\/\/warszawa.sereni.pl\/pl\/kremacja\/","og_site_name":"\u015ar\u00f3dmie\u015bcie","article_modified_time":"2024-01-02T10:42:52+00:00","twitter_card":"summary_large_image","schema":{"@context":"https:\/\/schema.org","@graph":[{"@type":"WebPage","@id":"https:\/\/warszawa.sereni.pl\/pl\/kremacja\/","url":"https:\/\/warszawa.sereni.pl\/pl\/kremacja\/","name":"Poch\u00f3wek urnowy - \u015ar\u00f3dmie\u015bcie","isPartOf":{"@id":"https:\/\/amabilis.sereni.pl\/pl\/#website"},"datePublished":"2023-07-06T09:31:35+00:00","dateModified":"2024-01-02T10:42:52+00:00","description":"Oferujemy us\u0142ugi kremacyjne na terenie \u015ar\u00f3dmie\u015bcia Warszawy i okolic. Sprzeda\u017c urn oraz organizacja pogrzeb\u00f3w urnowych w Warszawie","inLanguage":"pl-PL","potentialAction":[{"@type":"ReadAction","target":["https:\/\/warszawa.sereni.pl\/pl\/kremacja\/"]}]},{"@type":"WebSite","@id":"https:\/\/amabilis.sereni.pl\/pl\/#website","url":"https:\/\/amabilis.sereni.pl\/pl\/","name":"\u015ar\u00f3dmie\u015bcie","description":"Us\u0142ugi pogrzebowe Warszawa \u015ar\u00f3dmie\u015bcie","potentialAction":[{"@type":"SearchAction","target":{"@type":"EntryPoint","urlTemplate":"https:\/\/amabilis.sereni.pl\/pl\/?s={search_term_string}"},"query-input":{"@type":"PropertyValueSpecification","valueRequired":true,"valueName":"search_term_string"}}],"inLanguage":"pl-PL"}]}},"_links":{"self":[{"href":"https:\/\/warszawa.sereni.pl\/pl\/wp-json\/wp\/v2\/pages\/159","targetHints":{"allow":["GET"]}}],"collection":[{"href":"https:\/\/warszawa.sereni.pl\/pl\/wp-json\/wp\/v2\/pages"}],"about":[{"href":"https:\/\/warszawa.sereni.pl\/pl\/wp-json\/wp\/v2\/types\/page"}],"author":[{"embeddable":true,"href":"https:\/\/warszawa.sereni.pl\/pl\/wp-json\/wp\/v2\/users\/1"}],"replies":[{"embeddable":true,"href":"https:\/\/warszawa.sereni.pl\/pl\/wp-json\/wp\/v2\/comments?post=159"}],"version-history":[{"count":36,"href":"https:\/\/warszawa.sereni.pl\/pl\/wp-json\/wp\/v2\/pages\/159\/revisions"}],"predecessor-version":[{"id":1656,"href":"https:\/\/warszawa.sereni.pl\/pl\/wp-json\/wp\/v2\/pages\/159\/revisions\/1656"}],"wp:attachment":[{"href":"https:\/\/warszawa.sereni.pl\/pl\/wp-json\/wp\/v2\/media?parent=159"}],"curies":[{"name":"wp","href":"https:\/\/api.w.org\/{rel}","templated":true}]}}