{"id":15,"date":"2023-03-10T07:18:39","date_gmt":"2023-03-10T06:18:39","guid":{"rendered":"https:\/\/warszawa.sereni.pl\/?page_id=15"},"modified":"2024-01-02T11:40:12","modified_gmt":"2024-01-02T10:40:12","slug":"home","status":"publish","type":"page","link":"https:\/\/warszawa.sereni.pl\/pl\/","title":{"rendered":"Strona startowa"},"content":{"rendered":"<div id=\"block-masonry-block_4cf9a5c9cb6fd83756e76544ee2cc348\" class=\"block-masonry\">\n    <div class=\"container\">\n        <div class=\"widget-wrap\">\n                                                \n                    <div class=\"element light-font text-from-bottom\">\n                                                    <div class=\"image-wrap\">\n                                <img loading=\"lazy\" decoding=\"async\" width=\"683\" height=\"1024\" src=\"https:\/\/shop.sereni.pl\/app\/uploads\/sites\/4\/2024\/01\/GS__4266-kopia-683x1024.jpg\" class=\"attachment-large size-large\" alt=\"Strona startowa\" srcset=\"https:\/\/shop.sereni.pl\/app\/uploads\/sites\/4\/2024\/01\/GS__4266-kopia-683x1024.jpg 683w, https:\/\/shop.sereni.pl\/app\/uploads\/sites\/4\/2024\/01\/GS__4266-kopia-200x300.jpg 200w, https:\/\/shop.sereni.pl\/app\/uploads\/sites\/4\/2024\/01\/GS__4266-kopia-768x1152.jpg 768w, https:\/\/shop.sereni.pl\/app\/uploads\/sites\/4\/2024\/01\/GS__4266-kopia-1024x1536.jpg 1024w, https:\/\/shop.sereni.pl\/app\/uploads\/sites\/4\/2024\/01\/GS__4266-kopia-1365x2048.jpg 1365w, https:\/\/shop.sereni.pl\/app\/uploads\/sites\/4\/2024\/01\/GS__4266-kopia-867x1300.jpg 867w, https:\/\/shop.sereni.pl\/app\/uploads\/sites\/4\/2024\/01\/GS__4266-kopia-960x1440.jpg 960w, https:\/\/shop.sereni.pl\/app\/uploads\/sites\/4\/2024\/01\/GS__4266-kopia-scaled.jpg 1707w\" sizes=\"auto, (max-width: 683px) 100vw, 683px\" title=\"Strona startowa\" \/>                            <\/div>\n                        \n                                                    <div class=\"content-wrap\">\n                                <h4><strong>Empatia i zrozumienie<\/strong><strong><br \/>\npotrzeb<br \/>\nKontakt z lokaln\u0105<br \/>\nspo\u0142eczno\u015bci\u0105<br \/>\nNatychmiastowa pomoc<br \/>\nWarszawa i okolice<\/strong><\/h4>\n                            <\/div>\n                                            <\/div>\n                                    \n                    <div class=\"element\">\n                        \n                                                    <div class=\"content-wrap\">\n                                <h3>Zak\u0142ad Pogrzebowy \u015ar\u00f3dmie\u015bcie kompleksowa obs\u0142uga pogrzeb\u00f3w, dla Ciebie 24\/7.<\/h3>\n<p>Je\u015bli jeste\u015bcie Pa\u0144stwo w tej delikatnej i trudnej sytuacji prosz\u0119 przyj\u0105\u0107 od nas g\u0142\u0119bokie wyrazy wsp\u00f3\u0142czucia, dobrze wiemy jaki jest to wielki b\u00f3l i strata. Ju\u017c od kilkudziesi\u0119ciu lat pomagamy rodzinom w tych momentach i z godno\u015bci\u0105\u00a0i wielkim szacunkiem pomo\u017cemy te\u017c Pa\u0144stwu. Zapraszamy do <a style=\"font-weight: bold;\" href=\"https:\/\/warszawa.sereni.pl\/pl\/contact\/\">kontaktu<\/a> pod ca\u0142odobowymi numerami telefon\u00f3w: 22 625 42 37 lub 22 625 43 69.<\/p>\n                            <\/div>\n                                            <\/div>\n                                    \n                    <div class=\"element text-from-bottom\">\n                                                    <div class=\"image-wrap\">\n                                <img loading=\"lazy\" decoding=\"async\" width=\"1024\" height=\"683\" src=\"https:\/\/shop.sereni.pl\/app\/uploads\/sites\/4\/2024\/01\/GS__4243-kopia-1024x683.jpg\" class=\"attachment-large size-large\" alt=\"Strona startowa\" srcset=\"https:\/\/shop.sereni.pl\/app\/uploads\/sites\/4\/2024\/01\/GS__4243-kopia-1024x683.jpg 1024w, https:\/\/shop.sereni.pl\/app\/uploads\/sites\/4\/2024\/01\/GS__4243-kopia-300x200.jpg 300w, https:\/\/shop.sereni.pl\/app\/uploads\/sites\/4\/2024\/01\/GS__4243-kopia-768x512.jpg 768w, https:\/\/shop.sereni.pl\/app\/uploads\/sites\/4\/2024\/01\/GS__4243-kopia-1536x1024.jpg 1536w, https:\/\/shop.sereni.pl\/app\/uploads\/sites\/4\/2024\/01\/GS__4243-kopia-2048x1365.jpg 2048w, https:\/\/shop.sereni.pl\/app\/uploads\/sites\/4\/2024\/01\/GS__4243-kopia-450x300.jpg 450w, https:\/\/shop.sereni.pl\/app\/uploads\/sites\/4\/2024\/01\/GS__4243-kopia-1300x867.jpg 1300w, https:\/\/shop.sereni.pl\/app\/uploads\/sites\/4\/2024\/01\/GS__4243-kopia-1440x960.jpg 1440w\" sizes=\"auto, (max-width: 1024px) 100vw, 1024px\" title=\"Strona startowa\" \/>                            <\/div>\n                        \n                                            <\/div>\n                                    \n                    <div class=\"element theme-bg light-font\">\n                        \n                                                    <div class=\"content-wrap\">\n                                <h3>Historia firmy Zak\u0142ad Pogrzebowy \u015ar\u00f3dmie\u015bcie.<\/h3>\n<p class=\"p1\">Od kilkudziesi\u0119ciu lat zak\u0142ad pogrzebowy, mieszcz\u0105cy si\u0119 przy ul. Wilczej 16 w \u015ar\u00f3dmie\u015bciu, pomaga organizowa\u0107 ceremonie pogrzebowe i godnie po\u017cegna\u0107 bliskie osoby. Zak\u0142ad Pogrzebowy \u015ar\u00f3dmie\u015bcie kontynuuje wieloletnie tradycje obs\u0142ugi mieszka\u0144c\u00f3w \u015ar\u00f3dmie\u015bcia i pomaga rodzinom przechodz\u0105cym przez trudne chwile, nios\u0105c wsparcie i zrozumienie. Doskonale wiemy, \u017ce pogrzeb to nie tylko sprawa do za\u0142atwienia, ale wydarzenie, kt\u00f3re zostanie w pami\u0119ci na zawsze. Dlatego z ogromnym profesjonalizmem,\u00a0 staranno\u015bci\u0105 o szczeg\u00f3\u0142y i z poszanowaniem tradycji organizujemy ceremonie pogrzebowe, kt\u00f3re pozwalaj\u0105 godnie po\u017cegna\u0107 bliskich w ich ostatniej podr\u00f3\u017cy&#8230;<\/p>\n<p><a class=\"link-with-arrow\" href=\"https:\/\/warszawa.sereni.pl\/pl\/historia-firmy\/\">Historia firmy<\/a><\/p>\n                            <\/div>\n                                            <\/div>\n                                    \n                    <div class=\"element theme-bg light-font\">\n                        \n                                                    <div class=\"content-wrap\">\n                                <h3>&#8220;Umar\u0142ych wieczno\u015b\u0107 dot\u0105d trwa, dok\u0105d pami\u0119ci\u0105 im si\u0119 p\u0142aci&#8221;<\/h3>\n<p><em>Wis\u0142awa Szymborska<\/em><\/p>\n<p><span class=\"jCAhz ChMk0b\"><span class=\"ryNqvb\">Zaakceptowanie smutku i jednoczesne przywr\u00f3cenie w\u0142asnego \u017cycia na w\u0142a\u015bciwe tory jest niezwykle trudne. Utrata ukochanej osoby na zawsze b\u0119dzie cz\u0119\u015bci\u0105 Twojego \u017cycia.<\/span><\/span>\u00a0<span class=\"jCAhz ChMk0b\"><span class=\"ryNqvb\">Dobra i odpowiednia opieka pomo\u017ce w akceptacji utraty ukochanej osoby.\u00a0<\/span><\/span><\/p>\n<p><a class=\"btn btn-primary\" href=\"https:\/\/warszawa.sereni.pl\/pl\/pogrzeb\/\">Organizacja pogrzebu<\/a><\/p>\n                            <\/div>\n                                            <\/div>\n                                    \n                    <div class=\"element\">\n                                                    <div class=\"image-wrap\">\n                                <img loading=\"lazy\" decoding=\"async\" width=\"683\" height=\"1024\" src=\"https:\/\/shop.sereni.pl\/app\/uploads\/sites\/4\/2023\/10\/almos-bechtold-d9Y3rLu_j48-unsplash-683x1024.jpg\" class=\"attachment-large size-large\" alt=\"Strona startowa\" srcset=\"https:\/\/shop.sereni.pl\/app\/uploads\/sites\/4\/2023\/10\/almos-bechtold-d9Y3rLu_j48-unsplash-683x1024.jpg 683w, https:\/\/shop.sereni.pl\/app\/uploads\/sites\/4\/2023\/10\/almos-bechtold-d9Y3rLu_j48-unsplash-200x300.jpg 200w, https:\/\/shop.sereni.pl\/app\/uploads\/sites\/4\/2023\/10\/almos-bechtold-d9Y3rLu_j48-unsplash-768x1152.jpg 768w, https:\/\/shop.sereni.pl\/app\/uploads\/sites\/4\/2023\/10\/almos-bechtold-d9Y3rLu_j48-unsplash-1024x1536.jpg 1024w, https:\/\/shop.sereni.pl\/app\/uploads\/sites\/4\/2023\/10\/almos-bechtold-d9Y3rLu_j48-unsplash-1365x2048.jpg 1365w, https:\/\/shop.sereni.pl\/app\/uploads\/sites\/4\/2023\/10\/almos-bechtold-d9Y3rLu_j48-unsplash-867x1300.jpg 867w, https:\/\/shop.sereni.pl\/app\/uploads\/sites\/4\/2023\/10\/almos-bechtold-d9Y3rLu_j48-unsplash-960x1440.jpg 960w, https:\/\/shop.sereni.pl\/app\/uploads\/sites\/4\/2023\/10\/almos-bechtold-d9Y3rLu_j48-unsplash-scaled.jpg 1706w\" sizes=\"auto, (max-width: 683px) 100vw, 683px\" title=\"Strona startowa\" \/>                            <\/div>\n                        \n                                            <\/div>\n                                    \n                    <div class=\"element text-from-bottom\">\n                        \n                                                    <div class=\"content-wrap\">\n                                <h3>Kilkadziesi\u0105t lat do\u015bwiadczenia<\/h3>\n<div class=\"spotlight__content type-j\">\n<p>Od kilkudziesi\u0119ciu lat wspieramy rodziny przechodz\u0105ce przez trudne chwile, nios\u0105c zrozumienie i wsparcie. Doskonale zdajemy sobie spraw\u0119, \u017ce pogrzeb to wydarzenie, kt\u00f3re na zawsze pozostanie w pami\u0119ci, a nie tylko sprawa do za\u0142atwienia. Dlatego z ogromnym profesjonalizmem, dba\u0142o\u015bci\u0105 o szczeg\u00f3\u0142y i z poszanowaniem tradycji organizujemy ceremonie pogrzebowe, pozwalaj\u0105ce po\u017cegna\u0107 bliskich w ich ostatniej drodze.<\/p>\n<\/div>\n<p><strong><a class=\"link-with-arrow\" href=\"https:\/\/warszawa.sereni.pl\/pl\/rejon-aktywnosci\/\">Nasz lokal \/ Biuro mobilne<\/a><\/strong><\/p>\n                            <\/div>\n                                            <\/div>\n                                    \n                    <div class=\"element\">\n                                                    <div class=\"image-wrap\">\n                                <img loading=\"lazy\" decoding=\"async\" width=\"683\" height=\"1024\" src=\"https:\/\/shop.sereni.pl\/app\/uploads\/sites\/4\/2023\/08\/CMS_Nekrolog_4792-683x1024.jpg\" class=\"attachment-large size-large\" alt=\"Strona startowa\" srcset=\"https:\/\/shop.sereni.pl\/app\/uploads\/sites\/4\/2023\/08\/CMS_Nekrolog_4792-683x1024.jpg 683w, https:\/\/shop.sereni.pl\/app\/uploads\/sites\/4\/2023\/08\/CMS_Nekrolog_4792-200x300.jpg 200w, https:\/\/shop.sereni.pl\/app\/uploads\/sites\/4\/2023\/08\/CMS_Nekrolog_4792-768x1152.jpg 768w, https:\/\/shop.sereni.pl\/app\/uploads\/sites\/4\/2023\/08\/CMS_Nekrolog_4792-1024x1536.jpg 1024w, https:\/\/shop.sereni.pl\/app\/uploads\/sites\/4\/2023\/08\/CMS_Nekrolog_4792-867x1300.jpg 867w, https:\/\/shop.sereni.pl\/app\/uploads\/sites\/4\/2023\/08\/CMS_Nekrolog_4792-960x1440.jpg 960w, https:\/\/shop.sereni.pl\/app\/uploads\/sites\/4\/2023\/08\/CMS_Nekrolog_4792.jpg 1200w\" sizes=\"auto, (max-width: 683px) 100vw, 683px\" title=\"Strona startowa\" \/>                            <\/div>\n                        \n                                            <\/div>\n                                    \n                    <div class=\"element text-from-bottom\">\n                                                    <div class=\"image-wrap\">\n                                <img loading=\"lazy\" decoding=\"async\" width=\"1024\" height=\"683\" src=\"https:\/\/shop.sereni.pl\/app\/uploads\/sites\/4\/2024\/01\/GS__4253-1-kopia-1024x683.jpg\" class=\"attachment-large size-large\" alt=\"Strona startowa\" srcset=\"https:\/\/shop.sereni.pl\/app\/uploads\/sites\/4\/2024\/01\/GS__4253-1-kopia-1024x683.jpg 1024w, https:\/\/shop.sereni.pl\/app\/uploads\/sites\/4\/2024\/01\/GS__4253-1-kopia-300x200.jpg 300w, https:\/\/shop.sereni.pl\/app\/uploads\/sites\/4\/2024\/01\/GS__4253-1-kopia-768x512.jpg 768w, https:\/\/shop.sereni.pl\/app\/uploads\/sites\/4\/2024\/01\/GS__4253-1-kopia-1536x1024.jpg 1536w, https:\/\/shop.sereni.pl\/app\/uploads\/sites\/4\/2024\/01\/GS__4253-1-kopia-2048x1365.jpg 2048w, https:\/\/shop.sereni.pl\/app\/uploads\/sites\/4\/2024\/01\/GS__4253-1-kopia-450x300.jpg 450w, https:\/\/shop.sereni.pl\/app\/uploads\/sites\/4\/2024\/01\/GS__4253-1-kopia-1300x867.jpg 1300w, https:\/\/shop.sereni.pl\/app\/uploads\/sites\/4\/2024\/01\/GS__4253-1-kopia-1440x960.jpg 1440w\" sizes=\"auto, (max-width: 1024px) 100vw, 1024px\" title=\"Strona startowa\" \/>                            <\/div>\n                        \n                                                    <div class=\"content-wrap\">\n                                <p><a class=\"btn btn-secondary\" href=\"https:\/\/warszawa.sereni.pl\/pl\/wsparcie-w-zalobie\/\">Wsparcie w \u017ca\u0142obie<\/a><\/p>\n                            <\/div>\n                                            <\/div>\n                                    \n                    <div class=\"element\">\n                        \n                                                    <div class=\"content-wrap\">\n                                <h3>Odnowiony zak\u0142ad pogrzebowy Wilcza 16 \/ Biuro mobilne<\/h3>\n<p>Z nasz\u0105 pomoc\u0105 decydujesz, jak b\u0119dzie przebiega\u0107 ostatnie po\u017cegnanie.<\/p>\n<p><a class=\"btn btn-primary\" href=\"https:\/\/warszawa.sereni.pl\/pl\/rejon-aktywnosci\/\">Wi\u0119cej informacji<\/a><\/p>\n                            <\/div>\n                                            <\/div>\n                                    \n                    <div class=\"element theme-bg light-font\">\n                        \n                                                    <div class=\"content-wrap\">\n                                <h3>Ka\u017cde po\u017cegnanie nigdy nie jest \u0142atwe i przychodzi niespodziewanie<\/h3>\n<p>W razie jakiekolwiek pyta\u0144 lub w\u0105tpliwo\u015bci dotycz\u0105cych planowania pogrzebu, mo\u017cesz bez \u017cadnych zobowi\u0105za\u0144 si\u0119 z nami skontaktowa\u0107.<\/p>\n<p><a class=\"link-with-arrow\" href=\"https:\/\/warszawa.sereni.pl\/pl\/contact\/\">Skontaktuj si\u0119 z nami<\/a><\/p>\n<p>Informacj\u0119, kt\u00f3re mog\u0105 Ci pom\u00f3c Ci w \u017ca\u0142obie, pocieszy\u0107 lub zainspirowa\u0107 znajdziesz na naszym <strong>blogu<\/strong>.<\/p>\n<p><a class=\"link-with-arrow\" href=\"https:\/\/warszawa.sereni.pl\/pl\/?page_id=19\" target=\"_blank\" rel=\"noopener\">Wiecej informacji<\/a><\/p>\n                            <\/div>\n                                            <\/div>\n                                    \n                    <div class=\"element\">\n                                                    <div class=\"image-wrap\">\n                                <img loading=\"lazy\" decoding=\"async\" width=\"1024\" height=\"683\" src=\"https:\/\/shop.sereni.pl\/app\/uploads\/sites\/4\/2024\/01\/GS__4255-kopia-1024x683.jpg\" class=\"attachment-large size-large\" alt=\"Strona startowa\" srcset=\"https:\/\/shop.sereni.pl\/app\/uploads\/sites\/4\/2024\/01\/GS__4255-kopia-1024x683.jpg 1024w, https:\/\/shop.sereni.pl\/app\/uploads\/sites\/4\/2024\/01\/GS__4255-kopia-300x200.jpg 300w, https:\/\/shop.sereni.pl\/app\/uploads\/sites\/4\/2024\/01\/GS__4255-kopia-768x512.jpg 768w, https:\/\/shop.sereni.pl\/app\/uploads\/sites\/4\/2024\/01\/GS__4255-kopia-1536x1024.jpg 1536w, https:\/\/shop.sereni.pl\/app\/uploads\/sites\/4\/2024\/01\/GS__4255-kopia-2048x1365.jpg 2048w, https:\/\/shop.sereni.pl\/app\/uploads\/sites\/4\/2024\/01\/GS__4255-kopia-450x300.jpg 450w, https:\/\/shop.sereni.pl\/app\/uploads\/sites\/4\/2024\/01\/GS__4255-kopia-1300x867.jpg 1300w, https:\/\/shop.sereni.pl\/app\/uploads\/sites\/4\/2024\/01\/GS__4255-kopia-1440x960.jpg 1440w\" sizes=\"auto, (max-width: 1024px) 100vw, 1024px\" title=\"Strona startowa\" \/>                            <\/div>\n                        \n                                            <\/div>\n                                    <\/div>\n    <\/div>\n<\/div>\n\n\n\n<p class=\"normal\"><\/p>\n","protected":false},"excerpt":{"rendered":"","protected":false},"author":1,"featured_media":0,"parent":0,"menu_order":0,"comment_status":"closed","ping_status":"closed","template":"","meta":{"_acf_changed":false,"footnotes":""},"class_list":["post-15","page","type-page","status-publish","hentry"],"acf":[],"yoast_head":"<!-- This site is optimized with the Yoast SEO plugin v25.8 - https:\/\/yoast.com\/wordpress\/plugins\/seo\/ -->\n<title>Strona startowa - \u015ar\u00f3dmie\u015bcie<\/title>\n<meta name=\"description\" content=\"Sereni \u015ar\u00f3dmie\u015bcie jest wiod\u0105cym domem pogrzebowym w Warszawie. \u015awiadczymy szeroki zakres us\u0142ug zwi\u0105zanych z pogrzebem.\" \/>\n<meta name=\"robots\" content=\"index, follow, max-snippet:-1, max-image-preview:large, max-video-preview:-1\" \/>\n<link rel=\"canonical\" href=\"https:\/\/warszawa.sereni.pl\/pl\/\" \/>\n<meta property=\"og:locale\" content=\"pl_PL\" \/>\n<meta property=\"og:type\" content=\"article\" \/>\n<meta property=\"og:title\" content=\"Strona startowa - \u015ar\u00f3dmie\u015bcie\" \/>\n<meta property=\"og:description\" content=\"Sereni \u015ar\u00f3dmie\u015bcie jest wiod\u0105cym domem pogrzebowym w Warszawie. \u015awiadczymy szeroki zakres us\u0142ug zwi\u0105zanych z pogrzebem.\" \/>\n<meta property=\"og:url\" content=\"https:\/\/warszawa.sereni.pl\/pl\/\" \/>\n<meta property=\"og:site_name\" content=\"\u015ar\u00f3dmie\u015bcie\" \/>\n<meta property=\"article:modified_time\" content=\"2024-01-02T10:40:12+00:00\" \/>\n<meta name=\"twitter:card\" content=\"summary_large_image\" \/>\n<script type=\"application\/ld+json\" class=\"yoast-schema-graph\">{\"@context\":\"https:\/\/schema.org\",\"@graph\":[{\"@type\":\"WebPage\",\"@id\":\"https:\/\/warszawa.sereni.pl\/pl\/\",\"url\":\"https:\/\/warszawa.sereni.pl\/pl\/\",\"name\":\"Strona startowa - \u015ar\u00f3dmie\u015bcie\",\"isPartOf\":{\"@id\":\"https:\/\/amabilis.sereni.pl\/pl\/#website\"},\"datePublished\":\"2023-03-10T06:18:39+00:00\",\"dateModified\":\"2024-01-02T10:40:12+00:00\",\"description\":\"Sereni \u015ar\u00f3dmie\u015bcie jest wiod\u0105cym domem pogrzebowym w Warszawie. \u015awiadczymy szeroki zakres us\u0142ug zwi\u0105zanych z pogrzebem.\",\"inLanguage\":\"pl-PL\",\"potentialAction\":[{\"@type\":\"ReadAction\",\"target\":[\"https:\/\/warszawa.sereni.pl\/pl\/\"]}]},{\"@type\":\"WebSite\",\"@id\":\"https:\/\/amabilis.sereni.pl\/pl\/#website\",\"url\":\"https:\/\/amabilis.sereni.pl\/pl\/\",\"name\":\"\u015ar\u00f3dmie\u015bcie\",\"description\":\"Us\u0142ugi pogrzebowe Warszawa \u015ar\u00f3dmie\u015bcie\",\"potentialAction\":[{\"@type\":\"SearchAction\",\"target\":{\"@type\":\"EntryPoint\",\"urlTemplate\":\"https:\/\/amabilis.sereni.pl\/pl\/?s={search_term_string}\"},\"query-input\":{\"@type\":\"PropertyValueSpecification\",\"valueRequired\":true,\"valueName\":\"search_term_string\"}}],\"inLanguage\":\"pl-PL\"}]}<\/script>\n<!-- \/ Yoast SEO plugin. -->","yoast_head_json":{"title":"Strona startowa - \u015ar\u00f3dmie\u015bcie","description":"Sereni \u015ar\u00f3dmie\u015bcie jest wiod\u0105cym domem pogrzebowym w Warszawie. \u015awiadczymy szeroki zakres us\u0142ug zwi\u0105zanych z pogrzebem.","robots":{"index":"index","follow":"follow","max-snippet":"max-snippet:-1","max-image-preview":"max-image-preview:large","max-video-preview":"max-video-preview:-1"},"canonical":"https:\/\/warszawa.sereni.pl\/pl\/","og_locale":"pl_PL","og_type":"article","og_title":"Strona startowa - \u015ar\u00f3dmie\u015bcie","og_description":"Sereni \u015ar\u00f3dmie\u015bcie jest wiod\u0105cym domem pogrzebowym w Warszawie. \u015awiadczymy szeroki zakres us\u0142ug zwi\u0105zanych z pogrzebem.","og_url":"https:\/\/warszawa.sereni.pl\/pl\/","og_site_name":"\u015ar\u00f3dmie\u015bcie","article_modified_time":"2024-01-02T10:40:12+00:00","twitter_card":"summary_large_image","schema":{"@context":"https:\/\/schema.org","@graph":[{"@type":"WebPage","@id":"https:\/\/warszawa.sereni.pl\/pl\/","url":"https:\/\/warszawa.sereni.pl\/pl\/","name":"Strona startowa - \u015ar\u00f3dmie\u015bcie","isPartOf":{"@id":"https:\/\/amabilis.sereni.pl\/pl\/#website"},"datePublished":"2023-03-10T06:18:39+00:00","dateModified":"2024-01-02T10:40:12+00:00","description":"Sereni \u015ar\u00f3dmie\u015bcie jest wiod\u0105cym domem pogrzebowym w Warszawie. \u015awiadczymy szeroki zakres us\u0142ug zwi\u0105zanych z pogrzebem.","inLanguage":"pl-PL","potentialAction":[{"@type":"ReadAction","target":["https:\/\/warszawa.sereni.pl\/pl\/"]}]},{"@type":"WebSite","@id":"https:\/\/amabilis.sereni.pl\/pl\/#website","url":"https:\/\/amabilis.sereni.pl\/pl\/","name":"\u015ar\u00f3dmie\u015bcie","description":"Us\u0142ugi pogrzebowe Warszawa \u015ar\u00f3dmie\u015bcie","potentialAction":[{"@type":"SearchAction","target":{"@type":"EntryPoint","urlTemplate":"https:\/\/amabilis.sereni.pl\/pl\/?s={search_term_string}"},"query-input":{"@type":"PropertyValueSpecification","valueRequired":true,"valueName":"search_term_string"}}],"inLanguage":"pl-PL"}]}},"_links":{"self":[{"href":"https:\/\/warszawa.sereni.pl\/pl\/wp-json\/wp\/v2\/pages\/15","targetHints":{"allow":["GET"]}}],"collection":[{"href":"https:\/\/warszawa.sereni.pl\/pl\/wp-json\/wp\/v2\/pages"}],"about":[{"href":"https:\/\/warszawa.sereni.pl\/pl\/wp-json\/wp\/v2\/types\/page"}],"author":[{"embeddable":true,"href":"https:\/\/warszawa.sereni.pl\/pl\/wp-json\/wp\/v2\/users\/1"}],"replies":[{"embeddable":true,"href":"https:\/\/warszawa.sereni.pl\/pl\/wp-json\/wp\/v2\/comments?post=15"}],"version-history":[{"count":85,"href":"https:\/\/warszawa.sereni.pl\/pl\/wp-json\/wp\/v2\/pages\/15\/revisions"}],"predecessor-version":[{"id":1643,"href":"https:\/\/warszawa.sereni.pl\/pl\/wp-json\/wp\/v2\/pages\/15\/revisions\/1643"}],"wp:attachment":[{"href":"https:\/\/warszawa.sereni.pl\/pl\/wp-json\/wp\/v2\/media?parent=15"}],"curies":[{"name":"wp","href":"https:\/\/api.w.org\/{rel}","templated":true}]}}