{"id":148,"date":"2023-07-05T16:57:51","date_gmt":"2023-07-05T14:57:51","guid":{"rendered":"https:\/\/warszawa.sereni.pl\/?page_id=148"},"modified":"2024-01-02T11:41:27","modified_gmt":"2024-01-02T10:41:27","slug":"pogrzeb","status":"publish","type":"page","link":"https:\/\/warszawa.sereni.pl\/pl\/pogrzeb\/","title":{"rendered":"Organizacja pogrzebu tradycyjnego lub \u015bwieckiego w Warszawie i okolicy"},"content":{"rendered":"\n<div id=\"block-main-banner-block_ee76d91f25188e875d66d64e27c2b59e\" class=\"block-main-banner\">\n    <div class=\"container\">\n        <div class=\"banner-wrap layout1 content_left content_top\">\n            <div class=\"banner-image\">\n                                                            <img loading=\"lazy\" decoding=\"async\" width=\"1440\" height=\"960\" src=\"https:\/\/shop.sereni.pl\/app\/uploads\/sites\/4\/2024\/01\/GS__4252-kopia-1440x960.jpg\" class=\"attachment-full-stretched size-full-stretched\" alt=\"Organizacja pogrzebu tradycyjnego lub \u015bwieckiego w Warszawie i okolicy\" srcset=\"https:\/\/shop.sereni.pl\/app\/uploads\/sites\/4\/2024\/01\/GS__4252-kopia-1440x960.jpg 1440w, https:\/\/shop.sereni.pl\/app\/uploads\/sites\/4\/2024\/01\/GS__4252-kopia-300x200.jpg 300w, https:\/\/shop.sereni.pl\/app\/uploads\/sites\/4\/2024\/01\/GS__4252-kopia-1024x683.jpg 1024w, https:\/\/shop.sereni.pl\/app\/uploads\/sites\/4\/2024\/01\/GS__4252-kopia-768x512.jpg 768w, https:\/\/shop.sereni.pl\/app\/uploads\/sites\/4\/2024\/01\/GS__4252-kopia-1536x1024.jpg 1536w, https:\/\/shop.sereni.pl\/app\/uploads\/sites\/4\/2024\/01\/GS__4252-kopia-2048x1365.jpg 2048w, https:\/\/shop.sereni.pl\/app\/uploads\/sites\/4\/2024\/01\/GS__4252-kopia-450x300.jpg 450w, https:\/\/shop.sereni.pl\/app\/uploads\/sites\/4\/2024\/01\/GS__4252-kopia-1300x867.jpg 1300w\" sizes=\"auto, (max-width: 1440px) 100vw, 1440px\" title=\"Organizacja pogrzebu tradycyjnego lub \u015bwieckiego w Warszawie i okolicy\" \/>                                                <\/div>\n\n                            <div class=\"banner-content\">\n                    <div class=\"inner\">\n                        <p>W obliczu pe\u0142nych smutku, trudnych chwil pomagamy rodzinom zmar\u0142ych os\u00f3b w za\u0142atwieniu niezb\u0119dnych formalno\u015bci oraz przygotowaniu po\u017cegnania bliskich. Od kilkudziesi\u0119ciu lat, szanuj\u0105c tradycj\u0119, wspieramy rodziny w oddawaniu ho\u0142du zmar\u0142ym.<\/p>\n<p>Zajmiemy si\u0119 w kompleksowy spos\u00f3b przygotowaniem wszystkich etap\u00f3w poch\u00f3wku:<\/p>\n<ul>\n<li>Transportem osoby zmar\u0142ej r\u00f3wnie\u017c z innych miast<\/li>\n<li>Za\u0142atwieniem formalno\u015bci w ZUS<\/li>\n<li>Przygotowaniem cia\u0142a do ostatniej drogi<\/li>\n<li>Przechowaniem cia\u0142a zmar\u0142ej osoby do czasu pogrzebu<\/li>\n<li>Wyborem odpowiedniej trumny<\/li>\n<li>Transportem na miejsce uroczysto\u015bci pogrzebowej i na cmentarz<\/li>\n<li>Obs\u0142ug\u0105 ceremonii na cmentarzu<\/li>\n<li>Na \u017cyczenie rodziny przygotujemy r\u00f3wnie\u017c wie\u0144ce i kwiaty pogrzebowe.<\/li>\n<\/ul>\n                    <\/div>\n                <\/div>\n                    <\/div>\n    <\/div>\n<\/div>\n\n\n<div id=\"block-variable-content-list-block_0e745faddaa74b79b8a3fbfd184e6e8f\" class=\"block-variable-content-list aligncenter alt_1\">\n    <div class=\"container\">\n        <div class=\"widget-wrap per_row_2\">\n                        <div class=\"block-content\">\n                                                                                    <div class=\"element\">\n                                                            \n                                \n                                                                    <div class=\"content-wrap\">\n                                        <h3>Czego \u017cyczy\u0142 sobie zmar\u0142y? Jakie s\u0105 oczekiwania wobec miejsca pami\u0119ci?<\/h3>\n<p>Takie pytania odgrywaj\u0105 wa\u017cn\u0105 rol\u0119 w wyborze mi\u0119dzy poch\u00f3wkiem w trumnie a kremacj\u0105 z p\u00f3\u017aniejszym poch\u00f3wkiem urny.<\/p>\n<p>Zgodnie z Polskimi przepisami zar\u00f3wno poch\u00f3wek tradycyjny jak i urnowy jest mo\u017cliwy tylko na cmentarzu. Niemniej w obydw\u00f3ch przypadkach jest mo\u017cliwych kilka opcji poch\u00f3wku &#8211; poch\u00f3wek w grobowcu rodzinnym, pojedynczej kwaterze, kolumbarium. Przeprowadzimy Ci\u0119 przez wszystkie procedury i doradzimy jak najlepiej spe\u0142ni\u0107 \u017cyczenie zmar\u0142ego.<\/p>\n<p>Koszty poch\u00f3wku zale\u017c\u0105 od kilku czynnik\u00f3w. Wsp\u00f3lnie z Tob\u0105 opracujemy plan uwzgl\u0119dniaj\u0105cy Tw\u00f3j bud\u017cet.<\/p>\n<p style=\"text-align: left;\"><a class=\"btn btn-primary\" href=\"https:\/\/www.nekrolog.sereni.pl\/kontakt\/\">Skontaktuj si\u0119 z nami<\/a><\/p>\n                                    <\/div>\n                                                                                    <\/div>\n                                                                    <div class=\"element\">\n                                                            \n                                \n                                                                    <div class=\"content-wrap\">\n                                        <h3 style=\"text-align: left;\">Oprawa muzyczna gratis do ka\u017cdego pogrzebu w Warszawie i okolicznych miejscowo\u015bciach<\/h3>\n<p style=\"text-align: left;\">\u200bDla ka\u017cdego organizuj\u0105cego pogrzeb z naszym wsparciem oferujemy opraw\u0119 muzyczn\u0105 na \u017cywo w postaci utworu wykonywanego na tr\u0105bce. Je\u017celi jednak masz inne preferencje ch\u0119tnie je wsp\u00f3lnie om\u00f3wimy<\/p>\n                                    <\/div>\n                                                                                    <\/div>\n                                                <\/div>\n        <\/div>\n    <\/div>\n<\/div>\n","protected":false},"excerpt":{"rendered":"","protected":false},"author":1,"featured_media":0,"parent":0,"menu_order":0,"comment_status":"closed","ping_status":"closed","template":"","meta":{"_acf_changed":false,"footnotes":""},"class_list":["post-148","page","type-page","status-publish","hentry"],"acf":[],"yoast_head":"<!-- This site is optimized with the Yoast SEO plugin v25.8 - https:\/\/yoast.com\/wordpress\/plugins\/seo\/ -->\n<title>Organizacja pogrzebu tradycyjnego lub \u015bwieckiego w Warszawie i okolicy<\/title>\n<meta name=\"description\" content=\"Pe\u0142ne wsparcie w organizacji pogrzebu tradycyjnego oraz pogrzebu kremacyjnego Warszawa \u015ar\u00f3dmie\u015bcie, Mokot\u00f3w, Ochota, Powi\u015ble, Wola\" \/>\n<meta name=\"robots\" content=\"index, follow, max-snippet:-1, max-image-preview:large, max-video-preview:-1\" \/>\n<link rel=\"canonical\" href=\"https:\/\/warszawa.sereni.pl\/pl\/pogrzeb\/\" \/>\n<meta property=\"og:locale\" content=\"pl_PL\" \/>\n<meta property=\"og:type\" content=\"article\" \/>\n<meta property=\"og:title\" content=\"Organizacja pogrzebu tradycyjnego lub \u015bwieckiego w Warszawie i okolicy\" \/>\n<meta property=\"og:description\" content=\"Pe\u0142ne wsparcie w organizacji pogrzebu tradycyjnego oraz pogrzebu kremacyjnego Warszawa \u015ar\u00f3dmie\u015bcie, Mokot\u00f3w, Ochota, Powi\u015ble, Wola\" \/>\n<meta property=\"og:url\" content=\"https:\/\/warszawa.sereni.pl\/pl\/pogrzeb\/\" \/>\n<meta property=\"og:site_name\" content=\"\u015ar\u00f3dmie\u015bcie\" \/>\n<meta property=\"article:modified_time\" content=\"2024-01-02T10:41:27+00:00\" \/>\n<meta name=\"twitter:card\" content=\"summary_large_image\" \/>\n<script type=\"application\/ld+json\" class=\"yoast-schema-graph\">{\"@context\":\"https:\/\/schema.org\",\"@graph\":[{\"@type\":\"WebPage\",\"@id\":\"https:\/\/warszawa.sereni.pl\/pl\/pogrzeb\/\",\"url\":\"https:\/\/warszawa.sereni.pl\/pl\/pogrzeb\/\",\"name\":\"Organizacja pogrzebu tradycyjnego lub \u015bwieckiego w Warszawie i okolicy\",\"isPartOf\":{\"@id\":\"https:\/\/amabilis.sereni.pl\/pl\/#website\"},\"datePublished\":\"2023-07-05T14:57:51+00:00\",\"dateModified\":\"2024-01-02T10:41:27+00:00\",\"description\":\"Pe\u0142ne wsparcie w organizacji pogrzebu tradycyjnego oraz pogrzebu kremacyjnego Warszawa \u015ar\u00f3dmie\u015bcie, Mokot\u00f3w, Ochota, Powi\u015ble, Wola\",\"inLanguage\":\"pl-PL\",\"potentialAction\":[{\"@type\":\"ReadAction\",\"target\":[\"https:\/\/warszawa.sereni.pl\/pl\/pogrzeb\/\"]}]},{\"@type\":\"WebSite\",\"@id\":\"https:\/\/amabilis.sereni.pl\/pl\/#website\",\"url\":\"https:\/\/amabilis.sereni.pl\/pl\/\",\"name\":\"\u015ar\u00f3dmie\u015bcie\",\"description\":\"Us\u0142ugi pogrzebowe Warszawa \u015ar\u00f3dmie\u015bcie\",\"potentialAction\":[{\"@type\":\"SearchAction\",\"target\":{\"@type\":\"EntryPoint\",\"urlTemplate\":\"https:\/\/amabilis.sereni.pl\/pl\/?s={search_term_string}\"},\"query-input\":{\"@type\":\"PropertyValueSpecification\",\"valueRequired\":true,\"valueName\":\"search_term_string\"}}],\"inLanguage\":\"pl-PL\"}]}<\/script>\n<!-- \/ Yoast SEO plugin. -->","yoast_head_json":{"title":"Organizacja pogrzebu tradycyjnego lub \u015bwieckiego w Warszawie i okolicy","description":"Pe\u0142ne wsparcie w organizacji pogrzebu tradycyjnego oraz pogrzebu kremacyjnego Warszawa \u015ar\u00f3dmie\u015bcie, Mokot\u00f3w, Ochota, Powi\u015ble, Wola","robots":{"index":"index","follow":"follow","max-snippet":"max-snippet:-1","max-image-preview":"max-image-preview:large","max-video-preview":"max-video-preview:-1"},"canonical":"https:\/\/warszawa.sereni.pl\/pl\/pogrzeb\/","og_locale":"pl_PL","og_type":"article","og_title":"Organizacja pogrzebu tradycyjnego lub \u015bwieckiego w Warszawie i okolicy","og_description":"Pe\u0142ne wsparcie w organizacji pogrzebu tradycyjnego oraz pogrzebu kremacyjnego Warszawa \u015ar\u00f3dmie\u015bcie, Mokot\u00f3w, Ochota, Powi\u015ble, Wola","og_url":"https:\/\/warszawa.sereni.pl\/pl\/pogrzeb\/","og_site_name":"\u015ar\u00f3dmie\u015bcie","article_modified_time":"2024-01-02T10:41:27+00:00","twitter_card":"summary_large_image","schema":{"@context":"https:\/\/schema.org","@graph":[{"@type":"WebPage","@id":"https:\/\/warszawa.sereni.pl\/pl\/pogrzeb\/","url":"https:\/\/warszawa.sereni.pl\/pl\/pogrzeb\/","name":"Organizacja pogrzebu tradycyjnego lub \u015bwieckiego w Warszawie i okolicy","isPartOf":{"@id":"https:\/\/amabilis.sereni.pl\/pl\/#website"},"datePublished":"2023-07-05T14:57:51+00:00","dateModified":"2024-01-02T10:41:27+00:00","description":"Pe\u0142ne wsparcie w organizacji pogrzebu tradycyjnego oraz pogrzebu kremacyjnego Warszawa \u015ar\u00f3dmie\u015bcie, Mokot\u00f3w, Ochota, Powi\u015ble, Wola","inLanguage":"pl-PL","potentialAction":[{"@type":"ReadAction","target":["https:\/\/warszawa.sereni.pl\/pl\/pogrzeb\/"]}]},{"@type":"WebSite","@id":"https:\/\/amabilis.sereni.pl\/pl\/#website","url":"https:\/\/amabilis.sereni.pl\/pl\/","name":"\u015ar\u00f3dmie\u015bcie","description":"Us\u0142ugi pogrzebowe Warszawa \u015ar\u00f3dmie\u015bcie","potentialAction":[{"@type":"SearchAction","target":{"@type":"EntryPoint","urlTemplate":"https:\/\/amabilis.sereni.pl\/pl\/?s={search_term_string}"},"query-input":{"@type":"PropertyValueSpecification","valueRequired":true,"valueName":"search_term_string"}}],"inLanguage":"pl-PL"}]}},"_links":{"self":[{"href":"https:\/\/warszawa.sereni.pl\/pl\/wp-json\/wp\/v2\/pages\/148","targetHints":{"allow":["GET"]}}],"collection":[{"href":"https:\/\/warszawa.sereni.pl\/pl\/wp-json\/wp\/v2\/pages"}],"about":[{"href":"https:\/\/warszawa.sereni.pl\/pl\/wp-json\/wp\/v2\/types\/page"}],"author":[{"embeddable":true,"href":"https:\/\/warszawa.sereni.pl\/pl\/wp-json\/wp\/v2\/users\/1"}],"replies":[{"embeddable":true,"href":"https:\/\/warszawa.sereni.pl\/pl\/wp-json\/wp\/v2\/comments?post=148"}],"version-history":[{"count":63,"href":"https:\/\/warszawa.sereni.pl\/pl\/wp-json\/wp\/v2\/pages\/148\/revisions"}],"predecessor-version":[{"id":1647,"href":"https:\/\/warszawa.sereni.pl\/pl\/wp-json\/wp\/v2\/pages\/148\/revisions\/1647"}],"wp:attachment":[{"href":"https:\/\/warszawa.sereni.pl\/pl\/wp-json\/wp\/v2\/media?parent=148"}],"curies":[{"name":"wp","href":"https:\/\/api.w.org\/{rel}","templated":true}]}}